{"id":7095,"date":"2018-05-09T10:24:17","date_gmt":"2018-05-09T08:24:17","guid":{"rendered":"http:\/\/www.thema-med.com\/?page_id=7095"},"modified":"2023-06-15T14:53:00","modified_gmt":"2023-06-15T12:53:00","slug":"representante-local","status":"publish","type":"page","link":"https:\/\/www.thema-med.com\/es\/servicios\/representante-local\/","title":{"rendered":"REPRESENTANTE LOCAL"},"content":{"rendered":"<div style=\"float: left; width: 70%;\">\n<p><img decoding=\"async\" class=\"size-medium wp-image-10373\" src=\"http:\/\/www.thema-med.com\/wp-content\/uploads\/2019\/09\/local-representative--300x200.jpg\" alt=\"\" width=\"300\" height=\"200\" \/><\/p>\n<p><strong>Traemos tu empresa a todo el mundo<\/strong><\/p>\n<p>Para acceder a los mercados extranjeros de dispositivos m\u00e9dicos, a menudo es necesario designar un <em>Representante Local<\/em>: representante local autorizado responsable del registro y de las relaciones con las Autoridades Reguladoras del Pa\u00eds de referencia y de las actividades post-mercado.<\/p>\n<p>A trav\u00e9s de ese servicio, te garantizamos el control total de tus registros haciendo que sea independiente de tus distribuidores.<\/p>\n<p>Cuando as\u00ed est\u00e9 previsto, en complementariedad con el Representante Local, tambi\u00e9n proponemos el servicio de License Holder.<\/p>\n<p><strong>A continuaci\u00f3n se presentan algunas aplicaciones del servicio:<\/strong><\/p>\n<ul>\n<li><strong><a href=\"https:\/\/www.thema-med.com\/es\/comercializacion-de-un-dispositivo-medico-en-europa\/\">Europa<\/a><\/strong><a href=\"https:\/\/www.thema-med.com\/es\/comercializacion-de-un-dispositivo-medico-en-europa\/\">\u00a0<\/a>(<strong><a href=\"https:\/\/www.thema-med.com\/es\/servicios\/representante-local\/servicio-representante-autorizado-europeo\/\">Representante Autorizado Europeo \/ Mandatario \u00fanico para Europa \u2013 EU REP<\/a><\/strong>).<\/li>\n<li><a href=\"https:\/\/www.thema-med.com\/es\/registro-dispositivo-medico-reino-unido\/\"><strong>Reino Unido <\/strong><\/a>(<a href=\"https:\/\/www.thema-med.com\/es\/servicios\/representante-local\/servicio-de-uk-responsible-person-uk-rp\/\"><strong>UK Responsible Person \u2013 UKRP<\/strong><\/a>).<\/li>\n<li><a href=\"https:\/\/www.thema-med.com\/es\/registrar-un-dispositivo-medico-en-suiza\/\"><strong>Suiza<\/strong><\/a> (<a href=\"https:\/\/www.thema-med.com\/es\/servicios\/representante-local\/representante-autorizado-suizo\/\"><strong>Representante Autorizado Suizo<\/strong><\/a>).<\/li>\n<li><a href=\"https:\/\/www.thema-med.com\/es\/registro-de-un-dispositivo-medico-en-lo-estados-unidos\/\"><strong>U.S.A.\u00a0<\/strong><\/a>(<strong><a href=\"https:\/\/www.thema-med.com\/es\/us-agent\/\">US Agent<\/a><\/strong>, Official Correspondent, Contact Person,\u00a0<a href=\"https:\/\/www.thema-med.com\/es\/servicios\/representante-local\/servicio-de-us-initial-importer\/\"><strong>US Initial Importer<\/strong><\/a>,\u00a0<a href=\"https:\/\/www.thema-med.com\/es\/servicios\/representante-local\/servicio-de-us-electronic-medical-device-reporting\/\"><strong>US Electronic Medical Device Reporting<\/strong><\/a>).<\/li>\n<li><a href=\"https:\/\/www.thema-med.com\/es\/registro-de-un-dispositivo-medico-en-canada\/\"><strong>Canada\u00a0<\/strong><\/a>(Canadian Regulatory Correspondent).<\/li>\n<li><strong><a href=\"https:\/\/www.thema-med.com\/es\/registro-de-un-dispositivo-medico-en-australia\/\">Australia<\/a>\u00a0<\/strong>(Sponsor).<\/li>\n<li><strong><a href=\"https:\/\/www.thema-med.com\/es\/registro-de-un-dispositivo-medico-en-brasil\/\">Brasil<\/a>\u00a0<\/strong>(Brazilian Registration Holder \u2013 BRH).<\/li>\n<li><strong><a href=\"http:\/\/www.thema-med.com\/es\/registrar-un-dispositivo-medico-en-japon\/\">Jap\u00f3n<\/a>\u00a0<\/strong>(Marketing Authorization Holder \u2013 MAH e Designated Marketing Authorization Holder \u2013 DMAH).<\/li>\n<li><a href=\"http:\/\/www.thema-med.com\/es\/registrar-un-dispositivo-medico-en-corea-del-sur\/\"><strong>Corea del Sur\u00a0<\/strong><\/a>(Korean Licence Holder \u2013 KLH).<\/li>\n<li><strong><a href=\"http:\/\/www.thema-med.com\/es\/registrar-un-dispositivo-medico-en-mexico\/\">M\u00e9xico<\/a>\u00a0<\/strong>(Mexican Registration Holder \u2013 MRH).<\/li>\n<li><strong><a href=\"http:\/\/www.thema-med.com\/es\/registrar-un-dispositivo-medico-en-china\/\">China<\/a>\u00a0<\/strong>(Legal Agent).<\/li>\n<li><strong><a href=\"http:\/\/www.thema-med.com\/es\/registrar-un-dispositivo-medico-en-rusia\/\">Rusia y CEI pa\u00edses<\/a>\u00a0<\/strong>(Rappresentante Locale).<\/li>\n<li><strong><a href=\"https:\/\/www.thema-med.com\/es\/registrar-un-dispositivo-medico-en-argentina\/\">Argentina<\/a>\u00a0<\/strong>(Representante Local Autorizado \u2013 AAR).<\/li>\n<li><strong><a href=\"https:\/\/www.thema-med.com\/es\/registrar-un-dispositivo-medico-en-india\/\">India<\/a>\u00a0<\/strong>(Indian Authorized Representative \u2013 IAR).<\/li>\n<\/ul>\n<\/div>\n<div id=\"serviceslist\" style=\"float: left; width: 27%; margin-left: 1.5%; padding-left: 1.5%; border-left: 1px solid;\">\n<p><a href=\"https:\/\/www.thema-med.com\/es\/servicios\/kit-de-emergencia-ivdr\/\">Kit de Emergencia IVDR<\/a><\/p>\n<p><a href=\"https:\/\/www.thema-med.com\/es\/servicios\/nuevo-kit-de-emergencia-mdr\/\">Kit de Emergencia MDR<\/a><\/p>\n<p><a href=\"http:\/\/www.thema-med.com\/es\/servicios\/consultoria-estrategico-regulatoria\/\">Consultor\u00eda estrat\u00e9gico-regulatoria<\/a><\/p>\n<p><a href=\"http:\/\/www.thema-med.com\/es\/servicios\/apoyo-para-la-certificacion-ce\/\">Apoyo para la certificaci\u00f3n CE<\/a><\/p>\n<p><a href=\"http:\/\/www.thema-med.com\/es\/servicios\/registros-ministeriales-italianos-y-europeos\/\">Registros ministeriales italianos y europeos<\/a><\/p>\n<p><a href=\"http:\/\/www.thema-med.com\/es\/servicios\/registros-internacionales-fuera-de-la-ue\/\">Registros internacionales extra-UE<\/a><\/p>\n<p><a href=\"http:\/\/www.thema-med.com\/es\/servicios\/representante-local\/\">Representante Local<\/a><\/p>\n<p><a href=\"http:\/\/www.thema-med.com\/es\/servicios\/callida-y-bpf-internacionales\/\">Calidad y BPF internacionales<\/a><\/p>\n<\/div>\n","protected":false},"excerpt":{"rendered":"<p>Traemos tu empresa a todo el mundo Para acceder a los mercados extranjeros de dispositivos m\u00e9dicos, a menudo es necesario designar  [&#8230;]<\/p>\n","protected":false},"author":1,"featured_media":10313,"parent":7086,"menu_order":1,"comment_status":"closed","ping_status":"closed","template":"100-width.php","meta":{"_acf_changed":false,"_monsterinsights_skip_tracking":false,"_monsterinsights_sitenote_active":false,"_monsterinsights_sitenote_note":"","_monsterinsights_sitenote_category":0,"footnotes":""},"class_list":["post-7095","page","type-page","status-publish","has-post-thumbnail","hentry"],"acf":[],"yoast_head":"<!-- This site is optimized with the Yoast SEO plugin v26.0 - https:\/\/yoast.com\/wordpress\/plugins\/seo\/ -->\n<title>REPRESENTANTE LOCAL - Thema - Medical Regulatory Consultancy<\/title>\n<meta name=\"robots\" content=\"index, follow, max-snippet:-1, max-image-preview:large, max-video-preview:-1\" \/>\n<link rel=\"canonical\" href=\"https:\/\/www.thema-med.com\/es\/servicios\/representante-local\/\" \/>\n<meta property=\"og:locale\" content=\"es_ES\" \/>\n<meta property=\"og:type\" content=\"article\" \/>\n<meta property=\"og:title\" content=\"REPRESENTANTE LOCAL - Thema - Medical Regulatory Consultancy\" \/>\n<meta property=\"og:description\" content=\"Traemos tu empresa a todo el mundo Para acceder a los mercados extranjeros de dispositivos m\u00e9dicos, a menudo es necesario designar [...]\" \/>\n<meta property=\"og:url\" content=\"https:\/\/www.thema-med.com\/es\/servicios\/representante-local\/\" \/>\n<meta property=\"og:site_name\" content=\"Thema - Medical Regulatory Consultancy\" \/>\n<meta property=\"article:modified_time\" content=\"2023-06-15T12:53:00+00:00\" \/>\n<meta name=\"twitter:card\" content=\"summary_large_image\" \/>\n<meta name=\"twitter:label1\" content=\"Tiempo de lectura\" \/>\n\t<meta name=\"twitter:data1\" content=\"2 minutos\" \/>\n<script type=\"application\/ld+json\" class=\"yoast-schema-graph\">{\"@context\":\"https:\/\/schema.org\",\"@graph\":[{\"@type\":\"WebPage\",\"@id\":\"https:\/\/www.thema-med.com\/es\/servicios\/representante-local\/\",\"url\":\"https:\/\/www.thema-med.com\/es\/servicios\/representante-local\/\",\"name\":\"REPRESENTANTE LOCAL - Thema - Medical Regulatory Consultancy\",\"isPartOf\":{\"@id\":\"https:\/\/www.thema-med.com\/es\/#website\"},\"primaryImageOfPage\":{\"@id\":\"https:\/\/www.thema-med.com\/es\/servicios\/representante-local\/#primaryimage\"},\"image\":{\"@id\":\"https:\/\/www.thema-med.com\/es\/servicios\/representante-local\/#primaryimage\"},\"thumbnailUrl\":\"\",\"datePublished\":\"2018-05-09T08:24:17+00:00\",\"dateModified\":\"2023-06-15T12:53:00+00:00\",\"breadcrumb\":{\"@id\":\"https:\/\/www.thema-med.com\/es\/servicios\/representante-local\/#breadcrumb\"},\"inLanguage\":\"es\",\"potentialAction\":[{\"@type\":\"ReadAction\",\"target\":[\"https:\/\/www.thema-med.com\/es\/servicios\/representante-local\/\"]}]},{\"@type\":\"ImageObject\",\"inLanguage\":\"es\",\"@id\":\"https:\/\/www.thema-med.com\/es\/servicios\/representante-local\/#primaryimage\",\"url\":\"\",\"contentUrl\":\"\"},{\"@type\":\"BreadcrumbList\",\"@id\":\"https:\/\/www.thema-med.com\/es\/servicios\/representante-local\/#breadcrumb\",\"itemListElement\":[{\"@type\":\"ListItem\",\"position\":1,\"name\":\"Home\",\"item\":\"https:\/\/www.thema-med.com\/es\/\"},{\"@type\":\"ListItem\",\"position\":2,\"name\":\"Servicios\",\"item\":\"https:\/\/www.thema-med.com\/es\/servizi-consulenza-strategico-regolatoria-aziende-dispositivi-medici-strumenti-medicali-dispositivi-medico-diagnostici-in-vitro\/\"},{\"@type\":\"ListItem\",\"position\":3,\"name\":\"REPRESENTANTE LOCAL\"}]},{\"@type\":\"WebSite\",\"@id\":\"https:\/\/www.thema-med.com\/es\/#website\",\"url\":\"https:\/\/www.thema-med.com\/es\/\",\"name\":\"Thema - Medical Regulatory Consultancy\",\"description\":\"Quality and Regulatory Affairs for Medical Devices\",\"publisher\":{\"@id\":\"https:\/\/www.thema-med.com\/es\/#organization\"},\"potentialAction\":[{\"@type\":\"SearchAction\",\"target\":{\"@type\":\"EntryPoint\",\"urlTemplate\":\"https:\/\/www.thema-med.com\/es\/?s={search_term_string}\"},\"query-input\":{\"@type\":\"PropertyValueSpecification\",\"valueRequired\":true,\"valueName\":\"search_term_string\"}}],\"inLanguage\":\"es\"},{\"@type\":[\"Organization\",\"Place\"],\"@id\":\"https:\/\/www.thema-med.com\/es\/#organization\",\"name\":\"Thema\",\"alternateName\":\"Thema\",\"url\":\"https:\/\/www.thema-med.com\/es\/\",\"logo\":{\"@type\":\"ImageObject\",\"inLanguage\":\"es\",\"@id\":\"https:\/\/www.thema-med.com\/es\/#\/schema\/logo\/image\/\",\"url\":\"https:\/\/www.thema-med.com\/wp-content\/uploads\/2022\/11\/logo-Themasrl-COLOR-hires-2440.png\",\"contentUrl\":\"https:\/\/www.thema-med.com\/wp-content\/uploads\/2022\/11\/logo-Themasrl-COLOR-hires-2440.png\",\"width\":2440,\"height\":2851,\"caption\":\"Thema\"},\"image\":{\"@id\":\"https:\/\/www.thema-med.com\/es\/#\/schema\/logo\/image\/\"},\"sameAs\":[\"https:\/\/www.linkedin.com\/company\/thema-s-r-l-\/\"],\"mainEntityOfPage\":{\"@id\":\"https:\/\/www.thema-med.com\/es\/servicios\/representante-local\/\"}}]}<\/script>\n<!-- \/ Yoast SEO plugin. -->","yoast_head_json":{"title":"REPRESENTANTE LOCAL - Thema - Medical Regulatory Consultancy","robots":{"index":"index","follow":"follow","max-snippet":"max-snippet:-1","max-image-preview":"max-image-preview:large","max-video-preview":"max-video-preview:-1"},"canonical":"https:\/\/www.thema-med.com\/es\/servicios\/representante-local\/","og_locale":"es_ES","og_type":"article","og_title":"REPRESENTANTE LOCAL - Thema - Medical Regulatory Consultancy","og_description":"Traemos tu empresa a todo el mundo Para acceder a los mercados extranjeros de dispositivos m\u00e9dicos, a menudo es necesario designar [...]","og_url":"https:\/\/www.thema-med.com\/es\/servicios\/representante-local\/","og_site_name":"Thema - Medical Regulatory Consultancy","article_modified_time":"2023-06-15T12:53:00+00:00","twitter_card":"summary_large_image","twitter_misc":{"Tiempo de lectura":"2 minutos"},"schema":{"@context":"https:\/\/schema.org","@graph":[{"@type":"WebPage","@id":"https:\/\/www.thema-med.com\/es\/servicios\/representante-local\/","url":"https:\/\/www.thema-med.com\/es\/servicios\/representante-local\/","name":"REPRESENTANTE LOCAL - Thema - Medical Regulatory Consultancy","isPartOf":{"@id":"https:\/\/www.thema-med.com\/es\/#website"},"primaryImageOfPage":{"@id":"https:\/\/www.thema-med.com\/es\/servicios\/representante-local\/#primaryimage"},"image":{"@id":"https:\/\/www.thema-med.com\/es\/servicios\/representante-local\/#primaryimage"},"thumbnailUrl":"","datePublished":"2018-05-09T08:24:17+00:00","dateModified":"2023-06-15T12:53:00+00:00","breadcrumb":{"@id":"https:\/\/www.thema-med.com\/es\/servicios\/representante-local\/#breadcrumb"},"inLanguage":"es","potentialAction":[{"@type":"ReadAction","target":["https:\/\/www.thema-med.com\/es\/servicios\/representante-local\/"]}]},{"@type":"ImageObject","inLanguage":"es","@id":"https:\/\/www.thema-med.com\/es\/servicios\/representante-local\/#primaryimage","url":"","contentUrl":""},{"@type":"BreadcrumbList","@id":"https:\/\/www.thema-med.com\/es\/servicios\/representante-local\/#breadcrumb","itemListElement":[{"@type":"ListItem","position":1,"name":"Home","item":"https:\/\/www.thema-med.com\/es\/"},{"@type":"ListItem","position":2,"name":"Servicios","item":"https:\/\/www.thema-med.com\/es\/servizi-consulenza-strategico-regolatoria-aziende-dispositivi-medici-strumenti-medicali-dispositivi-medico-diagnostici-in-vitro\/"},{"@type":"ListItem","position":3,"name":"REPRESENTANTE LOCAL"}]},{"@type":"WebSite","@id":"https:\/\/www.thema-med.com\/es\/#website","url":"https:\/\/www.thema-med.com\/es\/","name":"Thema - Medical Regulatory Consultancy","description":"Quality and Regulatory Affairs for Medical Devices","publisher":{"@id":"https:\/\/www.thema-med.com\/es\/#organization"},"potentialAction":[{"@type":"SearchAction","target":{"@type":"EntryPoint","urlTemplate":"https:\/\/www.thema-med.com\/es\/?s={search_term_string}"},"query-input":{"@type":"PropertyValueSpecification","valueRequired":true,"valueName":"search_term_string"}}],"inLanguage":"es"},{"@type":["Organization","Place"],"@id":"https:\/\/www.thema-med.com\/es\/#organization","name":"Thema","alternateName":"Thema","url":"https:\/\/www.thema-med.com\/es\/","logo":{"@type":"ImageObject","inLanguage":"es","@id":"https:\/\/www.thema-med.com\/es\/#\/schema\/logo\/image\/","url":"https:\/\/www.thema-med.com\/wp-content\/uploads\/2022\/11\/logo-Themasrl-COLOR-hires-2440.png","contentUrl":"https:\/\/www.thema-med.com\/wp-content\/uploads\/2022\/11\/logo-Themasrl-COLOR-hires-2440.png","width":2440,"height":2851,"caption":"Thema"},"image":{"@id":"https:\/\/www.thema-med.com\/es\/#\/schema\/logo\/image\/"},"sameAs":["https:\/\/www.linkedin.com\/company\/thema-s-r-l-\/"],"mainEntityOfPage":{"@id":"https:\/\/www.thema-med.com\/es\/servicios\/representante-local\/"}}]}},"_links":{"self":[{"href":"https:\/\/www.thema-med.com\/es\/wp-json\/wp\/v2\/pages\/7095","targetHints":{"allow":["GET"]}}],"collection":[{"href":"https:\/\/www.thema-med.com\/es\/wp-json\/wp\/v2\/pages"}],"about":[{"href":"https:\/\/www.thema-med.com\/es\/wp-json\/wp\/v2\/types\/page"}],"author":[{"embeddable":true,"href":"https:\/\/www.thema-med.com\/es\/wp-json\/wp\/v2\/users\/1"}],"replies":[{"embeddable":true,"href":"https:\/\/www.thema-med.com\/es\/wp-json\/wp\/v2\/comments?post=7095"}],"version-history":[{"count":2,"href":"https:\/\/www.thema-med.com\/es\/wp-json\/wp\/v2\/pages\/7095\/revisions"}],"predecessor-version":[{"id":28166,"href":"https:\/\/www.thema-med.com\/es\/wp-json\/wp\/v2\/pages\/7095\/revisions\/28166"}],"up":[{"embeddable":true,"href":"https:\/\/www.thema-med.com\/es\/wp-json\/wp\/v2\/pages\/7086"}],"wp:featuredmedia":[{"embeddable":true,"href":"https:\/\/www.thema-med.com\/es\/wp-json\/"}],"wp:attachment":[{"href":"https:\/\/www.thema-med.com\/es\/wp-json\/wp\/v2\/media?parent=7095"}],"curies":[{"name":"wp","href":"https:\/\/api.w.org\/{rel}","templated":true}]}}