{"id":7089,"date":"2018-05-09T10:19:33","date_gmt":"2018-05-09T08:19:33","guid":{"rendered":"http:\/\/www.thema-med.com\/?page_id=7089"},"modified":"2023-07-25T18:13:28","modified_gmt":"2023-07-25T16:13:28","slug":"consultoria-estrategico-regulatoria","status":"publish","type":"page","link":"https:\/\/www.thema-med.com\/es\/servicios\/consultoria-estrategico-regulatoria\/","title":{"rendered":"CONSULENCIA ESTRAT\u00c9GICO-REGULATORIA"},"content":{"rendered":"<div class=\"fusion-fullwidth fullwidth-box fusion-builder-row-1 fusion-flex-container nonhundred-percent-fullwidth non-hundred-percent-height-scrolling\" style=\"--awb-border-radius-top-left:0px;--awb-border-radius-top-right:0px;--awb-border-radius-bottom-right:0px;--awb-border-radius-bottom-left:0px;--awb-flex-wrap:wrap;\" ><div class=\"fusion-builder-row fusion-row fusion-flex-align-items-flex-start fusion-flex-content-wrap\" style=\"max-width:1144px;margin-left: calc(-4% \/ 2 );margin-right: calc(-4% \/ 2 );\"><div class=\"fusion-layout-column fusion_builder_column fusion-builder-column-0 fusion_builder_column_1_1 1_1 fusion-flex-column\" style=\"--awb-bg-blend:overlay;--awb-bg-size:cover;--awb-width-large:100%;--awb-margin-top-large:0px;--awb-spacing-right-large:1.92%;--awb-margin-bottom-large:0px;--awb-spacing-left-large:1.92%;--awb-width-medium:100%;--awb-spacing-right-medium:1.92%;--awb-spacing-left-medium:1.92%;--awb-width-small:100%;--awb-spacing-right-small:1.92%;--awb-spacing-left-small:1.92%;\"><div class=\"fusion-column-wrapper fusion-flex-justify-content-flex-start fusion-content-layout-column\"><div class=\"fusion-text fusion-text-1\"><div style=\"float: left; width: 70%;\">\n<p><img decoding=\"async\" class=\"alignnone size-medium wp-image-9977\" src=\"https:\/\/www.thema-med.com\/wp-content\/uploads\/2019\/07\/thema-srl-consulenza-strategico-regolatoria-dispositivi-medici-ivd-300x200.jpg\" alt=\"\" width=\"300\" height=\"200\" \/><\/p>\n<p><strong>De la estrategia a la operatividad <\/strong><\/p>\n<p>Gracias a nuestros expertos, ofrecemos servicios de asesor\u00eda estrat\u00e9gica a empresas del sector m\u00e9dico, en el \u00e1mbito de las Actividades Reguladoras y Calidad, en el sitio y de forma remota.<\/p>\n<p><strong>Paso a paso a vuestro lado<\/strong><\/p>\n<p>Los expertos Thema siguen los complejos cambios en la regulaci\u00f3n y te gu\u00edan en las trasformaciones necesarias para operar con \u00e9xito en el sector de los dispositivos m\u00e9dicos y productos sanitarios para diagn\u00f3sticos in vitro.<\/p>\n<p><strong>Algunos servicios:<\/strong><\/p>\n<ul>\n<li>Definici\u00f3n de la estrategia reglamentaria de comercializaci\u00f3n.<\/li>\n<li><a href=\"https:\/\/www.thema-med.com\/es\/?page_id=28510\"><strong>HelpDesk &#8211; Rese\u00f1as en la plataforma en l\u00ednea.<\/strong><\/a><\/li>\n<li>Asesoramiento sobre la regulaci\u00f3n nacional e internacional.<\/li>\n<li>An\u00e1lisis de viabilidad para la comercializaci\u00f3n en el pa\u00eds destinatario.<\/li>\n<li><a style=\"color: var(--awb-custom12);\" href=\"https:\/\/www.thema-med.com\/es\/regtodate-servicio-de-actualizacion-de-la-normativa\/\"><b>RegToDate &#8211; Servicio de actualizaci\u00f3n de la normativa<\/b><\/a><span style=\"color: var(--awb-custom12);\">.<\/span><\/li>\n<li><span style=\"color: var(--awb-custom12);\"><a href=\"https:\/\/www.thema-med.com\/es\/descargar-template\/\"><b>Template.<\/b><\/a><br \/>\n<\/span><\/li>\n<li>Redacci\u00f3n del <em style=\"color: var(--awb-text-color); font-family: var(--awb-text-font-family); font-size: var(--awb-font-size); font-weight: var(--awb-text-font-weight); letter-spacing: var(--awb-letter-spacing); text-align: var(--awb-content-alignment); text-transform: var(--awb-text-transform); background-color: var(--awb-bg-color-hover);\">Quality Technical Agreement<\/em><span style=\"color: var(--awb-text-color); font-family: var(--awb-text-font-family); font-size: var(--awb-font-size); font-style: var(--awb-text-font-style); font-weight: var(--awb-text-font-weight); letter-spacing: var(--awb-letter-spacing); text-align: var(--awb-content-alignment); text-transform: var(--awb-text-transform); background-color: var(--awb-bg-color-hover);\"> (QTA).<\/span><\/li>\n<li>Inteligencia Regulatoria.<\/li>\n<\/ul>\n<\/div>\n<div id=\"serviceslist\" style=\"float: left; width: 27%; margin-left: 1.5%; padding-left: 1.5%; border-left: 1px solid;\">\n<p><a href=\"https:\/\/www.thema-med.com\/es\/servicios\/consultoria-estrategico-regulatoria\/\">Consulencia estrat\u00e9gico-regulatoria<\/a><\/p>\n<p><a href=\"https:\/\/www.thema-med.com\/es\/servicios\/apoyo-para-la-certificacion-ce\/\">Apoyo para la certificaci\u00f3n CE<\/a><\/p>\n<p><a href=\"https:\/\/www.thema-med.com\/es\/servicios\/registros-ministeriales-italianos-y-europeos\/\">Registros ministeriales italianos y europeos<\/a><\/p>\n<p><a href=\"https:\/\/www.thema-med.com\/es\/servicios\/registros-internacionales-fuera-de-la-ue\/\">Registros internacionales extra-UE<\/a><\/p>\n<p><a href=\"https:\/\/www.thema-med.com\/es\/servicios\/representante-local\/\">Representante Local<\/a><\/p>\n<p><a href=\"https:\/\/www.thema-med.com\/es\/servicios\/callida-y-bpf-internacionales\/\">Calidad y BPF internacionales<\/a><\/p>\n<\/div>\n<\/div><\/div><\/div><\/div><\/div>\n","protected":false},"excerpt":{"rendered":"","protected":false},"author":1,"featured_media":10313,"parent":7086,"menu_order":1,"comment_status":"closed","ping_status":"closed","template":"100-width.php","meta":{"_acf_changed":false,"_monsterinsights_skip_tracking":false,"_monsterinsights_sitenote_active":false,"_monsterinsights_sitenote_note":"","_monsterinsights_sitenote_category":0,"footnotes":""},"class_list":["post-7089","page","type-page","status-publish","has-post-thumbnail","hentry"],"acf":[],"yoast_head":"<!-- This site is optimized with the Yoast SEO plugin v26.0 - https:\/\/yoast.com\/wordpress\/plugins\/seo\/ -->\n<title>CONSULENCIA ESTRAT\u00c9GICO-REGULATORIA - Thema - Medical Regulatory Consultancy<\/title>\n<meta name=\"robots\" content=\"index, follow, max-snippet:-1, max-image-preview:large, max-video-preview:-1\" \/>\n<link rel=\"canonical\" href=\"https:\/\/www.thema-med.com\/es\/servicios\/consultoria-estrategico-regulatoria\/\" \/>\n<meta property=\"og:locale\" content=\"es_ES\" \/>\n<meta property=\"og:type\" content=\"article\" \/>\n<meta property=\"og:title\" content=\"CONSULENCIA ESTRAT\u00c9GICO-REGULATORIA - Thema - Medical Regulatory Consultancy\" \/>\n<meta property=\"og:url\" content=\"https:\/\/www.thema-med.com\/es\/servicios\/consultoria-estrategico-regulatoria\/\" \/>\n<meta property=\"og:site_name\" content=\"Thema - Medical Regulatory Consultancy\" \/>\n<meta property=\"article:modified_time\" content=\"2023-07-25T16:13:28+00:00\" \/>\n<meta name=\"twitter:card\" content=\"summary_large_image\" \/>\n<meta name=\"twitter:label1\" content=\"Tiempo de lectura\" \/>\n\t<meta name=\"twitter:data1\" content=\"2 minutos\" \/>\n<script type=\"application\/ld+json\" class=\"yoast-schema-graph\">{\"@context\":\"https:\/\/schema.org\",\"@graph\":[{\"@type\":\"WebPage\",\"@id\":\"https:\/\/www.thema-med.com\/es\/servicios\/consultoria-estrategico-regulatoria\/\",\"url\":\"https:\/\/www.thema-med.com\/es\/servicios\/consultoria-estrategico-regulatoria\/\",\"name\":\"CONSULENCIA ESTRAT\u00c9GICO-REGULATORIA - Thema - Medical Regulatory Consultancy\",\"isPartOf\":{\"@id\":\"https:\/\/www.thema-med.com\/es\/#website\"},\"primaryImageOfPage\":{\"@id\":\"https:\/\/www.thema-med.com\/es\/servicios\/consultoria-estrategico-regulatoria\/#primaryimage\"},\"image\":{\"@id\":\"https:\/\/www.thema-med.com\/es\/servicios\/consultoria-estrategico-regulatoria\/#primaryimage\"},\"thumbnailUrl\":\"\",\"datePublished\":\"2018-05-09T08:19:33+00:00\",\"dateModified\":\"2023-07-25T16:13:28+00:00\",\"breadcrumb\":{\"@id\":\"https:\/\/www.thema-med.com\/es\/servicios\/consultoria-estrategico-regulatoria\/#breadcrumb\"},\"inLanguage\":\"es\",\"potentialAction\":[{\"@type\":\"ReadAction\",\"target\":[\"https:\/\/www.thema-med.com\/es\/servicios\/consultoria-estrategico-regulatoria\/\"]}]},{\"@type\":\"ImageObject\",\"inLanguage\":\"es\",\"@id\":\"https:\/\/www.thema-med.com\/es\/servicios\/consultoria-estrategico-regulatoria\/#primaryimage\",\"url\":\"\",\"contentUrl\":\"\"},{\"@type\":\"BreadcrumbList\",\"@id\":\"https:\/\/www.thema-med.com\/es\/servicios\/consultoria-estrategico-regulatoria\/#breadcrumb\",\"itemListElement\":[{\"@type\":\"ListItem\",\"position\":1,\"name\":\"Home\",\"item\":\"https:\/\/www.thema-med.com\/es\/\"},{\"@type\":\"ListItem\",\"position\":2,\"name\":\"Servicios\",\"item\":\"https:\/\/www.thema-med.com\/es\/servizi-consulenza-strategico-regolatoria-aziende-dispositivi-medici-strumenti-medicali-dispositivi-medico-diagnostici-in-vitro\/\"},{\"@type\":\"ListItem\",\"position\":3,\"name\":\"CONSULENCIA ESTRAT\u00c9GICO-REGULATORIA\"}]},{\"@type\":\"WebSite\",\"@id\":\"https:\/\/www.thema-med.com\/es\/#website\",\"url\":\"https:\/\/www.thema-med.com\/es\/\",\"name\":\"Thema - Medical Regulatory Consultancy\",\"description\":\"Quality and Regulatory Affairs for Medical Devices\",\"publisher\":{\"@id\":\"https:\/\/www.thema-med.com\/es\/#organization\"},\"potentialAction\":[{\"@type\":\"SearchAction\",\"target\":{\"@type\":\"EntryPoint\",\"urlTemplate\":\"https:\/\/www.thema-med.com\/es\/?s={search_term_string}\"},\"query-input\":{\"@type\":\"PropertyValueSpecification\",\"valueRequired\":true,\"valueName\":\"search_term_string\"}}],\"inLanguage\":\"es\"},{\"@type\":[\"Organization\",\"Place\"],\"@id\":\"https:\/\/www.thema-med.com\/es\/#organization\",\"name\":\"Thema\",\"alternateName\":\"Thema\",\"url\":\"https:\/\/www.thema-med.com\/es\/\",\"logo\":{\"@type\":\"ImageObject\",\"inLanguage\":\"es\",\"@id\":\"https:\/\/www.thema-med.com\/es\/#\/schema\/logo\/image\/\",\"url\":\"https:\/\/www.thema-med.com\/wp-content\/uploads\/2022\/11\/logo-Themasrl-COLOR-hires-2440.png\",\"contentUrl\":\"https:\/\/www.thema-med.com\/wp-content\/uploads\/2022\/11\/logo-Themasrl-COLOR-hires-2440.png\",\"width\":2440,\"height\":2851,\"caption\":\"Thema\"},\"image\":{\"@id\":\"https:\/\/www.thema-med.com\/es\/#\/schema\/logo\/image\/\"},\"sameAs\":[\"https:\/\/www.linkedin.com\/company\/thema-s-r-l-\/\"],\"mainEntityOfPage\":{\"@id\":\"https:\/\/www.thema-med.com\/es\/servicios\/consultoria-estrategico-regulatoria\/\"}}]}<\/script>\n<!-- \/ Yoast SEO plugin. -->","yoast_head_json":{"title":"CONSULENCIA ESTRAT\u00c9GICO-REGULATORIA - Thema - Medical Regulatory Consultancy","robots":{"index":"index","follow":"follow","max-snippet":"max-snippet:-1","max-image-preview":"max-image-preview:large","max-video-preview":"max-video-preview:-1"},"canonical":"https:\/\/www.thema-med.com\/es\/servicios\/consultoria-estrategico-regulatoria\/","og_locale":"es_ES","og_type":"article","og_title":"CONSULENCIA ESTRAT\u00c9GICO-REGULATORIA - Thema - Medical Regulatory Consultancy","og_url":"https:\/\/www.thema-med.com\/es\/servicios\/consultoria-estrategico-regulatoria\/","og_site_name":"Thema - Medical Regulatory Consultancy","article_modified_time":"2023-07-25T16:13:28+00:00","twitter_card":"summary_large_image","twitter_misc":{"Tiempo de lectura":"2 minutos"},"schema":{"@context":"https:\/\/schema.org","@graph":[{"@type":"WebPage","@id":"https:\/\/www.thema-med.com\/es\/servicios\/consultoria-estrategico-regulatoria\/","url":"https:\/\/www.thema-med.com\/es\/servicios\/consultoria-estrategico-regulatoria\/","name":"CONSULENCIA ESTRAT\u00c9GICO-REGULATORIA - Thema - Medical Regulatory Consultancy","isPartOf":{"@id":"https:\/\/www.thema-med.com\/es\/#website"},"primaryImageOfPage":{"@id":"https:\/\/www.thema-med.com\/es\/servicios\/consultoria-estrategico-regulatoria\/#primaryimage"},"image":{"@id":"https:\/\/www.thema-med.com\/es\/servicios\/consultoria-estrategico-regulatoria\/#primaryimage"},"thumbnailUrl":"","datePublished":"2018-05-09T08:19:33+00:00","dateModified":"2023-07-25T16:13:28+00:00","breadcrumb":{"@id":"https:\/\/www.thema-med.com\/es\/servicios\/consultoria-estrategico-regulatoria\/#breadcrumb"},"inLanguage":"es","potentialAction":[{"@type":"ReadAction","target":["https:\/\/www.thema-med.com\/es\/servicios\/consultoria-estrategico-regulatoria\/"]}]},{"@type":"ImageObject","inLanguage":"es","@id":"https:\/\/www.thema-med.com\/es\/servicios\/consultoria-estrategico-regulatoria\/#primaryimage","url":"","contentUrl":""},{"@type":"BreadcrumbList","@id":"https:\/\/www.thema-med.com\/es\/servicios\/consultoria-estrategico-regulatoria\/#breadcrumb","itemListElement":[{"@type":"ListItem","position":1,"name":"Home","item":"https:\/\/www.thema-med.com\/es\/"},{"@type":"ListItem","position":2,"name":"Servicios","item":"https:\/\/www.thema-med.com\/es\/servizi-consulenza-strategico-regolatoria-aziende-dispositivi-medici-strumenti-medicali-dispositivi-medico-diagnostici-in-vitro\/"},{"@type":"ListItem","position":3,"name":"CONSULENCIA ESTRAT\u00c9GICO-REGULATORIA"}]},{"@type":"WebSite","@id":"https:\/\/www.thema-med.com\/es\/#website","url":"https:\/\/www.thema-med.com\/es\/","name":"Thema - Medical Regulatory Consultancy","description":"Quality and Regulatory Affairs for Medical Devices","publisher":{"@id":"https:\/\/www.thema-med.com\/es\/#organization"},"potentialAction":[{"@type":"SearchAction","target":{"@type":"EntryPoint","urlTemplate":"https:\/\/www.thema-med.com\/es\/?s={search_term_string}"},"query-input":{"@type":"PropertyValueSpecification","valueRequired":true,"valueName":"search_term_string"}}],"inLanguage":"es"},{"@type":["Organization","Place"],"@id":"https:\/\/www.thema-med.com\/es\/#organization","name":"Thema","alternateName":"Thema","url":"https:\/\/www.thema-med.com\/es\/","logo":{"@type":"ImageObject","inLanguage":"es","@id":"https:\/\/www.thema-med.com\/es\/#\/schema\/logo\/image\/","url":"https:\/\/www.thema-med.com\/wp-content\/uploads\/2022\/11\/logo-Themasrl-COLOR-hires-2440.png","contentUrl":"https:\/\/www.thema-med.com\/wp-content\/uploads\/2022\/11\/logo-Themasrl-COLOR-hires-2440.png","width":2440,"height":2851,"caption":"Thema"},"image":{"@id":"https:\/\/www.thema-med.com\/es\/#\/schema\/logo\/image\/"},"sameAs":["https:\/\/www.linkedin.com\/company\/thema-s-r-l-\/"],"mainEntityOfPage":{"@id":"https:\/\/www.thema-med.com\/es\/servicios\/consultoria-estrategico-regulatoria\/"}}]}},"_links":{"self":[{"href":"https:\/\/www.thema-med.com\/es\/wp-json\/wp\/v2\/pages\/7089","targetHints":{"allow":["GET"]}}],"collection":[{"href":"https:\/\/www.thema-med.com\/es\/wp-json\/wp\/v2\/pages"}],"about":[{"href":"https:\/\/www.thema-med.com\/es\/wp-json\/wp\/v2\/types\/page"}],"author":[{"embeddable":true,"href":"https:\/\/www.thema-med.com\/es\/wp-json\/wp\/v2\/users\/1"}],"replies":[{"embeddable":true,"href":"https:\/\/www.thema-med.com\/es\/wp-json\/wp\/v2\/comments?post=7089"}],"version-history":[{"count":11,"href":"https:\/\/www.thema-med.com\/es\/wp-json\/wp\/v2\/pages\/7089\/revisions"}],"predecessor-version":[{"id":29710,"href":"https:\/\/www.thema-med.com\/es\/wp-json\/wp\/v2\/pages\/7089\/revisions\/29710"}],"up":[{"embeddable":true,"href":"https:\/\/www.thema-med.com\/es\/wp-json\/wp\/v2\/pages\/7086"}],"wp:featuredmedia":[{"embeddable":true,"href":"https:\/\/www.thema-med.com\/es\/wp-json\/"}],"wp:attachment":[{"href":"https:\/\/www.thema-med.com\/es\/wp-json\/wp\/v2\/media?parent=7089"}],"curies":[{"name":"wp","href":"https:\/\/api.w.org\/{rel}","templated":true}]}}