{"id":7086,"date":"2018-05-09T10:18:03","date_gmt":"2018-05-09T08:18:03","guid":{"rendered":"http:\/\/www.thema-med.com\/?page_id=7086"},"modified":"2022-08-03T15:36:39","modified_gmt":"2022-08-03T13:36:39","slug":"servicios","status":"publish","type":"page","link":"https:\/\/www.thema-med.com\/es\/servicios\/","title":{"rendered":"Servicios"},"content":{"rendered":"\r\n<h2 class=\"wp-block-heading\">Calidad y Asuntos Reglamentarios para Dispositivos M\u00e9dicos y de Diagn\u00f3stico In-Vitro<\/h2>\r\n\r\n<p>THEMA ofrece servicios de asesoramiento estrat\u00e9gico-regulador a empresas productoras o distribuidoras de <strong>dispositivos m\u00e9dicos (DM)<\/strong> y <b class=\"b3\">productos<\/b><b class=\"b2\"> sanit<\/b><b class=\"b3\">ari<\/b><b class=\"b4\">os<\/b><strong>\u00a0de diagn\u00f3stico in vitro<\/strong>\u00a0<strong>(IVD)<\/strong> en los mercados nacionales e internacionales.\u00a0<\/p>\r\n\r\n<p>El objetivo de THEMA es proporcionar apoyo al cliente para alcanzar sus objetivos de venta gracias a una <strong>colaboraci\u00f3n fiable y competente<\/strong> en materia reguladora.<\/p>\r\n\r\n\r\n\r\n<div class=\"wp-block-media-text alignwide\" style=\"grid-template-columns: 51% auto;\">\r\n<figure class=\"wp-block-media-text__media\"><img decoding=\"async\" class=\"wp-image-18145\" src=\"https:\/\/www.thema-med.com\/wp-content\/uploads\/2021\/05\/servizi-thema-567X239.png\" alt=\"Servizi Thema\" \/><\/figure>\r\n<div class=\"wp-block-media-text__content\">\r\n<ul class=\"wp-block-list\">\r\n<li><a href=\"http:\/\/www.thema-med.com\/es\/servicios\/consultoria-estrategico-regulatoria\/\">Consulencia estrat\u00e9gico-regulatoria<\/a><\/li>\r\n<li><a href=\"http:\/\/www.thema-med.com\/es\/servicios\/apoyo-para-la-certificacion-ce\/\">Apoyo para la Certificaci\u00f3n CE<\/a><\/li>\r\n<li><a href=\"http:\/\/www.thema-med.com\/es\/servicios\/registros-ministeriales-italianos-y-europeos\/\">Registros ministeriales italianos y europeos<\/a><\/li>\r\n<li><a href=\"http:\/\/www.thema-med.com\/es\/servicios\/registros-internacionales-fuera-de-la-ue\/\">Registros internacionales extra-UE<\/a><\/li>\r\n<li><a href=\"http:\/\/www.thema-med.com\/es\/servicios\/representante-local\/\">Representante\u00a0Local<\/a><\/li>\r\n<li><a href=\"http:\/\/www.thema-med.com\/es\/servicios\/callida-y-bpf-internacionales\/\">Calidad\u00a0y\u00a0BPF\u00a0internacionales<\/a><\/li>\r\n<\/ul>\r\n<\/div>\r\n<\/div>\r\n","protected":false},"excerpt":{"rendered":"<p>Calidad y Asuntos Reglamentarios para Dispositivos M\u00e9dicos y de Diagn\u00f3stico In-Vitro THEMA ofrece servicios de asesoramiento estrat\u00e9gico-regulador a empresas productoras o  [&#8230;]<\/p>\n","protected":false},"author":1,"featured_media":10313,"parent":0,"menu_order":0,"comment_status":"closed","ping_status":"closed","template":"","meta":{"_acf_changed":false,"_monsterinsights_skip_tracking":false,"_monsterinsights_sitenote_active":false,"_monsterinsights_sitenote_note":"","_monsterinsights_sitenote_category":0,"footnotes":""},"class_list":["post-7086","page","type-page","status-publish","has-post-thumbnail","hentry"],"acf":[],"yoast_head":"<!-- This site is optimized with the Yoast SEO plugin v26.0 - https:\/\/yoast.com\/wordpress\/plugins\/seo\/ -->\n<title>Servicios - Thema - Medical Regulatory Consultancy<\/title>\n<meta name=\"robots\" content=\"index, follow, max-snippet:-1, max-image-preview:large, max-video-preview:-1\" \/>\n<link rel=\"canonical\" href=\"https:\/\/www.thema-med.com\/es\/servicios\/\" \/>\n<meta property=\"og:locale\" content=\"es_ES\" \/>\n<meta property=\"og:type\" content=\"article\" \/>\n<meta property=\"og:title\" content=\"Servicios - Thema - Medical Regulatory Consultancy\" \/>\n<meta property=\"og:description\" content=\"Calidad y Asuntos Reglamentarios para Dispositivos M\u00e9dicos y de Diagn\u00f3stico In-Vitro THEMA ofrece servicios de asesoramiento estrat\u00e9gico-regulador a empresas productoras o [...]\" \/>\n<meta property=\"og:url\" content=\"https:\/\/www.thema-med.com\/es\/servicios\/\" \/>\n<meta property=\"og:site_name\" content=\"Thema - Medical Regulatory Consultancy\" \/>\n<meta property=\"article:modified_time\" content=\"2022-08-03T13:36:39+00:00\" \/>\n<meta name=\"twitter:card\" content=\"summary_large_image\" \/>\n<meta name=\"twitter:label1\" content=\"Tiempo de lectura\" \/>\n\t<meta name=\"twitter:data1\" content=\"1 minuto\" \/>\n<script type=\"application\/ld+json\" class=\"yoast-schema-graph\">{\"@context\":\"https:\/\/schema.org\",\"@graph\":[{\"@type\":\"WebPage\",\"@id\":\"https:\/\/www.thema-med.com\/es\/servicios\/\",\"url\":\"https:\/\/www.thema-med.com\/es\/servicios\/\",\"name\":\"Servicios - Thema - Medical Regulatory Consultancy\",\"isPartOf\":{\"@id\":\"https:\/\/www.thema-med.com\/es\/#website\"},\"primaryImageOfPage\":{\"@id\":\"https:\/\/www.thema-med.com\/es\/servicios\/#primaryimage\"},\"image\":{\"@id\":\"https:\/\/www.thema-med.com\/es\/servicios\/#primaryimage\"},\"thumbnailUrl\":\"\",\"datePublished\":\"2018-05-09T08:18:03+00:00\",\"dateModified\":\"2022-08-03T13:36:39+00:00\",\"breadcrumb\":{\"@id\":\"https:\/\/www.thema-med.com\/es\/servicios\/#breadcrumb\"},\"inLanguage\":\"es\",\"potentialAction\":[{\"@type\":\"ReadAction\",\"target\":[\"https:\/\/www.thema-med.com\/es\/servicios\/\"]}]},{\"@type\":\"ImageObject\",\"inLanguage\":\"es\",\"@id\":\"https:\/\/www.thema-med.com\/es\/servicios\/#primaryimage\",\"url\":\"\",\"contentUrl\":\"\"},{\"@type\":\"BreadcrumbList\",\"@id\":\"https:\/\/www.thema-med.com\/es\/servicios\/#breadcrumb\",\"itemListElement\":[{\"@type\":\"ListItem\",\"position\":1,\"name\":\"Home\",\"item\":\"https:\/\/www.thema-med.com\/es\/\"},{\"@type\":\"ListItem\",\"position\":2,\"name\":\"Servicios\"}]},{\"@type\":\"WebSite\",\"@id\":\"https:\/\/www.thema-med.com\/es\/#website\",\"url\":\"https:\/\/www.thema-med.com\/es\/\",\"name\":\"Thema - Medical Regulatory Consultancy\",\"description\":\"Quality and Regulatory Affairs for Medical Devices\",\"publisher\":{\"@id\":\"https:\/\/www.thema-med.com\/es\/#organization\"},\"potentialAction\":[{\"@type\":\"SearchAction\",\"target\":{\"@type\":\"EntryPoint\",\"urlTemplate\":\"https:\/\/www.thema-med.com\/es\/?s={search_term_string}\"},\"query-input\":{\"@type\":\"PropertyValueSpecification\",\"valueRequired\":true,\"valueName\":\"search_term_string\"}}],\"inLanguage\":\"es\"},{\"@type\":[\"Organization\",\"Place\"],\"@id\":\"https:\/\/www.thema-med.com\/es\/#organization\",\"name\":\"Thema\",\"alternateName\":\"Thema\",\"url\":\"https:\/\/www.thema-med.com\/es\/\",\"logo\":{\"@type\":\"ImageObject\",\"inLanguage\":\"es\",\"@id\":\"https:\/\/www.thema-med.com\/es\/#\/schema\/logo\/image\/\",\"url\":\"https:\/\/www.thema-med.com\/wp-content\/uploads\/2022\/11\/logo-Themasrl-COLOR-hires-2440.png\",\"contentUrl\":\"https:\/\/www.thema-med.com\/wp-content\/uploads\/2022\/11\/logo-Themasrl-COLOR-hires-2440.png\",\"width\":2440,\"height\":2851,\"caption\":\"Thema\"},\"image\":{\"@id\":\"https:\/\/www.thema-med.com\/es\/#\/schema\/logo\/image\/\"},\"sameAs\":[\"https:\/\/www.linkedin.com\/company\/thema-s-r-l-\/\"],\"mainEntityOfPage\":{\"@id\":\"https:\/\/www.thema-med.com\/es\/servicios\/\"}}]}<\/script>\n<!-- \/ Yoast SEO plugin. -->","yoast_head_json":{"title":"Servicios - Thema - Medical Regulatory Consultancy","robots":{"index":"index","follow":"follow","max-snippet":"max-snippet:-1","max-image-preview":"max-image-preview:large","max-video-preview":"max-video-preview:-1"},"canonical":"https:\/\/www.thema-med.com\/es\/servicios\/","og_locale":"es_ES","og_type":"article","og_title":"Servicios - Thema - Medical Regulatory Consultancy","og_description":"Calidad y Asuntos Reglamentarios para Dispositivos M\u00e9dicos y de Diagn\u00f3stico In-Vitro THEMA ofrece servicios de asesoramiento estrat\u00e9gico-regulador a empresas productoras o [...]","og_url":"https:\/\/www.thema-med.com\/es\/servicios\/","og_site_name":"Thema - Medical Regulatory Consultancy","article_modified_time":"2022-08-03T13:36:39+00:00","twitter_card":"summary_large_image","twitter_misc":{"Tiempo de lectura":"1 minuto"},"schema":{"@context":"https:\/\/schema.org","@graph":[{"@type":"WebPage","@id":"https:\/\/www.thema-med.com\/es\/servicios\/","url":"https:\/\/www.thema-med.com\/es\/servicios\/","name":"Servicios - Thema - Medical Regulatory Consultancy","isPartOf":{"@id":"https:\/\/www.thema-med.com\/es\/#website"},"primaryImageOfPage":{"@id":"https:\/\/www.thema-med.com\/es\/servicios\/#primaryimage"},"image":{"@id":"https:\/\/www.thema-med.com\/es\/servicios\/#primaryimage"},"thumbnailUrl":"","datePublished":"2018-05-09T08:18:03+00:00","dateModified":"2022-08-03T13:36:39+00:00","breadcrumb":{"@id":"https:\/\/www.thema-med.com\/es\/servicios\/#breadcrumb"},"inLanguage":"es","potentialAction":[{"@type":"ReadAction","target":["https:\/\/www.thema-med.com\/es\/servicios\/"]}]},{"@type":"ImageObject","inLanguage":"es","@id":"https:\/\/www.thema-med.com\/es\/servicios\/#primaryimage","url":"","contentUrl":""},{"@type":"BreadcrumbList","@id":"https:\/\/www.thema-med.com\/es\/servicios\/#breadcrumb","itemListElement":[{"@type":"ListItem","position":1,"name":"Home","item":"https:\/\/www.thema-med.com\/es\/"},{"@type":"ListItem","position":2,"name":"Servicios"}]},{"@type":"WebSite","@id":"https:\/\/www.thema-med.com\/es\/#website","url":"https:\/\/www.thema-med.com\/es\/","name":"Thema - Medical Regulatory Consultancy","description":"Quality and Regulatory Affairs for Medical Devices","publisher":{"@id":"https:\/\/www.thema-med.com\/es\/#organization"},"potentialAction":[{"@type":"SearchAction","target":{"@type":"EntryPoint","urlTemplate":"https:\/\/www.thema-med.com\/es\/?s={search_term_string}"},"query-input":{"@type":"PropertyValueSpecification","valueRequired":true,"valueName":"search_term_string"}}],"inLanguage":"es"},{"@type":["Organization","Place"],"@id":"https:\/\/www.thema-med.com\/es\/#organization","name":"Thema","alternateName":"Thema","url":"https:\/\/www.thema-med.com\/es\/","logo":{"@type":"ImageObject","inLanguage":"es","@id":"https:\/\/www.thema-med.com\/es\/#\/schema\/logo\/image\/","url":"https:\/\/www.thema-med.com\/wp-content\/uploads\/2022\/11\/logo-Themasrl-COLOR-hires-2440.png","contentUrl":"https:\/\/www.thema-med.com\/wp-content\/uploads\/2022\/11\/logo-Themasrl-COLOR-hires-2440.png","width":2440,"height":2851,"caption":"Thema"},"image":{"@id":"https:\/\/www.thema-med.com\/es\/#\/schema\/logo\/image\/"},"sameAs":["https:\/\/www.linkedin.com\/company\/thema-s-r-l-\/"],"mainEntityOfPage":{"@id":"https:\/\/www.thema-med.com\/es\/servicios\/"}}]}},"_links":{"self":[{"href":"https:\/\/www.thema-med.com\/es\/wp-json\/wp\/v2\/pages\/7086","targetHints":{"allow":["GET"]}}],"collection":[{"href":"https:\/\/www.thema-med.com\/es\/wp-json\/wp\/v2\/pages"}],"about":[{"href":"https:\/\/www.thema-med.com\/es\/wp-json\/wp\/v2\/types\/page"}],"author":[{"embeddable":true,"href":"https:\/\/www.thema-med.com\/es\/wp-json\/wp\/v2\/users\/1"}],"replies":[{"embeddable":true,"href":"https:\/\/www.thema-med.com\/es\/wp-json\/wp\/v2\/comments?post=7086"}],"version-history":[{"count":3,"href":"https:\/\/www.thema-med.com\/es\/wp-json\/wp\/v2\/pages\/7086\/revisions"}],"predecessor-version":[{"id":22667,"href":"https:\/\/www.thema-med.com\/es\/wp-json\/wp\/v2\/pages\/7086\/revisions\/22667"}],"wp:featuredmedia":[{"embeddable":true,"href":"https:\/\/www.thema-med.com\/es\/wp-json\/"}],"wp:attachment":[{"href":"https:\/\/www.thema-med.com\/es\/wp-json\/wp\/v2\/media?parent=7086"}],"curies":[{"name":"wp","href":"https:\/\/api.w.org\/{rel}","templated":true}]}}