{"id":32997,"date":"2024-04-17T11:37:09","date_gmt":"2024-04-17T09:37:09","guid":{"rendered":"https:\/\/www.thema-med.com\/?page_id=32997"},"modified":"2024-08-28T12:24:07","modified_gmt":"2024-08-28T10:24:07","slug":"whistleblowing","status":"publish","type":"page","link":"https:\/\/www.thema-med.com\/es\/whistleblowing\/","title":{"rendered":"Whistleblowing"},"content":{"rendered":"<div class=\"fusion-fullwidth fullwidth-box fusion-builder-row-1 fusion-flex-container has-pattern-background has-mask-background nonhundred-percent-fullwidth non-hundred-percent-height-scrolling\" style=\"--awb-border-radius-top-left:0px;--awb-border-radius-top-right:0px;--awb-border-radius-bottom-right:0px;--awb-border-radius-bottom-left:0px;--awb-flex-wrap:wrap;\" ><div class=\"fusion-builder-row fusion-row fusion-flex-align-items-flex-start fusion-flex-content-wrap\" style=\"max-width:1144px;margin-left: calc(-4% \/ 2 );margin-right: calc(-4% \/ 2 );\"><div class=\"fusion-layout-column fusion_builder_column fusion-builder-column-0 fusion_builder_column_2_3 2_3 fusion-flex-column\" style=\"--awb-bg-size:cover;--awb-width-large:66.666666666667%;--awb-margin-top-large:15px;--awb-spacing-right-large:2.88%;--awb-margin-bottom-large:15px;--awb-spacing-left-large:2.88%;--awb-width-medium:100%;--awb-order-medium:0;--awb-spacing-right-medium:1.92%;--awb-spacing-left-medium:1.92%;--awb-width-small:100%;--awb-order-small:0;--awb-spacing-right-small:1.92%;--awb-spacing-left-small:1.92%;\"><div class=\"fusion-column-wrapper fusion-column-has-shadow fusion-flex-justify-content-flex-start fusion-content-layout-column\"><div class=\"fusion-text fusion-text-1\"><p>La Sociedad ha querido iniciar un proyecto de profunda renovaci\u00f3n de su compliance en materia de responsabilidad penal de la entidad aprobando el Modelo de organizaci\u00f3n, gesti\u00f3n y control seg\u00fan el D. Lgs. no 231\/2001, as\u00ed como el nombramiento de su Organismo de Supervisi\u00f3n.<\/p>\n<p>Mediante la adopci\u00f3n del Modelo, la Sociedad quiere prevenir el riesgo de que el ejercicio de la propia actividad de empresa se convierta en ocasi\u00f3n para la comisi\u00f3n de il\u00edcitos, con particular atenci\u00f3n a los mencionados en el citado Decreto.<\/p>\n<p>La empresa ha adoptado un sistema para tramitar las denuncias -incluidas las an\u00f3nimas, siempre que est\u00e9n debidamente fundamentadas- relativas a conductas il\u00edcitas o ilegales.<\/p>\n<p>Las denuncias pueden realizarse a trav\u00e9s de la plataforma disponible en el enlace <a href=\"https:\/\/whistleblowersoftware.com\/secure\/THEMA\">https:\/\/whistleblowersoftware.com\/secure\/THEMA<\/a>,<\/p>\n<p>que se considera un canal preferente al poder garantizar la confidencialidad de la identidad del denunciante de forma informatizada.<br \/>\nA trav\u00e9s de la plataforma, el denunciante ser\u00e1 guiado a trav\u00e9s de cada paso del proceso de denuncia y se le proporcionar\u00e1 una serie de campos obligatorios que deber\u00e1 rellenar, con el fin de fundamentar mejor la denuncia.<\/p>\n<p>Los informes ser\u00e1n tramitados por el Consejo de Supervisi\u00f3n.<\/p>\n<p>Los denunciantes de buena fe est\u00e1n protegidos contra cualquier forma de discriminaci\u00f3n, represalia o penalizaci\u00f3n, y el correcto cumplimiento del deber de denunciar no puede dar lugar a la incoaci\u00f3n de un procedimiento disciplinario ni a la aplicaci\u00f3n de las sanciones pertinentes.<br \/>\nLa adopci\u00f3n del sistema mencionado no impide, sin embargo, denunciar a la autoridad competente cualquier infracci\u00f3n de las leyes o reglamentos gubernamentales.<\/p>\n<p>La Pol\u00edtica de Denuncias est\u00e1 a su disposici\u00f3n en ingl\u00e9s.<\/p>\n<p>La Parte General y el C\u00f3digo \u00c9tico, pensados para inspirar y guiar los comportamientos del personal de Thema y de todos nuestros\u00a0<em>grupos de inter\u00e9s<\/em>, est\u00e1n a su disposici\u00f3n en ingl\u00e9s.<\/p>\n<\/div><\/div><\/div><div class=\"fusion-layout-column fusion_builder_column fusion-builder-column-1 fusion_builder_column_1_3 1_3 fusion-flex-column\" style=\"--awb-bg-size:cover;--awb-width-large:33.333333333333%;--awb-margin-top-large:15px;--awb-spacing-right-large:5.76%;--awb-margin-bottom-large:15px;--awb-spacing-left-large:5.76%;--awb-width-medium:100%;--awb-order-medium:0;--awb-spacing-right-medium:1.92%;--awb-spacing-left-medium:1.92%;--awb-width-small:100%;--awb-order-small:0;--awb-spacing-right-small:1.92%;--awb-spacing-left-small:1.92%;\"><div class=\"fusion-column-wrapper fusion-column-has-shadow fusion-flex-justify-content-flex-start fusion-content-layout-column\"><div ><a class=\"fusion-button button-flat fusion-button-default-size button-default fusion-button-default button-1 fusion-button-default-span fusion-button-default-type\" target=\"_self\" href=\"https:\/\/www.thema-med.com\/wp-content\/uploads\/2024\/02\/POLITICA-DE-DENUNCIAS.pdf\"><i class=\"fa-file-pdf fas awb-button__icon awb-button__icon--default button-icon-left\" aria-hidden=\"true\"><\/i><span class=\"fusion-button-text awb-button__text awb-button__text--default\">PDF Procedimiento<\/span><\/a><\/div><div ><a class=\"fusion-button button-flat fusion-button-default-size button-default fusion-button-default button-2 fusion-button-default-span fusion-button-default-type\" target=\"_self\" href=\"https:\/\/whistleblowersoftware.com\/secure\/THEMA\"><i class=\"fa-paper-plane fas awb-button__icon awb-button__icon--default button-icon-left\" aria-hidden=\"true\"><\/i><span class=\"fusion-button-text awb-button__text awb-button__text--default\">Denuncia<\/span><\/a><\/div><\/div><\/div><\/div><\/div>\n","protected":false},"excerpt":{"rendered":"","protected":false},"author":115,"featured_media":0,"parent":0,"menu_order":0,"comment_status":"closed","ping_status":"closed","template":"100-width.php","meta":{"_acf_changed":false,"_monsterinsights_skip_tracking":false,"_monsterinsights_sitenote_active":false,"_monsterinsights_sitenote_note":"","_monsterinsights_sitenote_category":0,"footnotes":""},"class_list":["post-32997","page","type-page","status-publish","hentry"],"acf":[],"yoast_head":"<!-- This site is optimized with the Yoast SEO plugin v26.0 - https:\/\/yoast.com\/wordpress\/plugins\/seo\/ -->\n<title>Whistleblowing - Thema - Medical Regulatory Consultancy<\/title>\n<meta name=\"robots\" content=\"index, follow, max-snippet:-1, max-image-preview:large, max-video-preview:-1\" \/>\n<link rel=\"canonical\" href=\"https:\/\/www.thema-med.com\/es\/whistleblowing\/\" \/>\n<meta property=\"og:locale\" content=\"es_ES\" \/>\n<meta property=\"og:type\" content=\"article\" \/>\n<meta property=\"og:title\" content=\"Whistleblowing - Thema - Medical Regulatory Consultancy\" \/>\n<meta property=\"og:url\" content=\"https:\/\/www.thema-med.com\/es\/whistleblowing\/\" \/>\n<meta property=\"og:site_name\" content=\"Thema - Medical Regulatory Consultancy\" \/>\n<meta property=\"article:modified_time\" content=\"2024-08-28T10:24:07+00:00\" \/>\n<meta name=\"twitter:card\" content=\"summary_large_image\" \/>\n<meta name=\"twitter:label1\" content=\"Tiempo de lectura\" \/>\n\t<meta name=\"twitter:data1\" content=\"2 minutos\" \/>\n<script type=\"application\/ld+json\" class=\"yoast-schema-graph\">{\"@context\":\"https:\/\/schema.org\",\"@graph\":[{\"@type\":\"WebPage\",\"@id\":\"https:\/\/www.thema-med.com\/es\/whistleblowing\/\",\"url\":\"https:\/\/www.thema-med.com\/es\/whistleblowing\/\",\"name\":\"Whistleblowing - Thema - Medical Regulatory Consultancy\",\"isPartOf\":{\"@id\":\"https:\/\/www.thema-med.com\/es\/#website\"},\"datePublished\":\"2024-04-17T09:37:09+00:00\",\"dateModified\":\"2024-08-28T10:24:07+00:00\",\"breadcrumb\":{\"@id\":\"https:\/\/www.thema-med.com\/es\/whistleblowing\/#breadcrumb\"},\"inLanguage\":\"es\",\"potentialAction\":[{\"@type\":\"ReadAction\",\"target\":[\"https:\/\/www.thema-med.com\/es\/whistleblowing\/\"]}]},{\"@type\":\"BreadcrumbList\",\"@id\":\"https:\/\/www.thema-med.com\/es\/whistleblowing\/#breadcrumb\",\"itemListElement\":[{\"@type\":\"ListItem\",\"position\":1,\"name\":\"Home\",\"item\":\"https:\/\/www.thema-med.com\/es\/\"},{\"@type\":\"ListItem\",\"position\":2,\"name\":\"Whistleblowing\"}]},{\"@type\":\"WebSite\",\"@id\":\"https:\/\/www.thema-med.com\/es\/#website\",\"url\":\"https:\/\/www.thema-med.com\/es\/\",\"name\":\"Thema - Medical Regulatory Consultancy\",\"description\":\"Quality and Regulatory Affairs for Medical Devices\",\"publisher\":{\"@id\":\"https:\/\/www.thema-med.com\/es\/#organization\"},\"potentialAction\":[{\"@type\":\"SearchAction\",\"target\":{\"@type\":\"EntryPoint\",\"urlTemplate\":\"https:\/\/www.thema-med.com\/es\/?s={search_term_string}\"},\"query-input\":{\"@type\":\"PropertyValueSpecification\",\"valueRequired\":true,\"valueName\":\"search_term_string\"}}],\"inLanguage\":\"es\"},{\"@type\":[\"Organization\",\"Place\"],\"@id\":\"https:\/\/www.thema-med.com\/es\/#organization\",\"name\":\"Thema\",\"alternateName\":\"Thema\",\"url\":\"https:\/\/www.thema-med.com\/es\/\",\"logo\":{\"@type\":\"ImageObject\",\"inLanguage\":\"es\",\"@id\":\"https:\/\/www.thema-med.com\/es\/#\/schema\/logo\/image\/\",\"url\":\"https:\/\/www.thema-med.com\/wp-content\/uploads\/2022\/11\/logo-Themasrl-COLOR-hires-2440.png\",\"contentUrl\":\"https:\/\/www.thema-med.com\/wp-content\/uploads\/2022\/11\/logo-Themasrl-COLOR-hires-2440.png\",\"width\":2440,\"height\":2851,\"caption\":\"Thema\"},\"image\":{\"@id\":\"https:\/\/www.thema-med.com\/es\/#\/schema\/logo\/image\/\"},\"sameAs\":[\"https:\/\/www.linkedin.com\/company\/thema-s-r-l-\/\"],\"mainEntityOfPage\":{\"@id\":\"https:\/\/www.thema-med.com\/es\/whistleblowing\/\"}}]}<\/script>\n<!-- \/ Yoast SEO plugin. -->","yoast_head_json":{"title":"Whistleblowing - Thema - Medical Regulatory Consultancy","robots":{"index":"index","follow":"follow","max-snippet":"max-snippet:-1","max-image-preview":"max-image-preview:large","max-video-preview":"max-video-preview:-1"},"canonical":"https:\/\/www.thema-med.com\/es\/whistleblowing\/","og_locale":"es_ES","og_type":"article","og_title":"Whistleblowing - Thema - Medical Regulatory Consultancy","og_url":"https:\/\/www.thema-med.com\/es\/whistleblowing\/","og_site_name":"Thema - Medical Regulatory Consultancy","article_modified_time":"2024-08-28T10:24:07+00:00","twitter_card":"summary_large_image","twitter_misc":{"Tiempo de lectura":"2 minutos"},"schema":{"@context":"https:\/\/schema.org","@graph":[{"@type":"WebPage","@id":"https:\/\/www.thema-med.com\/es\/whistleblowing\/","url":"https:\/\/www.thema-med.com\/es\/whistleblowing\/","name":"Whistleblowing - Thema - Medical Regulatory Consultancy","isPartOf":{"@id":"https:\/\/www.thema-med.com\/es\/#website"},"datePublished":"2024-04-17T09:37:09+00:00","dateModified":"2024-08-28T10:24:07+00:00","breadcrumb":{"@id":"https:\/\/www.thema-med.com\/es\/whistleblowing\/#breadcrumb"},"inLanguage":"es","potentialAction":[{"@type":"ReadAction","target":["https:\/\/www.thema-med.com\/es\/whistleblowing\/"]}]},{"@type":"BreadcrumbList","@id":"https:\/\/www.thema-med.com\/es\/whistleblowing\/#breadcrumb","itemListElement":[{"@type":"ListItem","position":1,"name":"Home","item":"https:\/\/www.thema-med.com\/es\/"},{"@type":"ListItem","position":2,"name":"Whistleblowing"}]},{"@type":"WebSite","@id":"https:\/\/www.thema-med.com\/es\/#website","url":"https:\/\/www.thema-med.com\/es\/","name":"Thema - Medical Regulatory Consultancy","description":"Quality and Regulatory Affairs for Medical Devices","publisher":{"@id":"https:\/\/www.thema-med.com\/es\/#organization"},"potentialAction":[{"@type":"SearchAction","target":{"@type":"EntryPoint","urlTemplate":"https:\/\/www.thema-med.com\/es\/?s={search_term_string}"},"query-input":{"@type":"PropertyValueSpecification","valueRequired":true,"valueName":"search_term_string"}}],"inLanguage":"es"},{"@type":["Organization","Place"],"@id":"https:\/\/www.thema-med.com\/es\/#organization","name":"Thema","alternateName":"Thema","url":"https:\/\/www.thema-med.com\/es\/","logo":{"@type":"ImageObject","inLanguage":"es","@id":"https:\/\/www.thema-med.com\/es\/#\/schema\/logo\/image\/","url":"https:\/\/www.thema-med.com\/wp-content\/uploads\/2022\/11\/logo-Themasrl-COLOR-hires-2440.png","contentUrl":"https:\/\/www.thema-med.com\/wp-content\/uploads\/2022\/11\/logo-Themasrl-COLOR-hires-2440.png","width":2440,"height":2851,"caption":"Thema"},"image":{"@id":"https:\/\/www.thema-med.com\/es\/#\/schema\/logo\/image\/"},"sameAs":["https:\/\/www.linkedin.com\/company\/thema-s-r-l-\/"],"mainEntityOfPage":{"@id":"https:\/\/www.thema-med.com\/es\/whistleblowing\/"}}]}},"_links":{"self":[{"href":"https:\/\/www.thema-med.com\/es\/wp-json\/wp\/v2\/pages\/32997","targetHints":{"allow":["GET"]}}],"collection":[{"href":"https:\/\/www.thema-med.com\/es\/wp-json\/wp\/v2\/pages"}],"about":[{"href":"https:\/\/www.thema-med.com\/es\/wp-json\/wp\/v2\/types\/page"}],"author":[{"embeddable":true,"href":"https:\/\/www.thema-med.com\/es\/wp-json\/wp\/v2\/users\/115"}],"replies":[{"embeddable":true,"href":"https:\/\/www.thema-med.com\/es\/wp-json\/wp\/v2\/comments?post=32997"}],"version-history":[{"count":2,"href":"https:\/\/www.thema-med.com\/es\/wp-json\/wp\/v2\/pages\/32997\/revisions"}],"predecessor-version":[{"id":33000,"href":"https:\/\/www.thema-med.com\/es\/wp-json\/wp\/v2\/pages\/32997\/revisions\/33000"}],"wp:attachment":[{"href":"https:\/\/www.thema-med.com\/es\/wp-json\/wp\/v2\/media?parent=32997"}],"curies":[{"name":"wp","href":"https:\/\/api.w.org\/{rel}","templated":true}]}}