{"id":28510,"date":"2023-07-10T09:19:57","date_gmt":"2023-07-10T07:19:57","guid":{"rendered":"https:\/\/www.thema-med.com\/?page_id=28510"},"modified":"2024-06-12T16:13:58","modified_gmt":"2024-06-12T14:13:58","slug":"helpdesk-resenas-en-la-plataforma-en-linea","status":"publish","type":"page","link":"https:\/\/www.thema-med.com\/es\/servicios\/helpdesk-resenas-en-la-plataforma-en-linea\/","title":{"rendered":"HelpDesk \u2013 Rese\u00f1as en la plataforma en l\u00ednea"},"content":{"rendered":"<p><div class=\"fusion-fullwidth fullwidth-box fusion-builder-row-1 fusion-flex-container nonhundred-percent-fullwidth non-hundred-percent-height-scrolling\" style=\"--awb-border-radius-top-left:0px;--awb-border-radius-top-right:0px;--awb-border-radius-bottom-right:0px;--awb-border-radius-bottom-left:0px;--awb-flex-wrap:wrap;\" ><div class=\"fusion-builder-row fusion-row fusion-flex-align-items-flex-start fusion-flex-justify-content-center fusion-flex-content-wrap\" style=\"max-width:1144px;margin-left: calc(-4% \/ 2 );margin-right: calc(-4% \/ 2 );\"><div class=\"fusion-layout-column fusion_builder_column fusion-builder-column-0 fusion_builder_column_1_2 1_2 fusion-flex-column\" style=\"--awb-bg-size:cover;--awb-width-large:50%;--awb-margin-top-large:0px;--awb-spacing-right-large:2.496%;--awb-margin-bottom-large:15px;--awb-spacing-left-large:3.84%;--awb-width-medium:100%;--awb-order-medium:0;--awb-spacing-right-medium:1.92%;--awb-spacing-left-medium:1.92%;--awb-width-small:100%;--awb-order-small:0;--awb-spacing-right-small:1.92%;--awb-spacing-left-small:1.92%;\"><div class=\"fusion-column-wrapper fusion-column-has-shadow fusion-flex-justify-content-flex-start fusion-content-layout-column\"><div class=\"fusion-image-element \" style=\"--awb-margin-top:25px;--awb-caption-title-font-family:var(--h2_typography-font-family);--awb-caption-title-font-weight:var(--h2_typography-font-weight);--awb-caption-title-font-style:var(--h2_typography-font-style);--awb-caption-title-size:var(--h2_typography-font-size);--awb-caption-title-transform:var(--h2_typography-text-transform);--awb-caption-title-line-height:var(--h2_typography-line-height);--awb-caption-title-letter-spacing:var(--h2_typography-letter-spacing);\"><span class=\" fusion-imageframe imageframe-none imageframe-1 hover-type-none\"><img decoding=\"async\" width=\"1024\" height=\"576\" title=\"HelpDesk(1)\" src=\"https:\/\/www.thema-med.com\/wp-content\/uploads\/2023\/07\/HelpDesk1-1024x576.png\" alt class=\"img-responsive wp-image-28505\" srcset=\"https:\/\/www.thema-med.com\/wp-content\/uploads\/2023\/07\/HelpDesk1-200x113.png 200w, https:\/\/www.thema-med.com\/wp-content\/uploads\/2023\/07\/HelpDesk1-400x225.png 400w, https:\/\/www.thema-med.com\/wp-content\/uploads\/2023\/07\/HelpDesk1-600x338.png 600w, https:\/\/www.thema-med.com\/wp-content\/uploads\/2023\/07\/HelpDesk1-800x450.png 800w, https:\/\/www.thema-med.com\/wp-content\/uploads\/2023\/07\/HelpDesk1-1200x675.png 1200w, https:\/\/www.thema-med.com\/wp-content\/uploads\/2023\/07\/HelpDesk1.png 1920w\" sizes=\"(max-width: 1024px) 100vw, (max-width: 640px) 100vw, 600px\" \/><\/span><\/div><\/div><\/div><div class=\"fusion-layout-column fusion_builder_column fusion-builder-column-1 fusion_builder_column_3_4 3_4 fusion-flex-column\" style=\"--awb-padding-top:20px;--awb-bg-blend:overlay;--awb-bg-size:cover;--awb-width-large:75%;--awb-margin-top-large:0px;--awb-spacing-right-large:2.56%;--awb-margin-bottom-large:0px;--awb-spacing-left-large:0.64%;--awb-width-medium:100%;--awb-spacing-right-medium:1.92%;--awb-spacing-left-medium:1.92%;--awb-width-small:100%;--awb-spacing-right-small:1.92%;--awb-spacing-left-small:1.92%;\"><div class=\"fusion-column-wrapper fusion-flex-justify-content-flex-start fusion-content-layout-column\"><div class=\"fusion-text fusion-text-1\"><p>Los profesionales de la calidad y la reglamentaci\u00f3n que trabajan en el sector m\u00e9dico siempre tienen <strong>muchas preguntas<\/strong> que responder.<\/p>\n<p>Las preguntas, procedentes tanto del interior como del exterior de la organizaci\u00f3n, tambi\u00e9n requieren una <strong>respuesta r\u00e1pida<\/strong> a pesar de que la b\u00fasqueda de informaci\u00f3n es larga, compleja y consume much\u00edsimo tiempo.<\/p>\n<p>Encontrar las fuentes de informaci\u00f3n adecuadas no es f\u00e1cil y las noticias pueden ser poco <strong>fiables<\/strong>, inexactas o inexistentes.<\/p>\n<p>Con el servicio <strong>HelpDesk<\/strong>, basado en una plataforma intuitiva y f\u00e1cil de usar, Thema ofrece a los profesionales la posibilidad de:<\/p>\n<ul>\n<li>formular <strong>tantas preguntas<\/strong> como deseen, <strong>tantas veces<\/strong> como lo necesiten, de forma r\u00e1pida y sencilla.<\/li>\n<li>recibir una respuesta en un plazo <strong>definido<\/strong> (m\u00e1ximo 3 d\u00edas).<\/li>\n<li>obtener respuestas <strong>fiables<\/strong> y contrastadas, ya que son dadas por expertos en la materia y obtenidas mediante un proceso de investigaci\u00f3n controlado.<\/li>\n<\/ul>\n<p>&nbsp;<\/p>\n<\/div><\/div><\/div><\/div><\/div><div class=\"fusion-fullwidth fullwidth-box fusion-builder-row-2 fusion-flex-container has-pattern-background has-mask-background nonhundred-percent-fullwidth non-hundred-percent-height-scrolling\" style=\"--awb-border-radius-top-left:0px;--awb-border-radius-top-right:0px;--awb-border-radius-bottom-right:0px;--awb-border-radius-bottom-left:0px;--awb-flex-wrap:wrap;\" ><div class=\"fusion-builder-row fusion-row fusion-flex-align-items-flex-start fusion-flex-content-wrap\" style=\"max-width:1144px;margin-left: calc(-4% \/ 2 );margin-right: calc(-4% \/ 2 );\"><div class=\"fusion-layout-column fusion_builder_column fusion-builder-column-2 fusion_builder_column_1_1 1_1 fusion-flex-column\" style=\"--awb-padding-top:20px;--awb-padding-bottom:20px;--awb-padding-right-small:20px;--awb-padding-left-small:20px;--awb-bg-color:var(--awb-custom12);--awb-bg-color-hover:var(--awb-custom12);--awb-bg-size:cover;--awb-width-large:100%;--awb-margin-top-large:10px;--awb-spacing-right-large:1.92%;--awb-margin-bottom-large:0px;--awb-spacing-left-large:1.92%;--awb-width-medium:100%;--awb-order-medium:0;--awb-spacing-right-medium:1.92%;--awb-spacing-left-medium:1.92%;--awb-width-small:100%;--awb-order-small:0;--awb-spacing-right-small:1.92%;--awb-spacing-left-small:1.92%;\"><div class=\"fusion-column-wrapper fusion-column-has-shadow fusion-flex-justify-content-flex-start fusion-content-layout-column\"><div class=\"fusion-text fusion-text-2\" style=\"--awb-content-alignment:center;--awb-text-color:var(--awb-color1);\"><p>\u00bfQuiere saber m\u00e1s sobre el servicio HelpDesk?<\/p>\n<\/div><div style=\"text-align:center;\"><a class=\"fusion-button button-flat fusion-button-default-size button-custom fusion-button-default button-1 fusion-button-default-span fusion-button-default-type\" style=\"--button_accent_color:#ffffff;--button_accent_hover_color:var(--awb-custom12);--button_border_hover_color:var(--awb-color1);--button-border-radius-top-left:10px;--button-border-radius-top-right:10px;--button-border-radius-bottom-right:10px;--button-border-radius-bottom-left:10px;--button_gradient_top_color:var(--awb-custom12);--button_gradient_bottom_color:var(--awb-custom12);--button_gradient_top_color_hover:var(--awb-color1);--button_gradient_bottom_color_hover:var(--awb-color1);--button_text_transform:var(--awb-typography4-text-transform);--button_font_size:var(--awb-typography4-font-size);--button_line_height:var(--awb-typography4-line-height);--button_typography-letter-spacing:var(--awb-typography4-letter-spacing);--button_typography-font-family:&quot;Montserrat&quot;;--button_typography-font-style:normal;--button_typography-font-weight:700;\" target=\"_self\" href=\"https:\/\/www.thema-med.com\/es\/contactanos-2\/\"><span class=\"fusion-button-text awb-button__text awb-button__text--default\">CONTACTO<\/span><\/a><\/div><\/div><\/div><\/div><\/div><\/p>\n","protected":false},"excerpt":{"rendered":"","protected":false},"author":1,"featured_media":28174,"parent":7086,"menu_order":0,"comment_status":"closed","ping_status":"closed","template":"100-width.php","meta":{"_acf_changed":false,"_monsterinsights_skip_tracking":false,"_monsterinsights_sitenote_active":false,"_monsterinsights_sitenote_note":"","_monsterinsights_sitenote_category":0,"footnotes":""},"class_list":["post-28510","page","type-page","status-publish","has-post-thumbnail","hentry"],"acf":[],"yoast_head":"<!-- This site is optimized with the Yoast SEO plugin v26.0 - https:\/\/yoast.com\/wordpress\/plugins\/seo\/ -->\n<title>HelpDesk \u2013 Rese\u00f1as en la plataforma en l\u00ednea - Thema - Medical Regulatory Consultancy<\/title>\n<meta name=\"robots\" content=\"index, follow, max-snippet:-1, max-image-preview:large, max-video-preview:-1\" \/>\n<link rel=\"canonical\" href=\"https:\/\/www.thema-med.com\/es\/servicios\/helpdesk-resenas-en-la-plataforma-en-linea\/\" \/>\n<meta property=\"og:locale\" content=\"es_ES\" \/>\n<meta property=\"og:type\" content=\"article\" \/>\n<meta property=\"og:title\" content=\"HelpDesk \u2013 Rese\u00f1as en la plataforma en l\u00ednea - Thema - Medical Regulatory Consultancy\" \/>\n<meta property=\"og:url\" content=\"https:\/\/www.thema-med.com\/es\/servicios\/helpdesk-resenas-en-la-plataforma-en-linea\/\" \/>\n<meta property=\"og:site_name\" content=\"Thema - Medical Regulatory Consultancy\" \/>\n<meta property=\"article:modified_time\" content=\"2024-06-12T14:13:58+00:00\" \/>\n<meta property=\"og:image\" content=\"https:\/\/www.thema-med.com\/wp-content\/uploads\/2023\/06\/Immagine1.jpg\" \/>\n\t<meta property=\"og:image:width\" content=\"1408\" \/>\n\t<meta property=\"og:image:height\" content=\"792\" \/>\n\t<meta property=\"og:image:type\" content=\"image\/jpeg\" \/>\n<meta name=\"twitter:card\" content=\"summary_large_image\" \/>\n<meta name=\"twitter:label1\" content=\"Tiempo de lectura\" \/>\n\t<meta name=\"twitter:data1\" content=\"2 minutos\" \/>\n<script type=\"application\/ld+json\" class=\"yoast-schema-graph\">{\"@context\":\"https:\/\/schema.org\",\"@graph\":[{\"@type\":\"WebPage\",\"@id\":\"https:\/\/www.thema-med.com\/es\/servicios\/helpdesk-resenas-en-la-plataforma-en-linea\/\",\"url\":\"https:\/\/www.thema-med.com\/es\/servicios\/helpdesk-resenas-en-la-plataforma-en-linea\/\",\"name\":\"HelpDesk \u2013 Rese\u00f1as en la plataforma en l\u00ednea - Thema - Medical Regulatory Consultancy\",\"isPartOf\":{\"@id\":\"https:\/\/www.thema-med.com\/es\/#website\"},\"primaryImageOfPage\":{\"@id\":\"https:\/\/www.thema-med.com\/es\/servicios\/helpdesk-resenas-en-la-plataforma-en-linea\/#primaryimage\"},\"image\":{\"@id\":\"https:\/\/www.thema-med.com\/es\/servicios\/helpdesk-resenas-en-la-plataforma-en-linea\/#primaryimage\"},\"thumbnailUrl\":\"https:\/\/www.thema-med.com\/wp-content\/uploads\/2023\/06\/Immagine1.jpg\",\"datePublished\":\"2023-07-10T07:19:57+00:00\",\"dateModified\":\"2024-06-12T14:13:58+00:00\",\"breadcrumb\":{\"@id\":\"https:\/\/www.thema-med.com\/es\/servicios\/helpdesk-resenas-en-la-plataforma-en-linea\/#breadcrumb\"},\"inLanguage\":\"es\",\"potentialAction\":[{\"@type\":\"ReadAction\",\"target\":[\"https:\/\/www.thema-med.com\/es\/servicios\/helpdesk-resenas-en-la-plataforma-en-linea\/\"]}]},{\"@type\":\"ImageObject\",\"inLanguage\":\"es\",\"@id\":\"https:\/\/www.thema-med.com\/es\/servicios\/helpdesk-resenas-en-la-plataforma-en-linea\/#primaryimage\",\"url\":\"https:\/\/www.thema-med.com\/wp-content\/uploads\/2023\/06\/Immagine1.jpg\",\"contentUrl\":\"https:\/\/www.thema-med.com\/wp-content\/uploads\/2023\/06\/Immagine1.jpg\",\"width\":1408,\"height\":792},{\"@type\":\"BreadcrumbList\",\"@id\":\"https:\/\/www.thema-med.com\/es\/servicios\/helpdesk-resenas-en-la-plataforma-en-linea\/#breadcrumb\",\"itemListElement\":[{\"@type\":\"ListItem\",\"position\":1,\"name\":\"Home\",\"item\":\"https:\/\/www.thema-med.com\/es\/\"},{\"@type\":\"ListItem\",\"position\":2,\"name\":\"Servicios\",\"item\":\"https:\/\/www.thema-med.com\/es\/servizi-consulenza-strategico-regolatoria-aziende-dispositivi-medici-strumenti-medicali-dispositivi-medico-diagnostici-in-vitro\/\"},{\"@type\":\"ListItem\",\"position\":3,\"name\":\"HelpDesk \u2013 Rese\u00f1as en la plataforma en l\u00ednea\"}]},{\"@type\":\"WebSite\",\"@id\":\"https:\/\/www.thema-med.com\/es\/#website\",\"url\":\"https:\/\/www.thema-med.com\/es\/\",\"name\":\"Thema - Medical Regulatory Consultancy\",\"description\":\"Quality and Regulatory Affairs for Medical Devices\",\"publisher\":{\"@id\":\"https:\/\/www.thema-med.com\/es\/#organization\"},\"potentialAction\":[{\"@type\":\"SearchAction\",\"target\":{\"@type\":\"EntryPoint\",\"urlTemplate\":\"https:\/\/www.thema-med.com\/es\/?s={search_term_string}\"},\"query-input\":{\"@type\":\"PropertyValueSpecification\",\"valueRequired\":true,\"valueName\":\"search_term_string\"}}],\"inLanguage\":\"es\"},{\"@type\":[\"Organization\",\"Place\"],\"@id\":\"https:\/\/www.thema-med.com\/es\/#organization\",\"name\":\"Thema\",\"alternateName\":\"Thema\",\"url\":\"https:\/\/www.thema-med.com\/es\/\",\"logo\":{\"@type\":\"ImageObject\",\"inLanguage\":\"es\",\"@id\":\"https:\/\/www.thema-med.com\/es\/#\/schema\/logo\/image\/\",\"url\":\"https:\/\/www.thema-med.com\/wp-content\/uploads\/2022\/11\/logo-Themasrl-COLOR-hires-2440.png\",\"contentUrl\":\"https:\/\/www.thema-med.com\/wp-content\/uploads\/2022\/11\/logo-Themasrl-COLOR-hires-2440.png\",\"width\":2440,\"height\":2851,\"caption\":\"Thema\"},\"image\":{\"@id\":\"https:\/\/www.thema-med.com\/es\/#\/schema\/logo\/image\/\"},\"sameAs\":[\"https:\/\/www.linkedin.com\/company\/thema-s-r-l-\/\"],\"mainEntityOfPage\":{\"@id\":\"https:\/\/www.thema-med.com\/es\/servicios\/helpdesk-resenas-en-la-plataforma-en-linea\/\"}}]}<\/script>\n<!-- \/ Yoast SEO plugin. -->","yoast_head_json":{"title":"HelpDesk \u2013 Rese\u00f1as en la plataforma en l\u00ednea - Thema - Medical Regulatory Consultancy","robots":{"index":"index","follow":"follow","max-snippet":"max-snippet:-1","max-image-preview":"max-image-preview:large","max-video-preview":"max-video-preview:-1"},"canonical":"https:\/\/www.thema-med.com\/es\/servicios\/helpdesk-resenas-en-la-plataforma-en-linea\/","og_locale":"es_ES","og_type":"article","og_title":"HelpDesk \u2013 Rese\u00f1as en la plataforma en l\u00ednea - Thema - Medical Regulatory Consultancy","og_url":"https:\/\/www.thema-med.com\/es\/servicios\/helpdesk-resenas-en-la-plataforma-en-linea\/","og_site_name":"Thema - Medical Regulatory Consultancy","article_modified_time":"2024-06-12T14:13:58+00:00","og_image":[{"width":1408,"height":792,"url":"https:\/\/www.thema-med.com\/wp-content\/uploads\/2023\/06\/Immagine1.jpg","type":"image\/jpeg"}],"twitter_card":"summary_large_image","twitter_misc":{"Tiempo de lectura":"2 minutos"},"schema":{"@context":"https:\/\/schema.org","@graph":[{"@type":"WebPage","@id":"https:\/\/www.thema-med.com\/es\/servicios\/helpdesk-resenas-en-la-plataforma-en-linea\/","url":"https:\/\/www.thema-med.com\/es\/servicios\/helpdesk-resenas-en-la-plataforma-en-linea\/","name":"HelpDesk \u2013 Rese\u00f1as en la plataforma en l\u00ednea - Thema - Medical Regulatory Consultancy","isPartOf":{"@id":"https:\/\/www.thema-med.com\/es\/#website"},"primaryImageOfPage":{"@id":"https:\/\/www.thema-med.com\/es\/servicios\/helpdesk-resenas-en-la-plataforma-en-linea\/#primaryimage"},"image":{"@id":"https:\/\/www.thema-med.com\/es\/servicios\/helpdesk-resenas-en-la-plataforma-en-linea\/#primaryimage"},"thumbnailUrl":"https:\/\/www.thema-med.com\/wp-content\/uploads\/2023\/06\/Immagine1.jpg","datePublished":"2023-07-10T07:19:57+00:00","dateModified":"2024-06-12T14:13:58+00:00","breadcrumb":{"@id":"https:\/\/www.thema-med.com\/es\/servicios\/helpdesk-resenas-en-la-plataforma-en-linea\/#breadcrumb"},"inLanguage":"es","potentialAction":[{"@type":"ReadAction","target":["https:\/\/www.thema-med.com\/es\/servicios\/helpdesk-resenas-en-la-plataforma-en-linea\/"]}]},{"@type":"ImageObject","inLanguage":"es","@id":"https:\/\/www.thema-med.com\/es\/servicios\/helpdesk-resenas-en-la-plataforma-en-linea\/#primaryimage","url":"https:\/\/www.thema-med.com\/wp-content\/uploads\/2023\/06\/Immagine1.jpg","contentUrl":"https:\/\/www.thema-med.com\/wp-content\/uploads\/2023\/06\/Immagine1.jpg","width":1408,"height":792},{"@type":"BreadcrumbList","@id":"https:\/\/www.thema-med.com\/es\/servicios\/helpdesk-resenas-en-la-plataforma-en-linea\/#breadcrumb","itemListElement":[{"@type":"ListItem","position":1,"name":"Home","item":"https:\/\/www.thema-med.com\/es\/"},{"@type":"ListItem","position":2,"name":"Servicios","item":"https:\/\/www.thema-med.com\/es\/servizi-consulenza-strategico-regolatoria-aziende-dispositivi-medici-strumenti-medicali-dispositivi-medico-diagnostici-in-vitro\/"},{"@type":"ListItem","position":3,"name":"HelpDesk \u2013 Rese\u00f1as en la plataforma en l\u00ednea"}]},{"@type":"WebSite","@id":"https:\/\/www.thema-med.com\/es\/#website","url":"https:\/\/www.thema-med.com\/es\/","name":"Thema - Medical Regulatory Consultancy","description":"Quality and Regulatory Affairs for Medical Devices","publisher":{"@id":"https:\/\/www.thema-med.com\/es\/#organization"},"potentialAction":[{"@type":"SearchAction","target":{"@type":"EntryPoint","urlTemplate":"https:\/\/www.thema-med.com\/es\/?s={search_term_string}"},"query-input":{"@type":"PropertyValueSpecification","valueRequired":true,"valueName":"search_term_string"}}],"inLanguage":"es"},{"@type":["Organization","Place"],"@id":"https:\/\/www.thema-med.com\/es\/#organization","name":"Thema","alternateName":"Thema","url":"https:\/\/www.thema-med.com\/es\/","logo":{"@type":"ImageObject","inLanguage":"es","@id":"https:\/\/www.thema-med.com\/es\/#\/schema\/logo\/image\/","url":"https:\/\/www.thema-med.com\/wp-content\/uploads\/2022\/11\/logo-Themasrl-COLOR-hires-2440.png","contentUrl":"https:\/\/www.thema-med.com\/wp-content\/uploads\/2022\/11\/logo-Themasrl-COLOR-hires-2440.png","width":2440,"height":2851,"caption":"Thema"},"image":{"@id":"https:\/\/www.thema-med.com\/es\/#\/schema\/logo\/image\/"},"sameAs":["https:\/\/www.linkedin.com\/company\/thema-s-r-l-\/"],"mainEntityOfPage":{"@id":"https:\/\/www.thema-med.com\/es\/servicios\/helpdesk-resenas-en-la-plataforma-en-linea\/"}}]}},"_links":{"self":[{"href":"https:\/\/www.thema-med.com\/es\/wp-json\/wp\/v2\/pages\/28510","targetHints":{"allow":["GET"]}}],"collection":[{"href":"https:\/\/www.thema-med.com\/es\/wp-json\/wp\/v2\/pages"}],"about":[{"href":"https:\/\/www.thema-med.com\/es\/wp-json\/wp\/v2\/types\/page"}],"author":[{"embeddable":true,"href":"https:\/\/www.thema-med.com\/es\/wp-json\/wp\/v2\/users\/1"}],"replies":[{"embeddable":true,"href":"https:\/\/www.thema-med.com\/es\/wp-json\/wp\/v2\/comments?post=28510"}],"version-history":[{"count":11,"href":"https:\/\/www.thema-med.com\/es\/wp-json\/wp\/v2\/pages\/28510\/revisions"}],"predecessor-version":[{"id":32685,"href":"https:\/\/www.thema-med.com\/es\/wp-json\/wp\/v2\/pages\/28510\/revisions\/32685"}],"up":[{"embeddable":true,"href":"https:\/\/www.thema-med.com\/es\/wp-json\/wp\/v2\/pages\/7086"}],"wp:featuredmedia":[{"embeddable":true,"href":"https:\/\/www.thema-med.com\/es\/wp-json\/wp\/v2\/media\/28174"}],"wp:attachment":[{"href":"https:\/\/www.thema-med.com\/es\/wp-json\/wp\/v2\/media?parent=28510"}],"curies":[{"name":"wp","href":"https:\/\/api.w.org\/{rel}","templated":true}]}}