{"id":28184,"date":"2023-06-21T14:32:21","date_gmt":"2023-06-21T12:32:21","guid":{"rendered":"https:\/\/www.thema-med.com\/?page_id=28184"},"modified":"2023-06-30T09:58:55","modified_gmt":"2023-06-30T07:58:55","slug":"regtodate-servicio-de-actualizacion-de-la-normativa","status":"publish","type":"page","link":"https:\/\/www.thema-med.com\/es\/servicios\/regtodate-servicio-de-actualizacion-de-la-normativa\/","title":{"rendered":"RegToDate &#8211; Servicio de actualizaci\u00f3n de la normativa"},"content":{"rendered":"<p><div class=\"fusion-fullwidth fullwidth-box fusion-builder-row-1 fusion-flex-container nonhundred-percent-fullwidth non-hundred-percent-height-scrolling\" style=\"--awb-border-radius-top-left:0px;--awb-border-radius-top-right:0px;--awb-border-radius-bottom-right:0px;--awb-border-radius-bottom-left:0px;--awb-flex-wrap:wrap;\" ><div class=\"fusion-builder-row fusion-row fusion-flex-align-items-flex-start fusion-flex-justify-content-center fusion-flex-content-wrap\" style=\"max-width:1144px;margin-left: calc(-4% \/ 2 );margin-right: calc(-4% \/ 2 );\"><div class=\"fusion-layout-column fusion_builder_column fusion-builder-column-0 fusion_builder_column_1_2 1_2 fusion-flex-column\" style=\"--awb-bg-size:cover;--awb-width-large:50%;--awb-margin-top-large:0px;--awb-spacing-right-large:2.496%;--awb-margin-bottom-large:15px;--awb-spacing-left-large:3.84%;--awb-width-medium:100%;--awb-order-medium:0;--awb-spacing-right-medium:1.92%;--awb-spacing-left-medium:1.92%;--awb-width-small:100%;--awb-order-small:0;--awb-spacing-right-small:1.92%;--awb-spacing-left-small:1.92%;\"><div class=\"fusion-column-wrapper fusion-column-has-shadow fusion-flex-justify-content-flex-start fusion-content-layout-column\"><div class=\"fusion-image-element \" style=\"--awb-margin-top:25px;--awb-caption-title-font-family:var(--h2_typography-font-family);--awb-caption-title-font-weight:var(--h2_typography-font-weight);--awb-caption-title-font-style:var(--h2_typography-font-style);--awb-caption-title-size:var(--h2_typography-font-size);--awb-caption-title-transform:var(--h2_typography-text-transform);--awb-caption-title-line-height:var(--h2_typography-line-height);--awb-caption-title-letter-spacing:var(--h2_typography-letter-spacing);\"><span class=\" fusion-imageframe imageframe-none imageframe-1 hover-type-none\"><img decoding=\"async\" width=\"1024\" height=\"576\" title=\"RegtoDate\" src=\"https:\/\/www.thema-med.com\/wp-content\/uploads\/2023\/06\/RegtoDate-1024x576.jpg\" alt class=\"img-responsive wp-image-28427\" srcset=\"https:\/\/www.thema-med.com\/wp-content\/uploads\/2023\/06\/RegtoDate-200x113.jpg 200w, https:\/\/www.thema-med.com\/wp-content\/uploads\/2023\/06\/RegtoDate-400x225.jpg 400w, https:\/\/www.thema-med.com\/wp-content\/uploads\/2023\/06\/RegtoDate-600x338.jpg 600w, https:\/\/www.thema-med.com\/wp-content\/uploads\/2023\/06\/RegtoDate-800x450.jpg 800w, https:\/\/www.thema-med.com\/wp-content\/uploads\/2023\/06\/RegtoDate-1200x675.jpg 1200w, https:\/\/www.thema-med.com\/wp-content\/uploads\/2023\/06\/RegtoDate.jpg 1920w\" sizes=\"(max-width: 1024px) 100vw, (max-width: 640px) 100vw, 600px\" \/><\/span><\/div><\/div><\/div><div class=\"fusion-layout-column fusion_builder_column fusion-builder-column-1 fusion_builder_column_3_4 3_4 fusion-flex-column\" style=\"--awb-padding-top:20px;--awb-bg-blend:overlay;--awb-bg-size:cover;--awb-width-large:75%;--awb-margin-top-large:0px;--awb-spacing-right-large:2.56%;--awb-margin-bottom-large:0px;--awb-spacing-left-large:0.64%;--awb-width-medium:100%;--awb-spacing-right-medium:1.92%;--awb-spacing-left-medium:1.92%;--awb-width-small:100%;--awb-spacing-right-small:1.92%;--awb-spacing-left-small:1.92%;\"><div class=\"fusion-column-wrapper fusion-flex-justify-content-flex-start fusion-content-layout-column\"><div class=\"fusion-text fusion-text-1\"><p>RegToDate es el servicio creado por Thema para ayudar y apoyar a los fabricantes que necesitan estar al d\u00eda de los cambios legislativos, reglamentarios y normativos que caracterizan al sector de los productos sanitarios y el DIV a nivel nacional, europeo e internacional.<\/p>\n<p>La investigaci\u00f3n, el an\u00e1lisis y la selecci\u00f3n de leyes, normas y reglamentos suponen un reto especial para los fabricantes porque requieren <strong>mucho tiempo<\/strong> y <strong>recursos<\/strong> <strong>cualificados<\/strong>, deben realizarse de forma <strong>recurrente<\/strong> <strong>y continua<\/strong> y dependen del tipo de <strong>producto<\/strong> y de los <strong>procesos<\/strong> implicados.<\/p>\n<p>Con el servicio RegToDate, Thema:<\/p>\n<ul>\n<li>lleva a cabo la investigaci\u00f3n, el an\u00e1lisis y la selecci\u00f3n de medidas <strong>en nombre del fabricante<\/strong>;<\/li>\n<li>desarrolla la actividad de forma <strong>personalizada<\/strong>, teniendo en cuenta el producto y la organizaci\u00f3n;<\/li>\n<li>lleva a cabo la actividad de forma <strong>exhaustiva<\/strong>;<\/li>\n<li>actualiza la <strong>lista<\/strong> de documentos de origen externo<\/li>\n<li>realiza de forma <strong>proactiva<\/strong> la actividad de actualizaci\u00f3n peri\u00f3dica.<\/li>\n<\/ul>\n<p>El servicio se divide en dos etapas, actualizaci\u00f3n inicial y mantenimiento.<\/p>\n<p>La <strong>actualizaci\u00f3n inicial<\/strong> incluye una f\u00f3rmula <strong>B\u00c1SICA<\/strong> y una f\u00f3rmula <strong>ESPECIAL<\/strong>. La primera incluye la <strong>comprobaci\u00f3n<\/strong> del estado de las normas t\u00e9cnicas en la lista de clientes, la comprobaci\u00f3n de nuevas versiones y la <strong>actualizaci\u00f3n<\/strong> de las normas en la misma lista, sin a\u00f1adir nuevos elementos. La segunda incluye, adem\u00e1s del servicio b\u00e1sico, la integraci\u00f3n con otras medidas como leyes y directrices aplicables.<\/p>\n<p>El <strong>mantenimiento<\/strong> s\u00f3lo puede llevarse a cabo una vez completado el primer paso y requiere la definici\u00f3n de un <strong>calendario<\/strong> de actualizaci\u00f3n con el fabricante. Este paso consiste en comprobar el estado de las leyes, normas y directrices en la lista de clientes, comprobar si hay nuevas revisiones y <strong>actualizarlas<\/strong> en la lista de clientes, sin a\u00f1adir nuevos elementos.<\/p>\n<\/div><\/div><\/div><\/div><\/div><div class=\"fusion-fullwidth fullwidth-box fusion-builder-row-2 fusion-flex-container has-pattern-background has-mask-background nonhundred-percent-fullwidth non-hundred-percent-height-scrolling\" style=\"--awb-border-radius-top-left:0px;--awb-border-radius-top-right:0px;--awb-border-radius-bottom-right:0px;--awb-border-radius-bottom-left:0px;--awb-flex-wrap:wrap;\" ><div class=\"fusion-builder-row fusion-row fusion-flex-align-items-flex-start fusion-flex-content-wrap\" style=\"max-width:1144px;margin-left: calc(-4% \/ 2 );margin-right: calc(-4% \/ 2 );\"><div class=\"fusion-layout-column fusion_builder_column fusion-builder-column-2 fusion_builder_column_1_1 1_1 fusion-flex-column\" style=\"--awb-padding-top:20px;--awb-padding-bottom:20px;--awb-padding-right-small:20px;--awb-padding-left-small:20px;--awb-bg-color:var(--awb-custom12);--awb-bg-color-hover:var(--awb-custom12);--awb-bg-size:cover;--awb-width-large:100%;--awb-margin-top-large:10px;--awb-spacing-right-large:1.92%;--awb-margin-bottom-large:0px;--awb-spacing-left-large:1.92%;--awb-width-medium:100%;--awb-order-medium:0;--awb-spacing-right-medium:1.92%;--awb-spacing-left-medium:1.92%;--awb-width-small:100%;--awb-order-small:0;--awb-spacing-right-small:1.92%;--awb-spacing-left-small:1.92%;\"><div class=\"fusion-column-wrapper fusion-column-has-shadow fusion-flex-justify-content-flex-start fusion-content-layout-column\"><div class=\"fusion-text fusion-text-2\" style=\"--awb-content-alignment:center;--awb-text-color:var(--awb-color1);\"><p>\u00bfQuiere saber m\u00e1s sobre el servicio RegToDate?<\/p>\n<\/div><div style=\"text-align:center;\"><a class=\"fusion-button button-flat fusion-button-default-size button-custom fusion-button-default button-1 fusion-button-default-span fusion-button-default-type\" style=\"--button_accent_color:#ffffff;--button_accent_hover_color:var(--awb-custom12);--button_border_hover_color:var(--awb-color1);--button-border-radius-top-left:10px;--button-border-radius-top-right:10px;--button-border-radius-bottom-right:10px;--button-border-radius-bottom-left:10px;--button_gradient_top_color:var(--awb-custom12);--button_gradient_bottom_color:var(--awb-custom12);--button_gradient_top_color_hover:var(--awb-color1);--button_gradient_bottom_color_hover:var(--awb-color1);--button_text_transform:var(--awb-typography4-text-transform);--button_font_size:var(--awb-typography4-font-size);--button_line_height:var(--awb-typography4-line-height);--button_typography-letter-spacing:var(--awb-typography4-letter-spacing);--button_typography-font-family:&quot;Montserrat&quot;;--button_typography-font-style:normal;--button_typography-font-weight:700;\" target=\"_self\" href=\"https:\/\/www.thema-med.com\/es\/contactanos\/\"><span class=\"fusion-button-text awb-button__text awb-button__text--default\">CONTACTO<\/span><\/a><\/div><\/div><\/div><\/div><\/div><\/p>\n","protected":false},"excerpt":{"rendered":"","protected":false},"author":114,"featured_media":28174,"parent":7086,"menu_order":0,"comment_status":"closed","ping_status":"closed","template":"100-width.php","meta":{"_acf_changed":false,"_monsterinsights_skip_tracking":false,"_monsterinsights_sitenote_active":false,"_monsterinsights_sitenote_note":"","_monsterinsights_sitenote_category":0,"footnotes":""},"class_list":["post-28184","page","type-page","status-publish","has-post-thumbnail","hentry"],"acf":[],"yoast_head":"<!-- This site is optimized with the Yoast SEO plugin v26.0 - https:\/\/yoast.com\/wordpress\/plugins\/seo\/ -->\n<title>RegToDate - Servicio de actualizaci\u00f3n de la normativa - Thema - Medical Regulatory Consultancy<\/title>\n<meta name=\"robots\" content=\"index, follow, max-snippet:-1, max-image-preview:large, max-video-preview:-1\" \/>\n<link rel=\"canonical\" href=\"https:\/\/www.thema-med.com\/es\/servicios\/regtodate-servicio-de-actualizacion-de-la-normativa\/\" \/>\n<meta property=\"og:locale\" content=\"es_ES\" \/>\n<meta property=\"og:type\" content=\"article\" \/>\n<meta property=\"og:title\" content=\"RegToDate - Servicio de actualizaci\u00f3n de la normativa - Thema - Medical Regulatory Consultancy\" \/>\n<meta property=\"og:url\" content=\"https:\/\/www.thema-med.com\/es\/servicios\/regtodate-servicio-de-actualizacion-de-la-normativa\/\" \/>\n<meta property=\"og:site_name\" content=\"Thema - Medical Regulatory Consultancy\" \/>\n<meta property=\"article:modified_time\" content=\"2023-06-30T07:58:55+00:00\" \/>\n<meta property=\"og:image\" content=\"https:\/\/www.thema-med.com\/wp-content\/uploads\/2023\/06\/Immagine1.jpg\" \/>\n\t<meta property=\"og:image:width\" content=\"1408\" \/>\n\t<meta property=\"og:image:height\" content=\"792\" \/>\n\t<meta property=\"og:image:type\" content=\"image\/jpeg\" \/>\n<meta name=\"twitter:card\" content=\"summary_large_image\" \/>\n<meta name=\"twitter:label1\" content=\"Tiempo de lectura\" \/>\n\t<meta name=\"twitter:data1\" content=\"4 minutos\" \/>\n<script type=\"application\/ld+json\" class=\"yoast-schema-graph\">{\"@context\":\"https:\/\/schema.org\",\"@graph\":[{\"@type\":\"WebPage\",\"@id\":\"https:\/\/www.thema-med.com\/es\/servicios\/regtodate-servicio-de-actualizacion-de-la-normativa\/\",\"url\":\"https:\/\/www.thema-med.com\/es\/servicios\/regtodate-servicio-de-actualizacion-de-la-normativa\/\",\"name\":\"RegToDate - Servicio de actualizaci\u00f3n de la normativa - Thema - Medical Regulatory Consultancy\",\"isPartOf\":{\"@id\":\"https:\/\/www.thema-med.com\/es\/#website\"},\"primaryImageOfPage\":{\"@id\":\"https:\/\/www.thema-med.com\/es\/servicios\/regtodate-servicio-de-actualizacion-de-la-normativa\/#primaryimage\"},\"image\":{\"@id\":\"https:\/\/www.thema-med.com\/es\/servicios\/regtodate-servicio-de-actualizacion-de-la-normativa\/#primaryimage\"},\"thumbnailUrl\":\"https:\/\/www.thema-med.com\/wp-content\/uploads\/2023\/06\/Immagine1.jpg\",\"datePublished\":\"2023-06-21T12:32:21+00:00\",\"dateModified\":\"2023-06-30T07:58:55+00:00\",\"breadcrumb\":{\"@id\":\"https:\/\/www.thema-med.com\/es\/servicios\/regtodate-servicio-de-actualizacion-de-la-normativa\/#breadcrumb\"},\"inLanguage\":\"es\",\"potentialAction\":[{\"@type\":\"ReadAction\",\"target\":[\"https:\/\/www.thema-med.com\/es\/servicios\/regtodate-servicio-de-actualizacion-de-la-normativa\/\"]}]},{\"@type\":\"ImageObject\",\"inLanguage\":\"es\",\"@id\":\"https:\/\/www.thema-med.com\/es\/servicios\/regtodate-servicio-de-actualizacion-de-la-normativa\/#primaryimage\",\"url\":\"https:\/\/www.thema-med.com\/wp-content\/uploads\/2023\/06\/Immagine1.jpg\",\"contentUrl\":\"https:\/\/www.thema-med.com\/wp-content\/uploads\/2023\/06\/Immagine1.jpg\",\"width\":1408,\"height\":792},{\"@type\":\"BreadcrumbList\",\"@id\":\"https:\/\/www.thema-med.com\/es\/servicios\/regtodate-servicio-de-actualizacion-de-la-normativa\/#breadcrumb\",\"itemListElement\":[{\"@type\":\"ListItem\",\"position\":1,\"name\":\"Home\",\"item\":\"https:\/\/www.thema-med.com\/es\/\"},{\"@type\":\"ListItem\",\"position\":2,\"name\":\"Servicios\",\"item\":\"https:\/\/www.thema-med.com\/es\/servizi-consulenza-strategico-regolatoria-aziende-dispositivi-medici-strumenti-medicali-dispositivi-medico-diagnostici-in-vitro\/\"},{\"@type\":\"ListItem\",\"position\":3,\"name\":\"RegToDate &#8211; Servicio de actualizaci\u00f3n de la normativa\"}]},{\"@type\":\"WebSite\",\"@id\":\"https:\/\/www.thema-med.com\/es\/#website\",\"url\":\"https:\/\/www.thema-med.com\/es\/\",\"name\":\"Thema - Medical Regulatory Consultancy\",\"description\":\"Quality and Regulatory Affairs for Medical Devices\",\"publisher\":{\"@id\":\"https:\/\/www.thema-med.com\/es\/#organization\"},\"potentialAction\":[{\"@type\":\"SearchAction\",\"target\":{\"@type\":\"EntryPoint\",\"urlTemplate\":\"https:\/\/www.thema-med.com\/es\/?s={search_term_string}\"},\"query-input\":{\"@type\":\"PropertyValueSpecification\",\"valueRequired\":true,\"valueName\":\"search_term_string\"}}],\"inLanguage\":\"es\"},{\"@type\":[\"Organization\",\"Place\"],\"@id\":\"https:\/\/www.thema-med.com\/es\/#organization\",\"name\":\"Thema\",\"alternateName\":\"Thema\",\"url\":\"https:\/\/www.thema-med.com\/es\/\",\"logo\":{\"@type\":\"ImageObject\",\"inLanguage\":\"es\",\"@id\":\"https:\/\/www.thema-med.com\/es\/#\/schema\/logo\/image\/\",\"url\":\"https:\/\/www.thema-med.com\/wp-content\/uploads\/2022\/11\/logo-Themasrl-COLOR-hires-2440.png\",\"contentUrl\":\"https:\/\/www.thema-med.com\/wp-content\/uploads\/2022\/11\/logo-Themasrl-COLOR-hires-2440.png\",\"width\":2440,\"height\":2851,\"caption\":\"Thema\"},\"image\":{\"@id\":\"https:\/\/www.thema-med.com\/es\/#\/schema\/logo\/image\/\"},\"sameAs\":[\"https:\/\/www.linkedin.com\/company\/thema-s-r-l-\/\"],\"mainEntityOfPage\":{\"@id\":\"https:\/\/www.thema-med.com\/es\/servicios\/regtodate-servicio-de-actualizacion-de-la-normativa\/\"}}]}<\/script>\n<!-- \/ Yoast SEO plugin. -->","yoast_head_json":{"title":"RegToDate - Servicio de actualizaci\u00f3n de la normativa - Thema - Medical Regulatory Consultancy","robots":{"index":"index","follow":"follow","max-snippet":"max-snippet:-1","max-image-preview":"max-image-preview:large","max-video-preview":"max-video-preview:-1"},"canonical":"https:\/\/www.thema-med.com\/es\/servicios\/regtodate-servicio-de-actualizacion-de-la-normativa\/","og_locale":"es_ES","og_type":"article","og_title":"RegToDate - Servicio de actualizaci\u00f3n de la normativa - Thema - Medical Regulatory Consultancy","og_url":"https:\/\/www.thema-med.com\/es\/servicios\/regtodate-servicio-de-actualizacion-de-la-normativa\/","og_site_name":"Thema - Medical Regulatory Consultancy","article_modified_time":"2023-06-30T07:58:55+00:00","og_image":[{"width":1408,"height":792,"url":"https:\/\/www.thema-med.com\/wp-content\/uploads\/2023\/06\/Immagine1.jpg","type":"image\/jpeg"}],"twitter_card":"summary_large_image","twitter_misc":{"Tiempo de lectura":"4 minutos"},"schema":{"@context":"https:\/\/schema.org","@graph":[{"@type":"WebPage","@id":"https:\/\/www.thema-med.com\/es\/servicios\/regtodate-servicio-de-actualizacion-de-la-normativa\/","url":"https:\/\/www.thema-med.com\/es\/servicios\/regtodate-servicio-de-actualizacion-de-la-normativa\/","name":"RegToDate - Servicio de actualizaci\u00f3n de la normativa - Thema - Medical Regulatory Consultancy","isPartOf":{"@id":"https:\/\/www.thema-med.com\/es\/#website"},"primaryImageOfPage":{"@id":"https:\/\/www.thema-med.com\/es\/servicios\/regtodate-servicio-de-actualizacion-de-la-normativa\/#primaryimage"},"image":{"@id":"https:\/\/www.thema-med.com\/es\/servicios\/regtodate-servicio-de-actualizacion-de-la-normativa\/#primaryimage"},"thumbnailUrl":"https:\/\/www.thema-med.com\/wp-content\/uploads\/2023\/06\/Immagine1.jpg","datePublished":"2023-06-21T12:32:21+00:00","dateModified":"2023-06-30T07:58:55+00:00","breadcrumb":{"@id":"https:\/\/www.thema-med.com\/es\/servicios\/regtodate-servicio-de-actualizacion-de-la-normativa\/#breadcrumb"},"inLanguage":"es","potentialAction":[{"@type":"ReadAction","target":["https:\/\/www.thema-med.com\/es\/servicios\/regtodate-servicio-de-actualizacion-de-la-normativa\/"]}]},{"@type":"ImageObject","inLanguage":"es","@id":"https:\/\/www.thema-med.com\/es\/servicios\/regtodate-servicio-de-actualizacion-de-la-normativa\/#primaryimage","url":"https:\/\/www.thema-med.com\/wp-content\/uploads\/2023\/06\/Immagine1.jpg","contentUrl":"https:\/\/www.thema-med.com\/wp-content\/uploads\/2023\/06\/Immagine1.jpg","width":1408,"height":792},{"@type":"BreadcrumbList","@id":"https:\/\/www.thema-med.com\/es\/servicios\/regtodate-servicio-de-actualizacion-de-la-normativa\/#breadcrumb","itemListElement":[{"@type":"ListItem","position":1,"name":"Home","item":"https:\/\/www.thema-med.com\/es\/"},{"@type":"ListItem","position":2,"name":"Servicios","item":"https:\/\/www.thema-med.com\/es\/servizi-consulenza-strategico-regolatoria-aziende-dispositivi-medici-strumenti-medicali-dispositivi-medico-diagnostici-in-vitro\/"},{"@type":"ListItem","position":3,"name":"RegToDate &#8211; Servicio de actualizaci\u00f3n de la normativa"}]},{"@type":"WebSite","@id":"https:\/\/www.thema-med.com\/es\/#website","url":"https:\/\/www.thema-med.com\/es\/","name":"Thema - Medical Regulatory Consultancy","description":"Quality and Regulatory Affairs for Medical Devices","publisher":{"@id":"https:\/\/www.thema-med.com\/es\/#organization"},"potentialAction":[{"@type":"SearchAction","target":{"@type":"EntryPoint","urlTemplate":"https:\/\/www.thema-med.com\/es\/?s={search_term_string}"},"query-input":{"@type":"PropertyValueSpecification","valueRequired":true,"valueName":"search_term_string"}}],"inLanguage":"es"},{"@type":["Organization","Place"],"@id":"https:\/\/www.thema-med.com\/es\/#organization","name":"Thema","alternateName":"Thema","url":"https:\/\/www.thema-med.com\/es\/","logo":{"@type":"ImageObject","inLanguage":"es","@id":"https:\/\/www.thema-med.com\/es\/#\/schema\/logo\/image\/","url":"https:\/\/www.thema-med.com\/wp-content\/uploads\/2022\/11\/logo-Themasrl-COLOR-hires-2440.png","contentUrl":"https:\/\/www.thema-med.com\/wp-content\/uploads\/2022\/11\/logo-Themasrl-COLOR-hires-2440.png","width":2440,"height":2851,"caption":"Thema"},"image":{"@id":"https:\/\/www.thema-med.com\/es\/#\/schema\/logo\/image\/"},"sameAs":["https:\/\/www.linkedin.com\/company\/thema-s-r-l-\/"],"mainEntityOfPage":{"@id":"https:\/\/www.thema-med.com\/es\/servicios\/regtodate-servicio-de-actualizacion-de-la-normativa\/"}}]}},"_links":{"self":[{"href":"https:\/\/www.thema-med.com\/es\/wp-json\/wp\/v2\/pages\/28184","targetHints":{"allow":["GET"]}}],"collection":[{"href":"https:\/\/www.thema-med.com\/es\/wp-json\/wp\/v2\/pages"}],"about":[{"href":"https:\/\/www.thema-med.com\/es\/wp-json\/wp\/v2\/types\/page"}],"author":[{"embeddable":true,"href":"https:\/\/www.thema-med.com\/es\/wp-json\/wp\/v2\/users\/114"}],"replies":[{"embeddable":true,"href":"https:\/\/www.thema-med.com\/es\/wp-json\/wp\/v2\/comments?post=28184"}],"version-history":[{"count":7,"href":"https:\/\/www.thema-med.com\/es\/wp-json\/wp\/v2\/pages\/28184\/revisions"}],"predecessor-version":[{"id":28441,"href":"https:\/\/www.thema-med.com\/es\/wp-json\/wp\/v2\/pages\/28184\/revisions\/28441"}],"up":[{"embeddable":true,"href":"https:\/\/www.thema-med.com\/es\/wp-json\/wp\/v2\/pages\/7086"}],"wp:featuredmedia":[{"embeddable":true,"href":"https:\/\/www.thema-med.com\/es\/wp-json\/wp\/v2\/media\/28174"}],"wp:attachment":[{"href":"https:\/\/www.thema-med.com\/es\/wp-json\/wp\/v2\/media?parent=28184"}],"curies":[{"name":"wp","href":"https:\/\/api.w.org\/{rel}","templated":true}]}}