{"id":24537,"date":"2021-05-25T12:02:09","date_gmt":"2021-05-25T10:02:09","guid":{"rendered":"https:\/\/www.thema-med.com\/?page_id=24537"},"modified":"2026-02-03T15:52:06","modified_gmt":"2026-02-03T14:52:06","slug":"formacion-y-eventos","status":"publish","type":"page","link":"https:\/\/www.thema-med.com\/es\/formacion-y-eventos\/","title":{"rendered":"Formaci\u00f3n y eventos"},"content":{"rendered":"<div class=\"fusion-fullwidth fullwidth-box fusion-builder-row-1 fusion-flex-container nonhundred-percent-fullwidth non-hundred-percent-height-scrolling\" style=\"--awb-border-radius-top-left:0px;--awb-border-radius-top-right:0px;--awb-border-radius-bottom-right:0px;--awb-border-radius-bottom-left:0px;--awb-flex-wrap:wrap;\" ><div class=\"fusion-builder-row fusion-row fusion-flex-align-items-flex-start fusion-flex-content-wrap\" style=\"max-width:1144px;margin-left: calc(-4% \/ 2 );margin-right: calc(-4% \/ 2 );\"><div class=\"fusion-layout-column fusion_builder_column fusion-builder-column-0 fusion_builder_column_1_1 1_1 fusion-flex-column\" style=\"--awb-bg-size:cover;--awb-width-large:100%;--awb-margin-top-large:0px;--awb-spacing-right-large:1.92%;--awb-margin-bottom-large:0px;--awb-spacing-left-large:1.92%;--awb-width-medium:100%;--awb-spacing-right-medium:1.92%;--awb-spacing-left-medium:1.92%;--awb-width-small:100%;--awb-spacing-right-small:1.92%;--awb-spacing-left-small:1.92%;\"><div class=\"fusion-column-wrapper fusion-flex-justify-content-flex-start fusion-content-layout-column\"><div class=\"fusion-text fusion-text-1\"><div style=\"float: left; width: 70%;\">\n<p><strong>Valiosa formaci\u00f3n para los profesionales de la calidad y la reglamentaci\u00f3n<\/strong><\/p>\n<p>La Academy es el espacio formativo dedicado a las personas que trabajan en el \u00e1mbito de <strong>Quality &amp; Regulatory Affairs<\/strong> en el sector de los <strong>Dispositivos M\u00e9dicos y de los Dispositivos M\u00e9dicos de Diagn\u00f3stico in vitro<\/strong>.<\/p>\n<p>La misi\u00f3n es ofrecer <strong>cursos de alto valor formativo<\/strong> con el fin de transferir a los profesionales las herramientas te\u00f3ricas y pr\u00e1cticas capaces de apoyar a su empresa en la consecuci\u00f3n de los objetivos m\u00e1s ambiciosos, <strong>al ritmo de los cambiantes escenarios normativos.<\/strong><\/p>\n<p>En colaboraci\u00f3n con los expertos de Thema y con valiosos socios, <strong>la Academy dise\u00f1a, propone y organiza seminarios, cursos especializados y m\u00e1steres<\/strong> que permiten desarrollar las habilidades distintivas para gestionar con \u00e9xito las <strong>actividades de Calidad y Regulaci\u00f3n<\/strong> en el contexto empresarial y marcar la diferencia en los mercados nacionales e internacionales.<\/p>\n<p>La Academy presenta un amplio <strong>cat\u00e1logo de formaci\u00f3n<\/strong> con eventos de formaci\u00f3n presenciales y en directo.<\/p>\n<p>El dise\u00f1o y la impartici\u00f3n de eventos de formaci\u00f3n para el sector m\u00e9dico forman parte de los procesos de Thema que cuentan con <strong>las certificaciones ISO 9001, ISO 13485:2016 y <\/strong><span style=\"background-color: rgba(0, 0, 0, 0);\"><b>ISO 21001<\/b><\/span><span style=\"background-color: rgba(0, 0, 0, 0);\">, que dan fe de la <\/span><strong style=\"background-color: rgba(0, 0, 0, 0);\">alt\u00edsima calidad de nuestra Academy.<\/strong><\/p>\n<p>Gracias a un <strong>Sistema de Gesti\u00f3n de la Calidad<\/strong> <strong>que funciona perfectamente<\/strong>, la Academy forma hoy en d\u00eda a profesionales capaces de aportar <strong>un incre\u00edble valor a\u00f1adido a s\u00ed mismos <\/strong>y a <strong>las organizaciones de las que forman parte.<\/strong><\/p>\n<p><strong>Los rasgos distintivos de la Academy:<\/strong><\/p>\n<ul>\n<li>Multidisciplinariedad y capilaridad de las propuestas de formaci\u00f3n<\/li>\n<li>M\u00e9todos de ense\u00f1anza innovadores y libertad de uso<\/li>\n<li>S\u00f3lo los mejores profesores profesionales<\/li>\n<li>La formaci\u00f3n como experiencia personal valiosa<\/li>\n<\/ul>\n<p><img decoding=\"async\" class=\"alignnone wp-image-16132 size-medium\" src=\"https:\/\/www.thema-med.com\/wp-content\/uploads\/2020\/09\/MDG-300x131.png\" alt=\"MDG MedGenerAction\" width=\"300\" height=\"131\"><\/p>\n<p>Complife Group, del que Thema forma parte, organiza cada a\u00f1o desde 2015 <strong>MDG &#8211; MedGenerAction<\/strong>, el mayor evento dedicado a las Actividades Regulatorias aplicadas a los dispositivos m\u00e9dicos. La cumbre es un <strong>punto de referencia de excelencia<\/strong> para todos los profesionales que pueden intercambiar experiencias y adquirir conocimientos con la contribuci\u00f3n de <strong>los actores m\u00e1s significativos y los expertos m\u00e1s autorizados en el campo<\/strong>.<\/p>\n<p>Cada a\u00f1o, el ambiente evocador y relajado, combinado con los temas t\u00e9cnicos, desafiantes y de actualidad, crean <strong>un d\u00eda apasionante de difusi\u00f3n de informaci\u00f3n, actualizaci\u00f3n y debate.<\/strong><\/p>\n<\/div>\n<div id=\"serviceslist\" style=\"float: left; width: 27%; margin-left: 1.5%; padding-left: 1.5%; border-left: 1px solid;\">\n<p><a href=\"https:\/\/www.thema-med.com\/es\/servicios\/kit-de-emergencia-ivdr\/\">Kit de Emergencia IVDR<\/a><\/p>\n<p><a href=\"https:\/\/www.thema-med.com\/es\/servicios\/nuevo-kit-de-emergencia-mdr\/\">Kit de Emergencia MDR<\/a><\/p>\n<p><a href=\"https:\/\/www.thema-med.com\/es\/servicios\/consultoria-estrategico-regulatoria\/\">Consulencia estrat\u00e9gico-regulatoria<\/a><\/p>\n<p><a href=\"https:\/\/www.thema-med.com\/es\/servicios\/apoyo-para-la-certificacion-ce\/\">Apoyo para la certificaci\u00f3n CE<\/a><\/p>\n<p><a href=\"https:\/\/www.thema-med.com\/es\/servicios\/registros-ministeriales-italianos-y-europeos\/\">Registros ministeriales italianos y europeos<\/a><\/p>\n<p><a href=\"https:\/\/www.thema-med.com\/es\/servicios\/registros-internacionales-fuera-de-la-ue\/\">Registros internacionales extra-UE<\/a><\/p>\n<p><a href=\"https:\/\/www.thema-med.com\/es\/servicios\/representante-local\/\">Representante Local<\/a><\/p>\n<p><a href=\"https:\/\/www.thema-med.com\/es\/servicios\/callida-y-bpf-internacionales\/\">Calidad y BPF internacionales<\/a><\/p>\n<p><a href=\"https:\/\/www.thema-med.com\/es\/formacion-y-eventos\/\">Formaci\u00f3n y eventos<\/a><\/p>\n<\/div>\n<div> <\/div>\n<\/div><\/div><\/div><\/div><\/div>\n","protected":false},"excerpt":{"rendered":"","protected":false},"author":114,"featured_media":0,"parent":0,"menu_order":0,"comment_status":"closed","ping_status":"closed","template":"100-width.php","meta":{"_acf_changed":false,"_monsterinsights_skip_tracking":false,"_monsterinsights_sitenote_active":false,"_monsterinsights_sitenote_note":"","_monsterinsights_sitenote_category":0,"footnotes":""},"class_list":["post-24537","page","type-page","status-publish","hentry"],"acf":[],"yoast_head":"<!-- This site is optimized with the Yoast SEO plugin v26.0 - https:\/\/yoast.com\/wordpress\/plugins\/seo\/ -->\n<title>Formaci\u00f3n y eventos - Thema - Medical Regulatory Consultancy<\/title>\n<meta name=\"robots\" content=\"index, follow, max-snippet:-1, max-image-preview:large, max-video-preview:-1\" \/>\n<link rel=\"canonical\" href=\"https:\/\/www.thema-med.com\/es\/formacion-y-eventos\/\" \/>\n<meta property=\"og:locale\" content=\"es_ES\" \/>\n<meta property=\"og:type\" content=\"article\" \/>\n<meta property=\"og:title\" content=\"Formaci\u00f3n y eventos - Thema - Medical Regulatory Consultancy\" \/>\n<meta property=\"og:url\" content=\"https:\/\/www.thema-med.com\/es\/formacion-y-eventos\/\" \/>\n<meta property=\"og:site_name\" content=\"Thema - Medical Regulatory Consultancy\" \/>\n<meta property=\"article:modified_time\" content=\"2026-02-03T14:52:06+00:00\" \/>\n<meta property=\"og:image\" content=\"https:\/\/www.thema-med.com\/wp-content\/uploads\/2020\/09\/MDG-300x131.png\" \/>\n<meta name=\"twitter:card\" content=\"summary_large_image\" \/>\n<meta name=\"twitter:label1\" content=\"Tiempo de lectura\" \/>\n\t<meta name=\"twitter:data1\" content=\"3 minutos\" \/>\n<script type=\"application\/ld+json\" class=\"yoast-schema-graph\">{\"@context\":\"https:\/\/schema.org\",\"@graph\":[{\"@type\":\"WebPage\",\"@id\":\"https:\/\/www.thema-med.com\/es\/formacion-y-eventos\/\",\"url\":\"https:\/\/www.thema-med.com\/es\/formacion-y-eventos\/\",\"name\":\"Formaci\u00f3n y eventos - Thema - Medical Regulatory Consultancy\",\"isPartOf\":{\"@id\":\"https:\/\/www.thema-med.com\/es\/#website\"},\"primaryImageOfPage\":{\"@id\":\"https:\/\/www.thema-med.com\/es\/formacion-y-eventos\/#primaryimage\"},\"image\":{\"@id\":\"https:\/\/www.thema-med.com\/es\/formacion-y-eventos\/#primaryimage\"},\"thumbnailUrl\":\"https:\/\/www.thema-med.com\/wp-content\/uploads\/2020\/09\/MDG-300x131.png\",\"datePublished\":\"2021-05-25T10:02:09+00:00\",\"dateModified\":\"2026-02-03T14:52:06+00:00\",\"breadcrumb\":{\"@id\":\"https:\/\/www.thema-med.com\/es\/formacion-y-eventos\/#breadcrumb\"},\"inLanguage\":\"es\",\"potentialAction\":[{\"@type\":\"ReadAction\",\"target\":[\"https:\/\/www.thema-med.com\/es\/formacion-y-eventos\/\"]}]},{\"@type\":\"ImageObject\",\"inLanguage\":\"es\",\"@id\":\"https:\/\/www.thema-med.com\/es\/formacion-y-eventos\/#primaryimage\",\"url\":\"https:\/\/www.thema-med.com\/wp-content\/uploads\/2020\/09\/MDG-300x131.png\",\"contentUrl\":\"https:\/\/www.thema-med.com\/wp-content\/uploads\/2020\/09\/MDG-300x131.png\"},{\"@type\":\"BreadcrumbList\",\"@id\":\"https:\/\/www.thema-med.com\/es\/formacion-y-eventos\/#breadcrumb\",\"itemListElement\":[{\"@type\":\"ListItem\",\"position\":1,\"name\":\"Home\",\"item\":\"https:\/\/www.thema-med.com\/es\/\"},{\"@type\":\"ListItem\",\"position\":2,\"name\":\"Formaci\u00f3n y eventos\"}]},{\"@type\":\"WebSite\",\"@id\":\"https:\/\/www.thema-med.com\/es\/#website\",\"url\":\"https:\/\/www.thema-med.com\/es\/\",\"name\":\"Thema - Medical Regulatory Consultancy\",\"description\":\"Quality and Regulatory Affairs for Medical Devices\",\"publisher\":{\"@id\":\"https:\/\/www.thema-med.com\/es\/#organization\"},\"potentialAction\":[{\"@type\":\"SearchAction\",\"target\":{\"@type\":\"EntryPoint\",\"urlTemplate\":\"https:\/\/www.thema-med.com\/es\/?s={search_term_string}\"},\"query-input\":{\"@type\":\"PropertyValueSpecification\",\"valueRequired\":true,\"valueName\":\"search_term_string\"}}],\"inLanguage\":\"es\"},{\"@type\":[\"Organization\",\"Place\"],\"@id\":\"https:\/\/www.thema-med.com\/es\/#organization\",\"name\":\"Thema\",\"alternateName\":\"Thema\",\"url\":\"https:\/\/www.thema-med.com\/es\/\",\"logo\":{\"@type\":\"ImageObject\",\"inLanguage\":\"es\",\"@id\":\"https:\/\/www.thema-med.com\/es\/#\/schema\/logo\/image\/\",\"url\":\"https:\/\/www.thema-med.com\/wp-content\/uploads\/2022\/11\/logo-Themasrl-COLOR-hires-2440.png\",\"contentUrl\":\"https:\/\/www.thema-med.com\/wp-content\/uploads\/2022\/11\/logo-Themasrl-COLOR-hires-2440.png\",\"width\":2440,\"height\":2851,\"caption\":\"Thema\"},\"image\":{\"@id\":\"https:\/\/www.thema-med.com\/es\/#\/schema\/logo\/image\/\"},\"sameAs\":[\"https:\/\/www.linkedin.com\/company\/thema-s-r-l-\/\"],\"mainEntityOfPage\":{\"@id\":\"https:\/\/www.thema-med.com\/es\/formacion-y-eventos\/\"}}]}<\/script>\n<!-- \/ Yoast SEO plugin. -->","yoast_head_json":{"title":"Formaci\u00f3n y eventos - Thema - Medical Regulatory Consultancy","robots":{"index":"index","follow":"follow","max-snippet":"max-snippet:-1","max-image-preview":"max-image-preview:large","max-video-preview":"max-video-preview:-1"},"canonical":"https:\/\/www.thema-med.com\/es\/formacion-y-eventos\/","og_locale":"es_ES","og_type":"article","og_title":"Formaci\u00f3n y eventos - Thema - Medical Regulatory Consultancy","og_url":"https:\/\/www.thema-med.com\/es\/formacion-y-eventos\/","og_site_name":"Thema - Medical Regulatory Consultancy","article_modified_time":"2026-02-03T14:52:06+00:00","og_image":[{"url":"https:\/\/www.thema-med.com\/wp-content\/uploads\/2020\/09\/MDG-300x131.png","type":"","width":"","height":""}],"twitter_card":"summary_large_image","twitter_misc":{"Tiempo de lectura":"3 minutos"},"schema":{"@context":"https:\/\/schema.org","@graph":[{"@type":"WebPage","@id":"https:\/\/www.thema-med.com\/es\/formacion-y-eventos\/","url":"https:\/\/www.thema-med.com\/es\/formacion-y-eventos\/","name":"Formaci\u00f3n y eventos - Thema - Medical Regulatory Consultancy","isPartOf":{"@id":"https:\/\/www.thema-med.com\/es\/#website"},"primaryImageOfPage":{"@id":"https:\/\/www.thema-med.com\/es\/formacion-y-eventos\/#primaryimage"},"image":{"@id":"https:\/\/www.thema-med.com\/es\/formacion-y-eventos\/#primaryimage"},"thumbnailUrl":"https:\/\/www.thema-med.com\/wp-content\/uploads\/2020\/09\/MDG-300x131.png","datePublished":"2021-05-25T10:02:09+00:00","dateModified":"2026-02-03T14:52:06+00:00","breadcrumb":{"@id":"https:\/\/www.thema-med.com\/es\/formacion-y-eventos\/#breadcrumb"},"inLanguage":"es","potentialAction":[{"@type":"ReadAction","target":["https:\/\/www.thema-med.com\/es\/formacion-y-eventos\/"]}]},{"@type":"ImageObject","inLanguage":"es","@id":"https:\/\/www.thema-med.com\/es\/formacion-y-eventos\/#primaryimage","url":"https:\/\/www.thema-med.com\/wp-content\/uploads\/2020\/09\/MDG-300x131.png","contentUrl":"https:\/\/www.thema-med.com\/wp-content\/uploads\/2020\/09\/MDG-300x131.png"},{"@type":"BreadcrumbList","@id":"https:\/\/www.thema-med.com\/es\/formacion-y-eventos\/#breadcrumb","itemListElement":[{"@type":"ListItem","position":1,"name":"Home","item":"https:\/\/www.thema-med.com\/es\/"},{"@type":"ListItem","position":2,"name":"Formaci\u00f3n y eventos"}]},{"@type":"WebSite","@id":"https:\/\/www.thema-med.com\/es\/#website","url":"https:\/\/www.thema-med.com\/es\/","name":"Thema - Medical Regulatory Consultancy","description":"Quality and Regulatory Affairs for Medical Devices","publisher":{"@id":"https:\/\/www.thema-med.com\/es\/#organization"},"potentialAction":[{"@type":"SearchAction","target":{"@type":"EntryPoint","urlTemplate":"https:\/\/www.thema-med.com\/es\/?s={search_term_string}"},"query-input":{"@type":"PropertyValueSpecification","valueRequired":true,"valueName":"search_term_string"}}],"inLanguage":"es"},{"@type":["Organization","Place"],"@id":"https:\/\/www.thema-med.com\/es\/#organization","name":"Thema","alternateName":"Thema","url":"https:\/\/www.thema-med.com\/es\/","logo":{"@type":"ImageObject","inLanguage":"es","@id":"https:\/\/www.thema-med.com\/es\/#\/schema\/logo\/image\/","url":"https:\/\/www.thema-med.com\/wp-content\/uploads\/2022\/11\/logo-Themasrl-COLOR-hires-2440.png","contentUrl":"https:\/\/www.thema-med.com\/wp-content\/uploads\/2022\/11\/logo-Themasrl-COLOR-hires-2440.png","width":2440,"height":2851,"caption":"Thema"},"image":{"@id":"https:\/\/www.thema-med.com\/es\/#\/schema\/logo\/image\/"},"sameAs":["https:\/\/www.linkedin.com\/company\/thema-s-r-l-\/"],"mainEntityOfPage":{"@id":"https:\/\/www.thema-med.com\/es\/formacion-y-eventos\/"}}]}},"_links":{"self":[{"href":"https:\/\/www.thema-med.com\/es\/wp-json\/wp\/v2\/pages\/24537","targetHints":{"allow":["GET"]}}],"collection":[{"href":"https:\/\/www.thema-med.com\/es\/wp-json\/wp\/v2\/pages"}],"about":[{"href":"https:\/\/www.thema-med.com\/es\/wp-json\/wp\/v2\/types\/page"}],"author":[{"embeddable":true,"href":"https:\/\/www.thema-med.com\/es\/wp-json\/wp\/v2\/users\/114"}],"replies":[{"embeddable":true,"href":"https:\/\/www.thema-med.com\/es\/wp-json\/wp\/v2\/comments?post=24537"}],"version-history":[{"count":5,"href":"https:\/\/www.thema-med.com\/es\/wp-json\/wp\/v2\/pages\/24537\/revisions"}],"predecessor-version":[{"id":35314,"href":"https:\/\/www.thema-med.com\/es\/wp-json\/wp\/v2\/pages\/24537\/revisions\/35314"}],"wp:attachment":[{"href":"https:\/\/www.thema-med.com\/es\/wp-json\/wp\/v2\/media?parent=24537"}],"curies":[{"name":"wp","href":"https:\/\/api.w.org\/{rel}","templated":true}]}}