{"id":21849,"date":"2022-07-25T13:26:08","date_gmt":"2022-07-25T11:26:08","guid":{"rendered":"http:\/\/www.thema-med.eu\/?page_id=21849"},"modified":"2022-07-26T18:13:27","modified_gmt":"2022-07-26T16:13:27","slug":"biblioteca","status":"publish","type":"page","link":"https:\/\/www.thema-med.com\/es\/biblioteca\/","title":{"rendered":"Biblioteca"},"content":{"rendered":"<div class=\"fusion-fullwidth fullwidth-box fusion-builder-row-1 fusion-flex-container nonhundred-percent-fullwidth non-hundred-percent-height-scrolling\" style=\"--awb-background-position:left top;--awb-border-sizes-top:0px;--awb-border-sizes-bottom:0px;--awb-border-sizes-left:0px;--awb-border-sizes-right:0px;--awb-border-radius-top-left:0px;--awb-border-radius-top-right:0px;--awb-border-radius-bottom-right:0px;--awb-border-radius-bottom-left:0px;--awb-padding-top:0px;--awb-padding-bottom:0px;--awb-margin-bottom:20px;--awb-margin-bottom-medium:60px;--awb-margin-bottom-small:40px;--awb-flex-wrap:wrap;\" ><div class=\"fusion-builder-row fusion-row fusion-flex-align-items-flex-start fusion-flex-justify-content-center fusion-flex-content-wrap\" style=\"max-width:1144px;margin-left: calc(-4% \/ 2 );margin-right: calc(-4% \/ 2 );\"><div class=\"fusion-layout-column fusion_builder_column fusion-builder-column-0 fusion_builder_column_1_1 1_1 fusion-flex-column\" style=\"--awb-bg-size:cover;--awb-width-large:100%;--awb-margin-top-large:15px;--awb-spacing-right-large:1.92%;--awb-margin-bottom-large:15px;--awb-spacing-left-large:1.92%;--awb-width-medium:100%;--awb-order-medium:0;--awb-spacing-right-medium:1.92%;--awb-spacing-left-medium:1.92%;--awb-width-small:100%;--awb-order-small:0;--awb-spacing-right-small:1.92%;--awb-spacing-left-small:1.92%;\"><div class=\"fusion-column-wrapper fusion-column-has-shadow fusion-flex-justify-content-flex-start fusion-content-layout-column\"><div class=\"fusion-blog-shortcode fusion-blog-shortcode-1 fusion-blog-archive fusion-blog-layout-medium fusion-blog-pagination\"><div class=\"fusion-posts-container fusion-posts-container-pagination\" data-pages=\"5\"><article id=\"blog-1-post-34970\" class=\"fusion-post-medium post-34970 post type-post status-publish format-standard has-post-thumbnail hentry category-biblioteca\">\n\t<style type=\"text\/css\">\n\t\t\n\t\t\n\t\t\n\t\t\n\t\t\t<\/style>\n\n\n\t\t\t<div class=\"fusion-flexslider flexslider fusion-flexslider-loading fusion-post-slideshow\" style=\"\">\n\t\t<ul class=\"slides\">\n\t\t\t\n\t\t\t\t\t\t\t\t\t\t\t\t\t\t<li><div  class=\"fusion-image-wrapper fusion-image-size-fixed\" aria-haspopup=\"true\">\n\t\t\t\t\t\t\t<a href=\"https:\/\/www.thema-med.com\/es\/2025\/12\/09\/publicidad-y-comunicacion-de-productos-sanitarios-principios-y-normas-en-la-union-europea-e-italia\/\" aria-label=\"Publicidad y Comunicaci\u00f3n de Productos Sanitarios: Principios y Normas en la Uni\u00f3n Europea e Italia\">\n\t\t\t\t\t\t\t<img decoding=\"async\" width=\"320\" height=\"202\" src=\"https:\/\/www.thema-med.com\/wp-content\/uploads\/2025\/12\/librerie-2-320x202.jpg\" class=\"attachment-blog-medium size-blog-medium wp-post-image\" alt=\"\" srcset=\"https:\/\/www.thema-med.com\/wp-content\/uploads\/2025\/12\/librerie-2-320x202.jpg 320w, https:\/\/www.thema-med.com\/wp-content\/uploads\/2025\/12\/librerie-2-700x441.jpg 700w\" sizes=\"(max-width: 320px) 100vw, 320px\" \/>\t\t\t<\/a>\n\t\t\t\t\t\t\t<\/div>\n<\/li>\n\t\t\t\n\t\t\t\n\t\t\t\t\t\t\t\t\t\t\t\t\t\t\t\t\t\t\t\t\t\t\t\t\t\t\t\t\t\t\t\t\t\t\t\t\t\t\t\t\t\t\t\t\t\t\t\t\t\t\t\t\t\t\t\t\t\t\t\t\t\t\t\t\t\t\t\t<\/ul>\n\t<\/div>\n\t<div class=\"fusion-post-content post-content\"><h2 class=\"blog-shortcode-post-title entry-title\"><a href=\"https:\/\/www.thema-med.com\/es\/2025\/12\/09\/publicidad-y-comunicacion-de-productos-sanitarios-principios-y-normas-en-la-union-europea-e-italia\/\">Publicidad y Comunicaci\u00f3n de Productos Sanitarios: Principios y Normas en la Uni\u00f3n Europea e Italia<\/a><\/h2><div class=\"fusion-post-content-container\"><p>Desde la reglamentaci\u00f3n de la UE (MDR\/IVDR) hasta las Gu\u00edas espec\u00edficas italianas de 2025: este white paper recorre los principios [...]<\/p><\/div><\/div><div class=\"fusion-clearfix\"><\/div><div class=\"fusion-meta-info\"><div class=\"fusion-alignleft\"><span class=\"vcard\" style=\"display: none;\"><span class=\"fn\"><a href=\"https:\/\/www.thema-med.com\/es\/author\/ufficiomarketing\/\" title=\"Entradas de ufficiomarketing\" rel=\"author\">ufficiomarketing<\/a><\/span><\/span><span class=\"updated\" style=\"display:none;\">2025-12-11T16:24:43+01:00<\/span><span>09\/12\/2025<\/span><span class=\"fusion-inline-sep\">|<\/span><a href=\"https:\/\/www.thema-med.com\/es\/category\/biblioteca\/\" rel=\"category tag\">BIBLIOTECA<\/a><span class=\"fusion-inline-sep\">|<\/span><\/div><\/div><\/article>\n<article id=\"blog-1-post-34013\" class=\"fusion-post-medium post-34013 post type-post status-publish format-standard has-post-thumbnail hentry category-biblioteca\">\n\t<style type=\"text\/css\">\n\t\t\n\t\t\n\t\t\n\t\t\n\t\t\t<\/style>\n\n\n\t\t\t<div class=\"fusion-flexslider flexslider fusion-flexslider-loading fusion-post-slideshow\" style=\"\">\n\t\t<ul class=\"slides\">\n\t\t\t\n\t\t\t\t\t\t\t\t\t\t\t\t\t\t<li><div  class=\"fusion-image-wrapper fusion-image-size-fixed\" aria-haspopup=\"true\">\n\t\t\t\t\t\t\t<a href=\"https:\/\/www.thema-med.com\/es\/2025\/05\/19\/vigilancia-poscomercializacion-de-productos-sanitarios\/\" aria-label=\"Vigilancia poscomercializaci\u00f3n de productos sanitarios\">\n\t\t\t\t\t\t\t<img decoding=\"async\" width=\"320\" height=\"202\" src=\"https:\/\/www.thema-med.com\/wp-content\/uploads\/2025\/05\/ES-320x202.png\" class=\"attachment-blog-medium size-blog-medium wp-post-image\" alt=\"\" srcset=\"https:\/\/www.thema-med.com\/wp-content\/uploads\/2025\/05\/ES-320x202.png 320w, https:\/\/www.thema-med.com\/wp-content\/uploads\/2025\/05\/ES-700x441.png 700w\" sizes=\"(max-width: 320px) 100vw, 320px\" \/>\t\t\t<\/a>\n\t\t\t\t\t\t\t<\/div>\n<\/li>\n\t\t\t\n\t\t\t\n\t\t\t\t\t\t\t\t\t\t\t\t\t\t\t\t\t\t\t\t\t\t\t\t\t\t\t\t\t\t\t\t\t\t\t\t\t\t\t\t\t\t\t\t\t\t\t\t\t\t\t\t\t\t\t\t\t\t\t\t\t\t\t\t\t\t\t\t<\/ul>\n\t<\/div>\n\t<div class=\"fusion-post-content post-content\"><h2 class=\"blog-shortcode-post-title entry-title\"><a href=\"https:\/\/www.thema-med.com\/es\/2025\/05\/19\/vigilancia-poscomercializacion-de-productos-sanitarios\/\">Vigilancia poscomercializaci\u00f3n de productos sanitarios<\/a><\/h2><div class=\"fusion-post-content-container\"><p> Este libro blanco ofrece una visi\u00f3n general de los conceptos y requisitos b\u00e1sicos del sistema de vigilancia poscomercializaci\u00f3n (PMS) [...]<\/p><\/div><\/div><div class=\"fusion-clearfix\"><\/div><div class=\"fusion-meta-info\"><div class=\"fusion-alignleft\"><span class=\"vcard\" style=\"display: none;\"><span class=\"fn\"><a href=\"https:\/\/www.thema-med.com\/es\/author\/ufficiomarketing\/\" title=\"Entradas de ufficiomarketing\" rel=\"author\">ufficiomarketing<\/a><\/span><\/span><span class=\"updated\" style=\"display:none;\">2025-05-19T08:54:06+02:00<\/span><span>19\/05\/2025<\/span><span class=\"fusion-inline-sep\">|<\/span><a href=\"https:\/\/www.thema-med.com\/es\/category\/biblioteca\/\" rel=\"category tag\">BIBLIOTECA<\/a><span class=\"fusion-inline-sep\">|<\/span><\/div><\/div><\/article>\n<article id=\"blog-1-post-33405\" class=\"fusion-post-medium post-33405 post type-post status-publish format-standard has-post-thumbnail hentry category-biblioteca\">\n\t<style type=\"text\/css\">\n\t\t\n\t\t\n\t\t\n\t\t\n\t\t\t<\/style>\n\n\n\t\t\t<div class=\"fusion-flexslider flexslider fusion-flexslider-loading fusion-post-slideshow\" style=\"\">\n\t\t<ul class=\"slides\">\n\t\t\t\n\t\t\t\t\t\t\t\t\t\t\t\t\t\t<li><div  class=\"fusion-image-wrapper fusion-image-size-fixed\" aria-haspopup=\"true\">\n\t\t\t\t\t\t\t<a href=\"https:\/\/www.thema-med.com\/es\/2024\/12\/13\/mdg-2024-medgeneraction-health-matters-highlights\/\" aria-label=\"MDG 2024 &#8211; MedGenerAction Health Matters: Destaques\">\n\t\t\t\t\t\t\t<img decoding=\"async\" width=\"320\" height=\"202\" src=\"https:\/\/www.thema-med.com\/wp-content\/uploads\/2024\/12\/ES-1-320x202.png\" class=\"attachment-blog-medium size-blog-medium wp-post-image\" alt=\"\" srcset=\"https:\/\/www.thema-med.com\/wp-content\/uploads\/2024\/12\/ES-1-320x202.png 320w, https:\/\/www.thema-med.com\/wp-content\/uploads\/2024\/12\/ES-1-700x441.png 700w\" sizes=\"(max-width: 320px) 100vw, 320px\" \/>\t\t\t<\/a>\n\t\t\t\t\t\t\t<\/div>\n<\/li>\n\t\t\t\n\t\t\t\n\t\t\t\t\t\t\t\t\t\t\t\t\t\t\t\t\t\t\t\t\t\t\t\t\t\t\t\t\t\t\t\t\t\t\t\t\t\t\t\t\t\t\t\t\t\t\t\t\t\t\t\t\t\t\t\t\t\t\t\t\t\t\t\t\t\t\t\t<\/ul>\n\t<\/div>\n\t<div class=\"fusion-post-content post-content\"><h2 class=\"blog-shortcode-post-title entry-title\"><a href=\"https:\/\/www.thema-med.com\/es\/2024\/12\/13\/mdg-2024-medgeneraction-health-matters-highlights\/\">MDG 2024 &#8211; MedGenerAction Health Matters: Destaques<\/a><\/h2><div class=\"fusion-post-content-container\"><p> Este libro blanco recoge parte de la informaci\u00f3n clave presentada y debatida en la sesi\u00f3n matinal del evento MDG [...]<\/p><\/div><\/div><div class=\"fusion-clearfix\"><\/div><div class=\"fusion-meta-info\"><div class=\"fusion-alignleft\"><span class=\"vcard\" style=\"display: none;\"><span class=\"fn\"><a href=\"https:\/\/www.thema-med.com\/es\/author\/ufficiomarketing\/\" title=\"Entradas de ufficiomarketing\" rel=\"author\">ufficiomarketing<\/a><\/span><\/span><span class=\"updated\" style=\"display:none;\">2024-12-19T09:01:23+01:00<\/span><span>13\/12\/2024<\/span><span class=\"fusion-inline-sep\">|<\/span><a href=\"https:\/\/www.thema-med.com\/es\/category\/biblioteca\/\" rel=\"category tag\">BIBLIOTECA<\/a><span class=\"fusion-inline-sep\">|<\/span><\/div><\/div><\/article>\n<article id=\"blog-1-post-33361\" class=\"fusion-post-medium post-33361 post type-post status-publish format-standard has-post-thumbnail hentry category-biblioteca\">\n\t<style type=\"text\/css\">\n\t\t\n\t\t\n\t\t\n\t\t\n\t\t\t<\/style>\n\n\n\t\t\t<div class=\"fusion-flexslider flexslider fusion-flexslider-loading fusion-post-slideshow\" style=\"\">\n\t\t<ul class=\"slides\">\n\t\t\t\n\t\t\t\t\t\t\t\t\t\t\t\t\t\t<li><div  class=\"fusion-image-wrapper fusion-image-size-fixed\" aria-haspopup=\"true\">\n\t\t\t\t\t\t\t<a href=\"https:\/\/www.thema-med.com\/es\/2024\/12\/04\/guia-practica-para-laclasificacion-deproductos-sanitarios-en-ee-uu\/\" aria-label=\"Gu\u00eda pr\u00e1ctica para laclasificaci\u00f3n deproductos sanitarios en EE.UU\">\n\t\t\t\t\t\t\t<img decoding=\"async\" width=\"320\" height=\"202\" src=\"https:\/\/www.thema-med.com\/wp-content\/uploads\/2024\/12\/ES-320x202.png\" class=\"attachment-blog-medium size-blog-medium wp-post-image\" alt=\"\" srcset=\"https:\/\/www.thema-med.com\/wp-content\/uploads\/2024\/12\/ES-320x202.png 320w, https:\/\/www.thema-med.com\/wp-content\/uploads\/2024\/12\/ES-700x441.png 700w\" sizes=\"(max-width: 320px) 100vw, 320px\" \/>\t\t\t<\/a>\n\t\t\t\t\t\t\t<\/div>\n<\/li>\n\t\t\t\n\t\t\t\n\t\t\t\t\t\t\t\t\t\t\t\t\t\t\t\t\t\t\t\t\t\t\t\t\t\t\t\t\t\t\t\t\t\t\t\t\t\t\t\t\t\t\t\t\t\t\t\t\t\t\t\t\t\t\t\t\t\t\t\t\t\t\t\t\t\t\t\t<\/ul>\n\t<\/div>\n\t<div class=\"fusion-post-content post-content\"><h2 class=\"blog-shortcode-post-title entry-title\"><a href=\"https:\/\/www.thema-med.com\/es\/2024\/12\/04\/guia-practica-para-laclasificacion-deproductos-sanitarios-en-ee-uu\/\">Gu\u00eda pr\u00e1ctica para laclasificaci\u00f3n deproductos sanitarios en EE.UU<\/a><\/h2><div class=\"fusion-post-content-container\"><p> Este Libro Blanco es una gu\u00eda concisa y pr\u00e1ctica sobre la clasificaci\u00f3n de los productos sanitarios en Estados Unidos, [...]<\/p><\/div><\/div><div class=\"fusion-clearfix\"><\/div><div class=\"fusion-meta-info\"><div class=\"fusion-alignleft\"><span class=\"vcard\" style=\"display: none;\"><span class=\"fn\"><a href=\"https:\/\/www.thema-med.com\/es\/author\/ufficiomarketing\/\" title=\"Entradas de ufficiomarketing\" rel=\"author\">ufficiomarketing<\/a><\/span><\/span><span class=\"updated\" style=\"display:none;\">2024-12-10T10:19:56+01:00<\/span><span>04\/12\/2024<\/span><span class=\"fusion-inline-sep\">|<\/span><a href=\"https:\/\/www.thema-med.com\/es\/category\/biblioteca\/\" rel=\"category tag\">BIBLIOTECA<\/a><span class=\"fusion-inline-sep\">|<\/span><\/div><\/div><\/article>\n<article id=\"blog-1-post-32838\" class=\"fusion-post-medium post-32838 post type-post status-publish format-standard has-post-thumbnail hentry category-biblioteca\">\n\t<style type=\"text\/css\">\n\t\t\n\t\t\n\t\t\n\t\t\n\t\t\t<\/style>\n\n\n\t\t\t<div class=\"fusion-flexslider flexslider fusion-flexslider-loading fusion-post-slideshow\" style=\"\">\n\t\t<ul class=\"slides\">\n\t\t\t\n\t\t\t\t\t\t\t\t\t\t\t\t\t\t<li><div  class=\"fusion-image-wrapper fusion-image-size-fixed\" aria-haspopup=\"true\">\n\t\t\t\t\t\t\t<a href=\"https:\/\/www.thema-med.com\/es\/2024\/07\/18\/mdsap-requisitos-para-estados-unidos-fda\/\" aria-label=\"MDSAP: requisitos para Estados Unidos (FDA)\">\n\t\t\t\t\t\t\t<img decoding=\"async\" width=\"320\" height=\"180\" src=\"https:\/\/www.thema-med.com\/wp-content\/uploads\/2024\/07\/19072024_ES-320x180.jpg\" class=\"attachment-blog-medium size-blog-medium wp-post-image\" alt=\"\" srcset=\"https:\/\/www.thema-med.com\/wp-content\/uploads\/2024\/07\/19072024_ES-66x37.jpg 66w, https:\/\/www.thema-med.com\/wp-content\/uploads\/2024\/07\/19072024_ES-177x100.jpg 177w, https:\/\/www.thema-med.com\/wp-content\/uploads\/2024\/07\/19072024_ES-200x113.jpg 200w, https:\/\/www.thema-med.com\/wp-content\/uploads\/2024\/07\/19072024_ES-300x169.jpg 300w, https:\/\/www.thema-med.com\/wp-content\/uploads\/2024\/07\/19072024_ES-320x180.jpg 320w, https:\/\/www.thema-med.com\/wp-content\/uploads\/2024\/07\/19072024_ES-400x225.jpg 400w, https:\/\/www.thema-med.com\/wp-content\/uploads\/2024\/07\/19072024_ES-460x259.jpg 460w, https:\/\/www.thema-med.com\/wp-content\/uploads\/2024\/07\/19072024_ES-540x304.jpg 540w, https:\/\/www.thema-med.com\/wp-content\/uploads\/2024\/07\/19072024_ES-600x338.jpg 600w, https:\/\/www.thema-med.com\/wp-content\/uploads\/2024\/07\/19072024_ES-669x376.jpg 669w, https:\/\/www.thema-med.com\/wp-content\/uploads\/2024\/07\/19072024_ES-700x394.jpg 700w, https:\/\/www.thema-med.com\/wp-content\/uploads\/2024\/07\/19072024_ES-768x432.jpg 768w, https:\/\/www.thema-med.com\/wp-content\/uploads\/2024\/07\/19072024_ES-800x450.jpg 800w, https:\/\/www.thema-med.com\/wp-content\/uploads\/2024\/07\/19072024_ES-940x529.jpg 940w, https:\/\/www.thema-med.com\/wp-content\/uploads\/2024\/07\/19072024_ES-1024x576.jpg 1024w, https:\/\/www.thema-med.com\/wp-content\/uploads\/2024\/07\/19072024_ES-1200x675.jpg 1200w, https:\/\/www.thema-med.com\/wp-content\/uploads\/2024\/07\/19072024_ES-1536x864.jpg 1536w, https:\/\/www.thema-med.com\/wp-content\/uploads\/2024\/07\/19072024_ES.jpg 1920w\" sizes=\"(max-width: 320px) 100vw, 320px\" \/>\t\t\t<\/a>\n\t\t\t\t\t\t\t<\/div>\n<\/li>\n\t\t\t\n\t\t\t\n\t\t\t\t\t\t\t\t\t\t\t\t\t\t\t\t\t\t\t\t\t\t\t\t\t\t\t\t\t\t\t\t\t\t\t\t\t\t\t\t\t\t\t\t\t\t\t\t\t\t\t\t\t\t\t\t\t\t\t\t\t\t\t\t\t\t\t\t<\/ul>\n\t<\/div>\n\t<div class=\"fusion-post-content post-content\"><h2 class=\"blog-shortcode-post-title entry-title\"><a href=\"https:\/\/www.thema-med.com\/es\/2024\/07\/18\/mdsap-requisitos-para-estados-unidos-fda\/\">MDSAP: requisitos para Estados Unidos (FDA)<\/a><\/h2><div class=\"fusion-post-content-container\"><p> Gracias al programa MDSAP (Medical Device Single Audit Program), es posible acceder a varios mercados con una sola auditor\u00eda. [...]<\/p><\/div><\/div><div class=\"fusion-clearfix\"><\/div><div class=\"fusion-meta-info\"><div class=\"fusion-alignleft\"><span class=\"vcard\" style=\"display: none;\"><span class=\"fn\"><a href=\"https:\/\/www.thema-med.com\/es\/author\/ufficiomarketing\/\" title=\"Entradas de ufficiomarketing\" rel=\"author\">ufficiomarketing<\/a><\/span><\/span><span class=\"updated\" style=\"display:none;\">2024-07-18T17:11:55+02:00<\/span><span>18\/07\/2024<\/span><span class=\"fusion-inline-sep\">|<\/span><a href=\"https:\/\/www.thema-med.com\/es\/category\/biblioteca\/\" rel=\"category tag\">BIBLIOTECA<\/a><span class=\"fusion-inline-sep\">|<\/span><\/div><\/div><\/article>\n<article id=\"blog-1-post-32512\" class=\"fusion-post-medium post-32512 post type-post status-publish format-standard has-post-thumbnail hentry category-biblioteca\">\n\t<style type=\"text\/css\">\n\t\t\n\t\t\n\t\t\n\t\t\n\t\t\t<\/style>\n\n\n\t\t\t<div class=\"fusion-flexslider flexslider fusion-flexslider-loading fusion-post-slideshow\" style=\"\">\n\t\t<ul class=\"slides\">\n\t\t\t\n\t\t\t\t\t\t\t\t\t\t\t\t\t\t<li><div  class=\"fusion-image-wrapper fusion-image-size-fixed\" aria-haspopup=\"true\">\n\t\t\t\t\t\t\t<a href=\"https:\/\/www.thema-med.com\/es\/2024\/04\/30\/intelligenza-artificiale-nel-settore-dei-dispositivi-medici\/\" aria-label=\"Inteligencia Artificial en el sector de los productos sanitarios\">\n\t\t\t\t\t\t\t<img decoding=\"async\" width=\"320\" height=\"202\" src=\"https:\/\/www.thema-med.com\/wp-content\/uploads\/2024\/04\/3-320x202.jpg\" class=\"attachment-blog-medium size-blog-medium wp-post-image\" alt=\"\" srcset=\"https:\/\/www.thema-med.com\/wp-content\/uploads\/2024\/04\/3-320x202.jpg 320w, https:\/\/www.thema-med.com\/wp-content\/uploads\/2024\/04\/3-700x441.jpg 700w\" sizes=\"(max-width: 320px) 100vw, 320px\" \/>\t\t\t<\/a>\n\t\t\t\t\t\t\t<\/div>\n<\/li>\n\t\t\t\n\t\t\t\n\t\t\t\t\t\t\t\t\t\t\t\t\t\t\t\t\t\t\t\t\t\t\t\t\t\t\t\t\t\t\t\t\t\t\t\t\t\t\t\t\t\t\t\t\t\t\t\t\t\t\t\t\t\t\t\t\t\t\t\t\t\t\t\t\t\t\t\t<\/ul>\n\t<\/div>\n\t<div class=\"fusion-post-content post-content\"><h2 class=\"blog-shortcode-post-title entry-title\"><a href=\"https:\/\/www.thema-med.com\/es\/2024\/04\/30\/intelligenza-artificiale-nel-settore-dei-dispositivi-medici\/\">Inteligencia Artificial en el sector de los productos sanitarios<\/a><\/h2><div class=\"fusion-post-content-container\"><p> Este Libro Blanco aborda el tema de la inteligencia artificial, dando definiciones, describiendo sus principales aplicaciones en general, centr\u00e1ndose [...]<\/p><\/div><\/div><div class=\"fusion-clearfix\"><\/div><div class=\"fusion-meta-info\"><div class=\"fusion-alignleft\"><span class=\"vcard\" style=\"display: none;\"><span class=\"fn\"><a href=\"https:\/\/www.thema-med.com\/es\/author\/ufficiomarketing\/\" title=\"Entradas de ufficiomarketing\" rel=\"author\">ufficiomarketing<\/a><\/span><\/span><span class=\"updated\" style=\"display:none;\">2024-04-30T11:17:52+02:00<\/span><span>30\/04\/2024<\/span><span class=\"fusion-inline-sep\">|<\/span><a href=\"https:\/\/www.thema-med.com\/es\/category\/biblioteca\/\" rel=\"category tag\">BIBLIOTECA<\/a><span class=\"fusion-inline-sep\">|<\/span><\/div><\/div><\/article>\n<\/div><div class=\"pagination clearfix\"><span class=\"current\">1<\/span><a href=\"https:\/\/www.thema-med.com\/es\/wp-json\/wp\/v2\/pages\/21849\/page\/2\/\" class=\"inactive\">2<\/a><a class=\"pagination-next\" rel=\"next\" href=\"https:\/\/www.thema-med.com\/es\/wp-json\/wp\/v2\/pages\/21849\/page\/2\/\"><span class=\"page-text\">Siguiente<\/span><span class=\"page-next\"><\/span><\/a><\/div><div class=\"fusion-clearfix\"><\/div><\/div><\/div><\/div><\/div><\/div>\n","protected":false},"excerpt":{"rendered":"","protected":false},"author":114,"featured_media":0,"parent":0,"menu_order":0,"comment_status":"closed","ping_status":"closed","template":"","meta":{"_acf_changed":false,"_monsterinsights_skip_tracking":false,"_monsterinsights_sitenote_active":false,"_monsterinsights_sitenote_note":"","_monsterinsights_sitenote_category":0,"footnotes":""},"class_list":["post-21849","page","type-page","status-publish","hentry"],"acf":[],"yoast_head":"<!-- This site is optimized with the Yoast SEO plugin v26.0 - https:\/\/yoast.com\/wordpress\/plugins\/seo\/ -->\n<title>Biblioteca - Thema - Medical Regulatory Consultancy<\/title>\n<meta name=\"robots\" content=\"index, follow, max-snippet:-1, max-image-preview:large, max-video-preview:-1\" \/>\n<link rel=\"canonical\" href=\"https:\/\/www.thema-med.com\/es\/biblioteca\/\" \/>\n<meta property=\"og:locale\" content=\"es_ES\" \/>\n<meta property=\"og:type\" content=\"article\" \/>\n<meta property=\"og:title\" content=\"Biblioteca - Thema - Medical Regulatory Consultancy\" \/>\n<meta property=\"og:url\" content=\"https:\/\/www.thema-med.com\/es\/biblioteca\/\" \/>\n<meta property=\"og:site_name\" content=\"Thema - Medical Regulatory Consultancy\" \/>\n<meta property=\"article:modified_time\" content=\"2022-07-26T16:13:27+00:00\" \/>\n<meta name=\"twitter:card\" content=\"summary_large_image\" \/>\n<meta name=\"twitter:label1\" content=\"Tiempo de lectura\" \/>\n\t<meta name=\"twitter:data1\" content=\"1 minuto\" \/>\n<script type=\"application\/ld+json\" class=\"yoast-schema-graph\">{\"@context\":\"https:\/\/schema.org\",\"@graph\":[{\"@type\":\"WebPage\",\"@id\":\"https:\/\/www.thema-med.com\/es\/biblioteca\/\",\"url\":\"https:\/\/www.thema-med.com\/es\/biblioteca\/\",\"name\":\"Biblioteca - Thema - Medical Regulatory Consultancy\",\"isPartOf\":{\"@id\":\"https:\/\/www.thema-med.com\/es\/#website\"},\"datePublished\":\"2022-07-25T11:26:08+00:00\",\"dateModified\":\"2022-07-26T16:13:27+00:00\",\"breadcrumb\":{\"@id\":\"https:\/\/www.thema-med.com\/es\/biblioteca\/#breadcrumb\"},\"inLanguage\":\"es\",\"potentialAction\":[{\"@type\":\"ReadAction\",\"target\":[\"https:\/\/www.thema-med.com\/es\/biblioteca\/\"]}]},{\"@type\":\"BreadcrumbList\",\"@id\":\"https:\/\/www.thema-med.com\/es\/biblioteca\/#breadcrumb\",\"itemListElement\":[{\"@type\":\"ListItem\",\"position\":1,\"name\":\"Home\",\"item\":\"https:\/\/www.thema-med.com\/es\/\"},{\"@type\":\"ListItem\",\"position\":2,\"name\":\"Biblioteca\"}]},{\"@type\":\"WebSite\",\"@id\":\"https:\/\/www.thema-med.com\/es\/#website\",\"url\":\"https:\/\/www.thema-med.com\/es\/\",\"name\":\"Thema - Medical Regulatory Consultancy\",\"description\":\"Quality and Regulatory Affairs for Medical Devices\",\"publisher\":{\"@id\":\"https:\/\/www.thema-med.com\/es\/#organization\"},\"potentialAction\":[{\"@type\":\"SearchAction\",\"target\":{\"@type\":\"EntryPoint\",\"urlTemplate\":\"https:\/\/www.thema-med.com\/es\/?s={search_term_string}\"},\"query-input\":{\"@type\":\"PropertyValueSpecification\",\"valueRequired\":true,\"valueName\":\"search_term_string\"}}],\"inLanguage\":\"es\"},{\"@type\":[\"Organization\",\"Place\"],\"@id\":\"https:\/\/www.thema-med.com\/es\/#organization\",\"name\":\"Thema\",\"alternateName\":\"Thema\",\"url\":\"https:\/\/www.thema-med.com\/es\/\",\"logo\":{\"@type\":\"ImageObject\",\"inLanguage\":\"es\",\"@id\":\"https:\/\/www.thema-med.com\/es\/#\/schema\/logo\/image\/\",\"url\":\"https:\/\/www.thema-med.com\/wp-content\/uploads\/2022\/11\/logo-Themasrl-COLOR-hires-2440.png\",\"contentUrl\":\"https:\/\/www.thema-med.com\/wp-content\/uploads\/2022\/11\/logo-Themasrl-COLOR-hires-2440.png\",\"width\":2440,\"height\":2851,\"caption\":\"Thema\"},\"image\":{\"@id\":\"https:\/\/www.thema-med.com\/es\/#\/schema\/logo\/image\/\"},\"sameAs\":[\"https:\/\/www.linkedin.com\/company\/thema-s-r-l-\/\"],\"mainEntityOfPage\":{\"@id\":\"https:\/\/www.thema-med.com\/es\/biblioteca\/\"}}]}<\/script>\n<!-- \/ Yoast SEO plugin. -->","yoast_head_json":{"title":"Biblioteca - Thema - Medical Regulatory Consultancy","robots":{"index":"index","follow":"follow","max-snippet":"max-snippet:-1","max-image-preview":"max-image-preview:large","max-video-preview":"max-video-preview:-1"},"canonical":"https:\/\/www.thema-med.com\/es\/biblioteca\/","og_locale":"es_ES","og_type":"article","og_title":"Biblioteca - Thema - Medical Regulatory Consultancy","og_url":"https:\/\/www.thema-med.com\/es\/biblioteca\/","og_site_name":"Thema - Medical Regulatory Consultancy","article_modified_time":"2022-07-26T16:13:27+00:00","twitter_card":"summary_large_image","twitter_misc":{"Tiempo de lectura":"1 minuto"},"schema":{"@context":"https:\/\/schema.org","@graph":[{"@type":"WebPage","@id":"https:\/\/www.thema-med.com\/es\/biblioteca\/","url":"https:\/\/www.thema-med.com\/es\/biblioteca\/","name":"Biblioteca - Thema - Medical Regulatory Consultancy","isPartOf":{"@id":"https:\/\/www.thema-med.com\/es\/#website"},"datePublished":"2022-07-25T11:26:08+00:00","dateModified":"2022-07-26T16:13:27+00:00","breadcrumb":{"@id":"https:\/\/www.thema-med.com\/es\/biblioteca\/#breadcrumb"},"inLanguage":"es","potentialAction":[{"@type":"ReadAction","target":["https:\/\/www.thema-med.com\/es\/biblioteca\/"]}]},{"@type":"BreadcrumbList","@id":"https:\/\/www.thema-med.com\/es\/biblioteca\/#breadcrumb","itemListElement":[{"@type":"ListItem","position":1,"name":"Home","item":"https:\/\/www.thema-med.com\/es\/"},{"@type":"ListItem","position":2,"name":"Biblioteca"}]},{"@type":"WebSite","@id":"https:\/\/www.thema-med.com\/es\/#website","url":"https:\/\/www.thema-med.com\/es\/","name":"Thema - Medical Regulatory Consultancy","description":"Quality and Regulatory Affairs for Medical Devices","publisher":{"@id":"https:\/\/www.thema-med.com\/es\/#organization"},"potentialAction":[{"@type":"SearchAction","target":{"@type":"EntryPoint","urlTemplate":"https:\/\/www.thema-med.com\/es\/?s={search_term_string}"},"query-input":{"@type":"PropertyValueSpecification","valueRequired":true,"valueName":"search_term_string"}}],"inLanguage":"es"},{"@type":["Organization","Place"],"@id":"https:\/\/www.thema-med.com\/es\/#organization","name":"Thema","alternateName":"Thema","url":"https:\/\/www.thema-med.com\/es\/","logo":{"@type":"ImageObject","inLanguage":"es","@id":"https:\/\/www.thema-med.com\/es\/#\/schema\/logo\/image\/","url":"https:\/\/www.thema-med.com\/wp-content\/uploads\/2022\/11\/logo-Themasrl-COLOR-hires-2440.png","contentUrl":"https:\/\/www.thema-med.com\/wp-content\/uploads\/2022\/11\/logo-Themasrl-COLOR-hires-2440.png","width":2440,"height":2851,"caption":"Thema"},"image":{"@id":"https:\/\/www.thema-med.com\/es\/#\/schema\/logo\/image\/"},"sameAs":["https:\/\/www.linkedin.com\/company\/thema-s-r-l-\/"],"mainEntityOfPage":{"@id":"https:\/\/www.thema-med.com\/es\/biblioteca\/"}}]}},"_links":{"self":[{"href":"https:\/\/www.thema-med.com\/es\/wp-json\/wp\/v2\/pages\/21849","targetHints":{"allow":["GET"]}}],"collection":[{"href":"https:\/\/www.thema-med.com\/es\/wp-json\/wp\/v2\/pages"}],"about":[{"href":"https:\/\/www.thema-med.com\/es\/wp-json\/wp\/v2\/types\/page"}],"author":[{"embeddable":true,"href":"https:\/\/www.thema-med.com\/es\/wp-json\/wp\/v2\/users\/114"}],"replies":[{"embeddable":true,"href":"https:\/\/www.thema-med.com\/es\/wp-json\/wp\/v2\/comments?post=21849"}],"version-history":[{"count":3,"href":"https:\/\/www.thema-med.com\/es\/wp-json\/wp\/v2\/pages\/21849\/revisions"}],"predecessor-version":[{"id":22108,"href":"https:\/\/www.thema-med.com\/es\/wp-json\/wp\/v2\/pages\/21849\/revisions\/22108"}],"wp:attachment":[{"href":"https:\/\/www.thema-med.com\/es\/wp-json\/wp\/v2\/media?parent=21849"}],"curies":[{"name":"wp","href":"https:\/\/api.w.org\/{rel}","templated":true}]}}