{"id":17852,"date":"2021-04-13T11:03:59","date_gmt":"2021-04-13T09:03:59","guid":{"rendered":"https:\/\/www.thema-med.com\/?page_id=17852"},"modified":"2026-04-16T10:27:48","modified_gmt":"2026-04-16T08:27:48","slug":"certificaciones","status":"publish","type":"page","link":"https:\/\/www.thema-med.com\/es\/certificaciones\/","title":{"rendered":"Certificaciones"},"content":{"rendered":"<div class=\"fusion-fullwidth fullwidth-box fusion-builder-row-1 fusion-flex-container nonhundred-percent-fullwidth non-hundred-percent-height-scrolling\" style=\"--awb-border-radius-top-left:0px;--awb-border-radius-top-right:0px;--awb-border-radius-bottom-right:0px;--awb-border-radius-bottom-left:0px;--awb-flex-wrap:wrap;\" ><div class=\"fusion-builder-row fusion-row fusion-flex-align-items-flex-start fusion-flex-content-wrap\" style=\"max-width:1144px;margin-left: calc(-4% \/ 2 );margin-right: calc(-4% \/ 2 );\"><div class=\"fusion-layout-column fusion_builder_column fusion-builder-column-0 fusion_builder_column_1_1 1_1 fusion-flex-column\" style=\"--awb-bg-blend:overlay;--awb-bg-size:cover;--awb-width-large:100%;--awb-margin-top-large:0px;--awb-spacing-right-large:1.92%;--awb-margin-bottom-large:0px;--awb-spacing-left-large:1.92%;--awb-width-medium:100%;--awb-spacing-right-medium:1.92%;--awb-spacing-left-medium:1.92%;--awb-width-small:100%;--awb-spacing-right-small:1.92%;--awb-spacing-left-small:1.92%;\"><div class=\"fusion-column-wrapper fusion-flex-justify-content-flex-start fusion-content-layout-column\"><div class=\"fusion-text fusion-text-1\"><\/p>\n<p>El <strong>Sistema de Gesti\u00f3n de la Calidad de Thema <\/strong>cumple con las <strong>normas ISO 9001:2015, <\/strong><span style=\"background-color: rgba(255, 255, 255, 0); color: var(--body_typography-color); font-family: var(--body_typography-font-family); font-style: var(--body_typography-font-style,normal); letter-spacing: var(--body_typography-letter-spacing);\"><b>ISO 21001:2018<\/b><\/span><strong style=\"background-color: rgba(255, 255, 255, 0); color: var(--body_typography-color); font-family: var(--body_typography-font-family); font-style: var(--body_typography-font-style,normal); letter-spacing: var(--body_typography-letter-spacing);\"> e<\/strong> <strong style=\"background-color: rgba(255, 255, 255, 0); color: var(--body_typography-color); font-family: var(--body_typography-font-family); font-style: var(--body_typography-font-style,normal); letter-spacing: var(--body_typography-letter-spacing);\">ISO 13485:2016 <\/strong><span style=\"background-color: rgba(255, 255, 255, 0); color: var(--body_typography-color); font-family: var(--body_typography-font-family); font-style: var(--body_typography-font-style,normal); font-weight: var(--body_typography-font-weight); letter-spacing: var(--body_typography-letter-spacing);\">y esta aplicado eficazmente, de las actividades de asesoramiento estrat\u00e9gico-reguladora a las dedicadas a la formaci\u00f3n.<\/span><\/p>\n<\/p>\n<p>En 2011, Thema recibi\u00f3 por primera vez la certificaci\u00f3n de conformidad ISO 9001 y en 2017 recibi\u00f3 la certificaci\u00f3n ISO 13485:2016 para el reconocimiento de la organizaci\u00f3n como punto de referencia esencial para la formaci\u00f3n en el \u00e1mbito m\u00e9dico.<\/p>\n<\/p>\n<p>En 2021 Thema recibe la extensi\u00f3n del objeto de la certificaci\u00f3n ISO 9001 e ISO 13485:2016 a los procesos de dise\u00f1o y entrega de eventos de formaci\u00f3n para el sector m\u00e9dico.<\/p>\n<p>En 2022 se ha obtenido la certificaci\u00f3n ISO 21001:2018 de Sistemas de Gesti\u00f3n para organizaciones de educaci\u00f3n y formaci\u00f3n y la <b>calificaci\u00f3n AICQ SICEV<\/b> de los cursos Master Advanced Regulatory Disciplines Medical Devices y Curso de especializaci\u00f3n MDR (EU) 2017\/745, lo que confirma a\u00fan m\u00e1s el compromiso con el crecimiento formativo de los profesionales del sector.<\/p>\n<\/p>\n<p>Thema pone en el centro de su pol\u00edtica empresarial un <strong>eficiente Sistema de Gesti\u00f3n de la Calidad <\/strong>que permite a la organizaci\u00f3n mejorar cada d\u00eda con el fin de lograr <strong>m\u00e1xima satisfacci\u00f3n del Cliente <\/strong>y <span style=\"background-color: rgba(255, 255, 255, 0); color: var(--body_typography-color); font-family: var(--body_typography-font-family); font-style: var(--body_typography-font-style,normal); font-weight: var(--body_typography-font-weight); letter-spacing: var(--body_typography-letter-spacing);\">garantizar la <\/span><strong style=\"background-color: rgba(255, 255, 255, 0); color: var(--body_typography-color); font-family: var(--body_typography-font-family); font-style: var(--body_typography-font-style,normal); letter-spacing: var(--body_typography-letter-spacing);\">eficiencia de los procesos<\/strong><span style=\"background-color: rgba(255, 255, 255, 0); color: var(--body_typography-color); font-family: var(--body_typography-font-family); font-style: var(--body_typography-font-style,normal); font-weight: var(--body_typography-font-weight); letter-spacing: var(--body_typography-letter-spacing);\">.<\/span><\/p>\n<\/p>\n<\/p>\n<\/p>\n<p>SQS certifica con el certificado CH-53591 que el Sistema de Gesti\u00f3n de Calidad implantado por Thema en sus unidades operativas de Via Saragat 5 &#8211; 40026 IMOLA (BO), es conforme a la norma ISO 21001 para las siguientes actividades<\/p>\n<ul>\n<li>Dise\u00f1o e impartici\u00f3n de actividades de formaci\u00f3n para el sector m\u00e9dico.<strong><br><a href=\"https:\/\/www.thema-med.com\/wp-content\/uploads\/2026\/01\/910396_iq_it_53591.pdf\" target=\"_blank\" rel=\"noopener\">Ver el certificado ISO 21001<\/a><\/strong><\/li>\n<\/ul>\n<p>SQS certifica con el certificado H30424 que el Sistema de Gesti\u00f3n de Calidad implantado por Thema, empresa que forma parte del grupo Complife, en sus unidades operativas de Via Saragat 5 &#8211; 40026 IMOLA (BO), es conforme a la norma ISO 9001 para las siguientes actividades:<\/p>\n<ul>\n<li>Ejecuci\u00f3n de an\u00e1lisis microbiol\u00f3gicos, biomoleculares y qu\u00edmico-f\u00edsicos, y prestaci\u00f3n de servicios de consultor\u00eda t\u00e9cnica.<\/li>\n<li>Dise\u00f1o y realizaci\u00f3n de ensayos en los sectores cosm\u00e9tico, de complementos alimenticios, productos de venta libre (detergentes, higiene personal, ap\u00f3sitos, cosm\u00e9tico-textil) y Dispositivos M\u00e9dicos.<\/li>\n<li>Realizaci\u00f3n de ensayos sobre los efectos producidos por el uso de equipos est\u00e9ticos.<\/li>\n<li>Prestaci\u00f3n de servicios de regulaci\u00f3n nacional e internacional, servicios de representante autorizado, consultor\u00eda para la certificaci\u00f3n de productos y elaboraci\u00f3n de documentaci\u00f3n t\u00e9cnica para empresas que operan en el sector m\u00e9dico.<br><a href=\"https:\/\/www.thema-med.com\/wp-content\/uploads\/2026\/04\/Certificato305078_en_H30424_ISO9001.pdf\" target=\"_blank\" rel=\"noopener\"><strong>Ver el certificado ISO 9001<\/strong><\/a><\/li>\n<\/ul>\n<p>SQS certifica con el certificado H70388 que el Sistema de Gesti\u00f3n de Calidad implantado por Thema, empresa que forma parte del grupo Complife, en sus unidades operativas de Via Saragat 5 &#8211; 40026 IMOLA (BO), es conforme a la norma ISO 13485 para las siguientes actividades:<\/p>\n<ul>\n<li>Prestaci\u00f3n de servicios regulatorios nacionales e internacionales, servicios de representante autorizado, consultor\u00eda en certificaci\u00f3n de productos y preparaci\u00f3n de documentaci\u00f3n t\u00e9cnica para empresas que operan en el sector m\u00e9dico.<br><strong><a href=\"http:\/\/www.thema-med.com\/wp-content\/uploads\/2026\/04\/Certificato305078_en_H70388_ISO13485.pdf\" target=\"_blank\" rel=\"noopener\">Ver el certificado ISO 13485<\/a><\/strong><\/li>\n<\/ul><\/p>\n<\/div><\/div><\/div><\/div><\/div>","protected":false},"excerpt":{"rendered":"","protected":false},"author":1,"featured_media":0,"parent":0,"menu_order":0,"comment_status":"closed","ping_status":"closed","template":"100-width.php","meta":{"_acf_changed":false,"_monsterinsights_skip_tracking":false,"_monsterinsights_sitenote_active":false,"_monsterinsights_sitenote_note":"","_monsterinsights_sitenote_category":0,"footnotes":""},"class_list":["post-17852","page","type-page","status-publish","hentry"],"acf":[],"yoast_head":"<!-- This site is optimized with the Yoast SEO plugin v26.0 - https:\/\/yoast.com\/wordpress\/plugins\/seo\/ -->\n<title>Certificationes Thema Srl<\/title>\n<meta name=\"description\" content=\"El Sistema de Gesti\u00f3n de la Calidad de Thema ha obtenido los dos certificados que acreditan el cumplimiento de las normas ISO 9001-2015 e ISO 13485-2016\" \/>\n<meta name=\"robots\" content=\"index, follow, max-snippet:-1, max-image-preview:large, max-video-preview:-1\" \/>\n<link rel=\"canonical\" href=\"https:\/\/www.thema-med.com\/es\/certificaciones\/\" \/>\n<meta property=\"og:locale\" content=\"es_ES\" \/>\n<meta property=\"og:type\" content=\"article\" \/>\n<meta property=\"og:title\" content=\"Certificationes Thema Srl\" \/>\n<meta property=\"og:description\" content=\"El Sistema de Gesti\u00f3n de la Calidad de Thema ha obtenido los dos certificados que acreditan el cumplimiento de las normas ISO 9001-2015 e ISO 13485-2016\" \/>\n<meta property=\"og:url\" content=\"https:\/\/www.thema-med.com\/es\/certificaciones\/\" \/>\n<meta property=\"og:site_name\" content=\"Thema - Medical Regulatory Consultancy\" \/>\n<meta property=\"article:modified_time\" content=\"2026-04-16T08:27:48+00:00\" \/>\n<meta name=\"twitter:card\" content=\"summary_large_image\" \/>\n<meta name=\"twitter:label1\" content=\"Tiempo de lectura\" \/>\n\t<meta name=\"twitter:data1\" content=\"2 minutos\" \/>\n<script type=\"application\/ld+json\" class=\"yoast-schema-graph\">{\"@context\":\"https:\/\/schema.org\",\"@graph\":[{\"@type\":\"WebPage\",\"@id\":\"https:\/\/www.thema-med.com\/es\/certificaciones\/\",\"url\":\"https:\/\/www.thema-med.com\/es\/certificaciones\/\",\"name\":\"Certificationes Thema Srl\",\"isPartOf\":{\"@id\":\"https:\/\/www.thema-med.com\/es\/#website\"},\"datePublished\":\"2021-04-13T09:03:59+00:00\",\"dateModified\":\"2026-04-16T08:27:48+00:00\",\"description\":\"El Sistema de Gesti\u00f3n de la Calidad de Thema ha obtenido los dos certificados que acreditan el cumplimiento de las normas ISO 9001-2015 e ISO 13485-2016\",\"breadcrumb\":{\"@id\":\"https:\/\/www.thema-med.com\/es\/certificaciones\/#breadcrumb\"},\"inLanguage\":\"es\",\"potentialAction\":[{\"@type\":\"ReadAction\",\"target\":[\"https:\/\/www.thema-med.com\/es\/certificaciones\/\"]}]},{\"@type\":\"BreadcrumbList\",\"@id\":\"https:\/\/www.thema-med.com\/es\/certificaciones\/#breadcrumb\",\"itemListElement\":[{\"@type\":\"ListItem\",\"position\":1,\"name\":\"Home\",\"item\":\"https:\/\/www.thema-med.com\/es\/\"},{\"@type\":\"ListItem\",\"position\":2,\"name\":\"Certificaciones\"}]},{\"@type\":\"WebSite\",\"@id\":\"https:\/\/www.thema-med.com\/es\/#website\",\"url\":\"https:\/\/www.thema-med.com\/es\/\",\"name\":\"Thema - Medical Regulatory Consultancy\",\"description\":\"Quality and Regulatory Affairs for Medical Devices\",\"publisher\":{\"@id\":\"https:\/\/www.thema-med.com\/es\/#organization\"},\"potentialAction\":[{\"@type\":\"SearchAction\",\"target\":{\"@type\":\"EntryPoint\",\"urlTemplate\":\"https:\/\/www.thema-med.com\/es\/?s={search_term_string}\"},\"query-input\":{\"@type\":\"PropertyValueSpecification\",\"valueRequired\":true,\"valueName\":\"search_term_string\"}}],\"inLanguage\":\"es\"},{\"@type\":[\"Organization\",\"Place\"],\"@id\":\"https:\/\/www.thema-med.com\/es\/#organization\",\"name\":\"Thema\",\"alternateName\":\"Thema\",\"url\":\"https:\/\/www.thema-med.com\/es\/\",\"logo\":{\"@type\":\"ImageObject\",\"inLanguage\":\"es\",\"@id\":\"https:\/\/www.thema-med.com\/es\/#\/schema\/logo\/image\/\",\"url\":\"https:\/\/www.thema-med.com\/wp-content\/uploads\/2022\/11\/logo-Themasrl-COLOR-hires-2440.png\",\"contentUrl\":\"https:\/\/www.thema-med.com\/wp-content\/uploads\/2022\/11\/logo-Themasrl-COLOR-hires-2440.png\",\"width\":2440,\"height\":2851,\"caption\":\"Thema\"},\"image\":{\"@id\":\"https:\/\/www.thema-med.com\/es\/#\/schema\/logo\/image\/\"},\"sameAs\":[\"https:\/\/www.linkedin.com\/company\/thema-s-r-l-\/\"],\"mainEntityOfPage\":{\"@id\":\"https:\/\/www.thema-med.com\/es\/certificaciones\/\"}}]}<\/script>\n<!-- \/ Yoast SEO plugin. -->","yoast_head_json":{"title":"Certificationes Thema Srl","description":"El Sistema de Gesti\u00f3n de la Calidad de Thema ha obtenido los dos certificados que acreditan el cumplimiento de las normas ISO 9001-2015 e ISO 13485-2016","robots":{"index":"index","follow":"follow","max-snippet":"max-snippet:-1","max-image-preview":"max-image-preview:large","max-video-preview":"max-video-preview:-1"},"canonical":"https:\/\/www.thema-med.com\/es\/certificaciones\/","og_locale":"es_ES","og_type":"article","og_title":"Certificationes Thema Srl","og_description":"El Sistema de Gesti\u00f3n de la Calidad de Thema ha obtenido los dos certificados que acreditan el cumplimiento de las normas ISO 9001-2015 e ISO 13485-2016","og_url":"https:\/\/www.thema-med.com\/es\/certificaciones\/","og_site_name":"Thema - Medical Regulatory Consultancy","article_modified_time":"2026-04-16T08:27:48+00:00","twitter_card":"summary_large_image","twitter_misc":{"Tiempo de lectura":"2 minutos"},"schema":{"@context":"https:\/\/schema.org","@graph":[{"@type":"WebPage","@id":"https:\/\/www.thema-med.com\/es\/certificaciones\/","url":"https:\/\/www.thema-med.com\/es\/certificaciones\/","name":"Certificationes Thema Srl","isPartOf":{"@id":"https:\/\/www.thema-med.com\/es\/#website"},"datePublished":"2021-04-13T09:03:59+00:00","dateModified":"2026-04-16T08:27:48+00:00","description":"El Sistema de Gesti\u00f3n de la Calidad de Thema ha obtenido los dos certificados que acreditan el cumplimiento de las normas ISO 9001-2015 e ISO 13485-2016","breadcrumb":{"@id":"https:\/\/www.thema-med.com\/es\/certificaciones\/#breadcrumb"},"inLanguage":"es","potentialAction":[{"@type":"ReadAction","target":["https:\/\/www.thema-med.com\/es\/certificaciones\/"]}]},{"@type":"BreadcrumbList","@id":"https:\/\/www.thema-med.com\/es\/certificaciones\/#breadcrumb","itemListElement":[{"@type":"ListItem","position":1,"name":"Home","item":"https:\/\/www.thema-med.com\/es\/"},{"@type":"ListItem","position":2,"name":"Certificaciones"}]},{"@type":"WebSite","@id":"https:\/\/www.thema-med.com\/es\/#website","url":"https:\/\/www.thema-med.com\/es\/","name":"Thema - Medical Regulatory Consultancy","description":"Quality and Regulatory Affairs for Medical Devices","publisher":{"@id":"https:\/\/www.thema-med.com\/es\/#organization"},"potentialAction":[{"@type":"SearchAction","target":{"@type":"EntryPoint","urlTemplate":"https:\/\/www.thema-med.com\/es\/?s={search_term_string}"},"query-input":{"@type":"PropertyValueSpecification","valueRequired":true,"valueName":"search_term_string"}}],"inLanguage":"es"},{"@type":["Organization","Place"],"@id":"https:\/\/www.thema-med.com\/es\/#organization","name":"Thema","alternateName":"Thema","url":"https:\/\/www.thema-med.com\/es\/","logo":{"@type":"ImageObject","inLanguage":"es","@id":"https:\/\/www.thema-med.com\/es\/#\/schema\/logo\/image\/","url":"https:\/\/www.thema-med.com\/wp-content\/uploads\/2022\/11\/logo-Themasrl-COLOR-hires-2440.png","contentUrl":"https:\/\/www.thema-med.com\/wp-content\/uploads\/2022\/11\/logo-Themasrl-COLOR-hires-2440.png","width":2440,"height":2851,"caption":"Thema"},"image":{"@id":"https:\/\/www.thema-med.com\/es\/#\/schema\/logo\/image\/"},"sameAs":["https:\/\/www.linkedin.com\/company\/thema-s-r-l-\/"],"mainEntityOfPage":{"@id":"https:\/\/www.thema-med.com\/es\/certificaciones\/"}}]}},"_links":{"self":[{"href":"https:\/\/www.thema-med.com\/es\/wp-json\/wp\/v2\/pages\/17852","targetHints":{"allow":["GET"]}}],"collection":[{"href":"https:\/\/www.thema-med.com\/es\/wp-json\/wp\/v2\/pages"}],"about":[{"href":"https:\/\/www.thema-med.com\/es\/wp-json\/wp\/v2\/types\/page"}],"author":[{"embeddable":true,"href":"https:\/\/www.thema-med.com\/es\/wp-json\/wp\/v2\/users\/1"}],"replies":[{"embeddable":true,"href":"https:\/\/www.thema-med.com\/es\/wp-json\/wp\/v2\/comments?post=17852"}],"version-history":[{"count":20,"href":"https:\/\/www.thema-med.com\/es\/wp-json\/wp\/v2\/pages\/17852\/revisions"}],"predecessor-version":[{"id":35547,"href":"https:\/\/www.thema-med.com\/es\/wp-json\/wp\/v2\/pages\/17852\/revisions\/35547"}],"wp:attachment":[{"href":"https:\/\/www.thema-med.com\/es\/wp-json\/wp\/v2\/media?parent=17852"}],"curies":[{"name":"wp","href":"https:\/\/api.w.org\/{rel}","templated":true}]}}