{"id":16641,"date":"2020-11-13T10:28:05","date_gmt":"2020-11-13T09:28:05","guid":{"rendered":"https:\/\/www.thema-med.com\/?page_id=16641"},"modified":"2020-11-13T10:28:05","modified_gmt":"2020-11-13T09:28:05","slug":"informacion-de-newsletter","status":"publish","type":"page","link":"https:\/\/www.thema-med.com\/es\/informacion-de-newsletter\/","title":{"rendered":"Informaci\u00f3n de newsletter"},"content":{"rendered":"\n<p style=\"text-align:center\" class=\"has-medium-font-size\"><strong>INFORMACI\u00d3N\nRELATIVA AL TRATAMIENTO DE DATOS PERSONALES <br>\nEn conformidad con el D. Lgs. 196\/2003, adaptado por el D. Lgs. 101\/2018 al\nGDPR 679\/16 EU (Art. 13, 14)&nbsp;<\/strong><\/p>\n\n\n\n<p><strong>TITULAR DEL TRATAMIENTO&nbsp;<\/strong><\/p>\n\n\n\n<p>Thema S.r.l.<br>Via Saragat, 5 40026 Imola (Bo) \u2013 ITALY \u2013 n\u00famero de IVA 02770361208<br>Tel\u00e9fono +39 0542 643496 Email:&nbsp;<a href=\"mailto:info@thema-med.com\">info@thema-med.com<\/a>; <\/p>\n\n\n\n<p><strong>FINALIDAD DEL TRATAMIENTO DE DATOS <\/strong><\/p>\n\n\n\n<p>1. Finalidad de la comercializaci\u00f3n operativa<\/p>\n\n\n\n<p>Previo consentimiento libre, separado,\nespecifico e informado, para la proposici\u00f3n de productos o servicios, mediante\nel envi\u00f3 de comunicaciones a distancia, incluso en modo bolet\u00edn, sin perjuicio\nde la retirada del consentimiento mediante indicaci\u00f3n el pie de cada\ncomunicaci\u00f3n o por correo electr\u00f3nico;<\/p>\n\n\n\n<p><strong>MODALIDAD DE TRATAMIENTO DE DATOS PERSONALES<\/strong><\/p>\n\n\n\n<ol class=\"wp-block-list\"><li>Los datos se tratar\u00e1n de conformidad con los\nprincipios de legalidad, exactitud y transparencia respetando la\nconfidencialidad, la dignidad y los derechos de los interesados;<br><br><\/li><li>Los datos se tratar\u00e1n, de conformidad con los\nprincipios de necesidad y proporcionalidad, por personas autorizadas dentro de\nla estructura con la formaci\u00f3n adecuada;<br><br><\/li><li>Las entidades externas autorizadas para el\ntratamiento de datos est\u00e1n configuradas como cotitulares, responsables,\ndesignados o autorizados en funci\u00f3n del tipo y de las modalidades de acceso.\nLos requisitos de estas entidades se verificar\u00e1n previamente y la aplicaci\u00f3n de\nlas medidas t\u00e9cnicas de organizaci\u00f3n adecuadas necesarias se supervisa\nperi\u00f3dicamente;<br><br><\/li><li>El Titular del tratamiento recopila\nlos datos \u00fanicamente para los fines descritos en esta informativa.<\/li><\/ol>\n\n\n\n<p><strong>BASES JUR\u00cdDICAS DEL TRATAMIENTO DE DATOS PERSONALES<\/strong><\/p>\n\n\n\n<p>El tratamiento de datos personales se basa en los fundamentos jur\u00eddicos espec\u00edficos del GDPR 679\/16 EU que se detallan a continuaci\u00f3n:<\/p>\n\n\n\n<p>1. Para los fines descritos en esta informativa, los datos se tratan sobre la base del consentimiento libre, separado, especifico e informado, sin perjuicio de la retirada del consentimiento mediante indicaci\u00f3n el pie de cada comunicaci\u00f3n o ejerciendo sus derechos a los datos de contacto del Titular del tratamiento;<\/p>\n\n\n\n<p><strong>CAR\u00c1CTER DE LA TRANSMISI\u00d3N DE DATOS&nbsp;<\/strong><\/p>\n\n\n\n<p>1. Para los fines descritos, el car\u00e1cter de la transmisi\u00f3n de datos y el consentimiento para su tratamiento es obligatorio. En su ausencia, el titular del tratamiento no puede realizar operaciones de comercializaci\u00f3n directa, incluso el env\u00edo de newsletter;<\/p>\n\n\n\n<p><strong>INFORMACI\u00d3N RECOGIDA POR EL TITULAR DEL TRATAMIENTO&nbsp;<\/strong><\/p>\n\n\n\n<p>A continuaci\u00f3n se describe la informaci\u00f3n recogida:&nbsp; <\/p>\n\n\n\n<ol class=\"wp-block-list\"><li>Datos de identificaci\u00f3n, incluido cualquier ID asignado durante el registro;<br><br><\/li><li>Datos personales;<br><br><\/li><li>Datos de contacto;<br><br><\/li><li>Preferencias e intereses en\nrelaci\u00f3n con la informaci\u00f3n facilitada por el titular del tratamiento;<\/li><\/ol>\n\n\n\n<p><strong>DESTINATARIOS DE LAS INFORMACIONES<\/strong><\/p>\n\n\n\n<p>1. Los datos podr\u00e1n transferirse a terceros pertenecientes a las siguientes categor\u00edas, determinados previamente sobre la base de los requisitos de conformidad con las medidas de seguridad adecuadas y que act\u00faan como Titulares aut\u00f3nomos, Cotitulares o Responsables del tratamiento:<\/p>\n\n\n\n<ul class=\"wp-block-list\"><li>Consultores y colaboradores empresariales para la prestaci\u00f3n de servicios comerciales y de marketing;<\/li><li>Consultores y colaboradores empresariales para la gesti\u00f3n de sitios web y aplicaciones inform\u00e1ticas para la comunicaci\u00f3n empresarial e interempresarial<\/li><\/ul>\n\n\n\n<p><strong>TRANSFERENCIA DE INFORMACI\u00d3N FUERA DEL TERRITORIO DE LA UE&nbsp;<\/strong><\/p>\n\n\n\n<p>1. Los datos personales no est\u00e1n sujetos a transferencia a pa\u00edses extranjeros de la Uni\u00f3n Europea o fuera de la UE. <\/p>\n\n\n\n<p>La eventual transferencia se realizar\u00eda por otra parte en\nel respeto de los art. 45, 46 DEL GDPR 679\/16 EU;<\/p>\n\n\n\n<p><strong>CONSERVACI\u00d3N DE DATOS PERSONALES<\/strong><\/p>\n\n\n\n<p>1.  Los datos se conservar\u00e1n durante el periodo de concesi\u00f3n del consentimiento, sin perjuicio de los derechos del interesado, en particular el derecho a retirar el consentimiento, descritos a continuaci\u00f3n;<\/p>\n\n\n\n<p><strong>MODIFICACI\u00d3N DE LAS OPCIONES RELATIVAS AL CONSENTIMIENTO <\/strong><\/p>\n\n\n\n<p>1.  La informaci\u00f3n tratada por consentimiento prev\u00e9 la posibilidad de revocaci\u00f3n en cualquier momento poni\u00e9ndose en contacto con los datos de contacto indicados en la presente informativa a la direcci\u00f3n de correo electr\u00f3nico  <a href=\"mailto:info@thema-med.com\">info@thema-med.com<\/a>;<\/p>\n\n\n\n<p><strong>DERECHOS DEL INTERESADO<\/strong><\/p>\n\n\n\n<p>1.  Los derechos del interesado (art.15 a 22) prev\u00e9n la posibilidad de:&nbsp; <\/p>\n\n\n\n<ul class=\"wp-block-list\"><li>a) Pedir al Titular del tratamiento el acceso a los datos personales, a la informaci\u00f3n relativa a los fines del tratamiento, a las categor\u00edas de datos personales tratados, a los destinatarios o categor\u00edas de destinatarios a los que se comuniquen los datos, al periodo de conservaci\u00f3n de los datos; <\/li><li>b) Pedir al Titular del tratamiento la rectificaci\u00f3n de los datos personales; <\/li><li>c) Pedir al Titular del tratamiento la supresi\u00f3n de los datos personales; <\/li><li>d) Pedir al Titular del tratamiento la limitaci\u00f3n del tratamiento de datos personales; &nbsp;<\/li><li>e) Pedir al Titular del tratamiento la portabilidad de los datos personales; <\/li><li>f) Oponerse al tratamiento de datos personales en los casos previstos; <\/li><li>g) Oponerse a la toma de decisiones automatizada sobre datos personales, incluida la elaboraci\u00f3n de perfiles;<\/li><li>h) Ejercer la retirada del consentimiento al tratamiento de datos personales en los casos previstos;<\/li><li>i) Presentar una reclamaci\u00f3n ante una autoridad de control.&nbsp;<\/li><\/ul>\n\n\n\n<p>La descripci\u00f3n detallada de los derechos del interesado se puede consultar en el texto del Reglamento para la protecci\u00f3n de los datos personales GDPR 679\/16 EU Art. 15 a 22;&nbsp;<br><strong>&nbsp;<\/strong><\/p>\n","protected":false},"excerpt":{"rendered":"<p>INFORMACI\u00d3N RELATIVA AL TRATAMIENTO DE DATOS PERSONALES En conformidad con el D. Lgs. 196\/2003, adaptado por el D. Lgs. 101\/2018 al  [&#8230;]<\/p>\n","protected":false},"author":1,"featured_media":0,"parent":0,"menu_order":0,"comment_status":"closed","ping_status":"closed","template":"","meta":{"_acf_changed":false,"_monsterinsights_skip_tracking":false,"_monsterinsights_sitenote_active":false,"_monsterinsights_sitenote_note":"","_monsterinsights_sitenote_category":0,"footnotes":""},"class_list":["post-16641","page","type-page","status-publish","hentry"],"acf":[],"yoast_head":"<!-- This site is optimized with the Yoast SEO plugin v26.0 - https:\/\/yoast.com\/wordpress\/plugins\/seo\/ -->\n<title>Informaci\u00f3n de newsletter<\/title>\n<meta name=\"robots\" content=\"index, follow, max-snippet:-1, max-image-preview:large, max-video-preview:-1\" \/>\n<link rel=\"canonical\" href=\"https:\/\/www.thema-med.com\/es\/informacion-de-newsletter\/\" \/>\n<meta property=\"og:locale\" content=\"es_ES\" \/>\n<meta property=\"og:type\" content=\"article\" \/>\n<meta property=\"og:title\" content=\"Informaci\u00f3n de newsletter\" \/>\n<meta property=\"og:description\" content=\"INFORMACI\u00d3N RELATIVA AL TRATAMIENTO DE DATOS PERSONALES En conformidad con el D. Lgs. 196\/2003, adaptado por el D. Lgs. 101\/2018 al [...]\" \/>\n<meta property=\"og:url\" content=\"https:\/\/www.thema-med.com\/es\/informacion-de-newsletter\/\" \/>\n<meta property=\"og:site_name\" content=\"Thema - Medical Regulatory Consultancy\" \/>\n<meta name=\"twitter:card\" content=\"summary_large_image\" \/>\n<meta name=\"twitter:label1\" content=\"Tiempo de lectura\" \/>\n\t<meta name=\"twitter:data1\" content=\"4 minutos\" \/>\n<script type=\"application\/ld+json\" class=\"yoast-schema-graph\">{\"@context\":\"https:\/\/schema.org\",\"@graph\":[{\"@type\":\"WebPage\",\"@id\":\"https:\/\/www.thema-med.com\/es\/informacion-de-newsletter\/\",\"url\":\"https:\/\/www.thema-med.com\/es\/informacion-de-newsletter\/\",\"name\":\"Informaci\u00f3n de newsletter\",\"isPartOf\":{\"@id\":\"https:\/\/www.thema-med.com\/es\/#website\"},\"datePublished\":\"2020-11-13T09:28:05+00:00\",\"breadcrumb\":{\"@id\":\"https:\/\/www.thema-med.com\/es\/informacion-de-newsletter\/#breadcrumb\"},\"inLanguage\":\"es\",\"potentialAction\":[{\"@type\":\"ReadAction\",\"target\":[\"https:\/\/www.thema-med.com\/es\/informacion-de-newsletter\/\"]}]},{\"@type\":\"BreadcrumbList\",\"@id\":\"https:\/\/www.thema-med.com\/es\/informacion-de-newsletter\/#breadcrumb\",\"itemListElement\":[{\"@type\":\"ListItem\",\"position\":1,\"name\":\"Home\",\"item\":\"https:\/\/www.thema-med.com\/es\/\"},{\"@type\":\"ListItem\",\"position\":2,\"name\":\"Informaci\u00f3n de newsletter\"}]},{\"@type\":\"WebSite\",\"@id\":\"https:\/\/www.thema-med.com\/es\/#website\",\"url\":\"https:\/\/www.thema-med.com\/es\/\",\"name\":\"Thema - Medical Regulatory Consultancy\",\"description\":\"Quality and Regulatory Affairs for Medical Devices\",\"publisher\":{\"@id\":\"https:\/\/www.thema-med.com\/es\/#organization\"},\"potentialAction\":[{\"@type\":\"SearchAction\",\"target\":{\"@type\":\"EntryPoint\",\"urlTemplate\":\"https:\/\/www.thema-med.com\/es\/?s={search_term_string}\"},\"query-input\":{\"@type\":\"PropertyValueSpecification\",\"valueRequired\":true,\"valueName\":\"search_term_string\"}}],\"inLanguage\":\"es\"},{\"@type\":[\"Organization\",\"Place\"],\"@id\":\"https:\/\/www.thema-med.com\/es\/#organization\",\"name\":\"Thema\",\"alternateName\":\"Thema\",\"url\":\"https:\/\/www.thema-med.com\/es\/\",\"logo\":{\"@type\":\"ImageObject\",\"inLanguage\":\"es\",\"@id\":\"https:\/\/www.thema-med.com\/es\/#\/schema\/logo\/image\/\",\"url\":\"https:\/\/www.thema-med.com\/wp-content\/uploads\/2022\/11\/logo-Themasrl-COLOR-hires-2440.png\",\"contentUrl\":\"https:\/\/www.thema-med.com\/wp-content\/uploads\/2022\/11\/logo-Themasrl-COLOR-hires-2440.png\",\"width\":2440,\"height\":2851,\"caption\":\"Thema\"},\"image\":{\"@id\":\"https:\/\/www.thema-med.com\/es\/#\/schema\/logo\/image\/\"},\"sameAs\":[\"https:\/\/www.linkedin.com\/company\/thema-s-r-l-\/\"],\"mainEntityOfPage\":{\"@id\":\"https:\/\/www.thema-med.com\/es\/informacion-de-newsletter\/\"}}]}<\/script>\n<!-- \/ Yoast SEO plugin. -->","yoast_head_json":{"title":"Informaci\u00f3n de newsletter","robots":{"index":"index","follow":"follow","max-snippet":"max-snippet:-1","max-image-preview":"max-image-preview:large","max-video-preview":"max-video-preview:-1"},"canonical":"https:\/\/www.thema-med.com\/es\/informacion-de-newsletter\/","og_locale":"es_ES","og_type":"article","og_title":"Informaci\u00f3n de newsletter","og_description":"INFORMACI\u00d3N RELATIVA AL TRATAMIENTO DE DATOS PERSONALES En conformidad con el D. Lgs. 196\/2003, adaptado por el D. Lgs. 101\/2018 al [...]","og_url":"https:\/\/www.thema-med.com\/es\/informacion-de-newsletter\/","og_site_name":"Thema - Medical Regulatory Consultancy","twitter_card":"summary_large_image","twitter_misc":{"Tiempo de lectura":"4 minutos"},"schema":{"@context":"https:\/\/schema.org","@graph":[{"@type":"WebPage","@id":"https:\/\/www.thema-med.com\/es\/informacion-de-newsletter\/","url":"https:\/\/www.thema-med.com\/es\/informacion-de-newsletter\/","name":"Informaci\u00f3n de newsletter","isPartOf":{"@id":"https:\/\/www.thema-med.com\/es\/#website"},"datePublished":"2020-11-13T09:28:05+00:00","breadcrumb":{"@id":"https:\/\/www.thema-med.com\/es\/informacion-de-newsletter\/#breadcrumb"},"inLanguage":"es","potentialAction":[{"@type":"ReadAction","target":["https:\/\/www.thema-med.com\/es\/informacion-de-newsletter\/"]}]},{"@type":"BreadcrumbList","@id":"https:\/\/www.thema-med.com\/es\/informacion-de-newsletter\/#breadcrumb","itemListElement":[{"@type":"ListItem","position":1,"name":"Home","item":"https:\/\/www.thema-med.com\/es\/"},{"@type":"ListItem","position":2,"name":"Informaci\u00f3n de newsletter"}]},{"@type":"WebSite","@id":"https:\/\/www.thema-med.com\/es\/#website","url":"https:\/\/www.thema-med.com\/es\/","name":"Thema - Medical Regulatory Consultancy","description":"Quality and Regulatory Affairs for Medical Devices","publisher":{"@id":"https:\/\/www.thema-med.com\/es\/#organization"},"potentialAction":[{"@type":"SearchAction","target":{"@type":"EntryPoint","urlTemplate":"https:\/\/www.thema-med.com\/es\/?s={search_term_string}"},"query-input":{"@type":"PropertyValueSpecification","valueRequired":true,"valueName":"search_term_string"}}],"inLanguage":"es"},{"@type":["Organization","Place"],"@id":"https:\/\/www.thema-med.com\/es\/#organization","name":"Thema","alternateName":"Thema","url":"https:\/\/www.thema-med.com\/es\/","logo":{"@type":"ImageObject","inLanguage":"es","@id":"https:\/\/www.thema-med.com\/es\/#\/schema\/logo\/image\/","url":"https:\/\/www.thema-med.com\/wp-content\/uploads\/2022\/11\/logo-Themasrl-COLOR-hires-2440.png","contentUrl":"https:\/\/www.thema-med.com\/wp-content\/uploads\/2022\/11\/logo-Themasrl-COLOR-hires-2440.png","width":2440,"height":2851,"caption":"Thema"},"image":{"@id":"https:\/\/www.thema-med.com\/es\/#\/schema\/logo\/image\/"},"sameAs":["https:\/\/www.linkedin.com\/company\/thema-s-r-l-\/"],"mainEntityOfPage":{"@id":"https:\/\/www.thema-med.com\/es\/informacion-de-newsletter\/"}}]}},"_links":{"self":[{"href":"https:\/\/www.thema-med.com\/es\/wp-json\/wp\/v2\/pages\/16641","targetHints":{"allow":["GET"]}}],"collection":[{"href":"https:\/\/www.thema-med.com\/es\/wp-json\/wp\/v2\/pages"}],"about":[{"href":"https:\/\/www.thema-med.com\/es\/wp-json\/wp\/v2\/types\/page"}],"author":[{"embeddable":true,"href":"https:\/\/www.thema-med.com\/es\/wp-json\/wp\/v2\/users\/1"}],"replies":[{"embeddable":true,"href":"https:\/\/www.thema-med.com\/es\/wp-json\/wp\/v2\/comments?post=16641"}],"version-history":[{"count":0,"href":"https:\/\/www.thema-med.com\/es\/wp-json\/wp\/v2\/pages\/16641\/revisions"}],"wp:attachment":[{"href":"https:\/\/www.thema-med.com\/es\/wp-json\/wp\/v2\/media?parent=16641"}],"curies":[{"name":"wp","href":"https:\/\/api.w.org\/{rel}","templated":true}]}}