{"id":15290,"date":"2019-07-22T17:46:04","date_gmt":"2019-07-22T15:46:04","guid":{"rendered":"https:\/\/www.thema-med.com\/?page_id=15290"},"modified":"2023-06-23T12:18:27","modified_gmt":"2023-06-23T10:18:27","slug":"servicio-de-uk-responsible-person-uk-rp","status":"publish","type":"page","link":"https:\/\/www.thema-med.com\/es\/servicios\/representante-local\/servicio-de-uk-responsible-person-uk-rp\/","title":{"rendered":"SERVICIO DE UK RESPONSIBLE PERSON (UK RP)"},"content":{"rendered":"<div class=\"fusion-fullwidth fullwidth-box fusion-builder-row-1 fusion-flex-container nonhundred-percent-fullwidth non-hundred-percent-height-scrolling\" style=\"--awb-border-radius-top-left:0px;--awb-border-radius-top-right:0px;--awb-border-radius-bottom-right:0px;--awb-border-radius-bottom-left:0px;--awb-flex-wrap:wrap;\" ><div class=\"fusion-builder-row fusion-row fusion-flex-align-items-flex-start fusion-flex-content-wrap\" style=\"max-width:1144px;margin-left: calc(-4% \/ 2 );margin-right: calc(-4% \/ 2 );\"><div class=\"fusion-layout-column fusion_builder_column fusion-builder-column-0 fusion_builder_column_1_1 1_1 fusion-flex-column\" style=\"--awb-bg-size:cover;--awb-width-large:100%;--awb-margin-top-large:0px;--awb-spacing-right-large:1.92%;--awb-margin-bottom-large:0px;--awb-spacing-left-large:1.92%;--awb-width-medium:100%;--awb-spacing-right-medium:1.92%;--awb-spacing-left-medium:1.92%;--awb-width-small:100%;--awb-spacing-right-small:1.92%;--awb-spacing-left-small:1.92%;\"><div class=\"fusion-column-wrapper fusion-flex-justify-content-flex-start fusion-content-layout-column\"><div class=\"fusion-text fusion-text-1\"><\/p>\n<div class=\"wp-block-image\">\n<figure class=\"aligncenter\"><img decoding=\"async\" class=\"wp-image-19885\" src=\"https:\/\/www.thema-med.com\/wp-content\/uploads\/2022\/01\/ukrp-uk-responsible-person-1024x536.jpg\" alt=\"UKRP uk responsible person\"><figcaption><em>Servicio de Uk Responsible Person&nbsp;(UKRP)<\/em><\/figcaption><\/figure>\n<\/div>\n<\/p>\n<p>Tras el Brexit, despu\u00e9s del 31\/10\/2019, Gran Breta\u00f1a se convertir\u00e1 en un tercer pa\u00eds con respecto a la UE.<br>Seg\u00fan la reglamentaci\u00f3n definida por la MHRA, entonces, para continuar la comercializaci\u00f3n de dispositivos en el territorio, ser\u00e1 necesario nombrar un representante in situ.<\/p>\n<\/p>\n<p>A tal efecto, para los Fabricantes establecidos fuera del Reino Unido, MHRA ha creado un nuevo papel en la regulaci\u00f3n de los <a href=\"http:\/\/www.legislation.gov.uk\/ukdsi\/2019\/9780111179260\/pdfs\/ukdsi_9780111179260_en.pdf#page=39\">dispositivos m\u00e9dicos<\/a> e <a href=\"http:\/\/www.legislation.gov.uk\/ukdsi\/2019\/9780111179260\/pdfs\/ukdsi_9780111179260_en.pdf#page=87\">IVD<\/a>, conocido como <strong>UK Responsible Person<\/strong>. Esta persona tiene domicilio social en el Reino Unido y act\u00faa en nombre del Fabricante para realizar tareas espec\u00edficas, como el registro de dispositivos m\u00e9dicos ante la Autoridad reguladora antes de su comercializaci\u00f3n en el Reino Unido.<\/p>\n<p><a href=\"https:\/\/www.thema-med.com\/wp-content\/uploads\/2022\/08\/UKRP_ES.pdf\">Ir a la pagina UKRP<\/a><\/p><\/p>\n<\/div><\/div><\/div><\/div><\/div><div class=\"fusion-fullwidth fullwidth-box fusion-builder-row-2 fusion-flex-container has-pattern-background has-mask-background nonhundred-percent-fullwidth non-hundred-percent-height-scrolling\" style=\"--awb-border-radius-top-left:0px;--awb-border-radius-top-right:0px;--awb-border-radius-bottom-right:0px;--awb-border-radius-bottom-left:0px;--awb-flex-wrap:wrap;\" ><div class=\"fusion-builder-row fusion-row fusion-flex-align-items-flex-start fusion-flex-content-wrap\" style=\"max-width:1144px;margin-left: calc(-4% \/ 2 );margin-right: calc(-4% \/ 2 );\"><div class=\"fusion-layout-column fusion_builder_column fusion-builder-column-1 fusion_builder_column_1_1 1_1 fusion-flex-column\" style=\"--awb-padding-top:20px;--awb-padding-bottom:20px;--awb-padding-right-small:20px;--awb-padding-left-small:20px;--awb-bg-color:var(--awb-custom12);--awb-bg-color-hover:var(--awb-custom12);--awb-bg-size:cover;--awb-width-large:100%;--awb-margin-top-large:10px;--awb-spacing-right-large:1.92%;--awb-margin-bottom-large:0px;--awb-spacing-left-large:1.92%;--awb-width-medium:100%;--awb-order-medium:0;--awb-spacing-right-medium:1.92%;--awb-spacing-left-medium:1.92%;--awb-width-small:100%;--awb-order-small:0;--awb-spacing-right-small:1.92%;--awb-spacing-left-small:1.92%;\"><div class=\"fusion-column-wrapper fusion-column-has-shadow fusion-flex-justify-content-flex-start fusion-content-layout-column\"><div class=\"fusion-text fusion-text-2\" style=\"--awb-content-alignment:center;--awb-text-color:var(--awb-color1);\"><p>\u00bfNecesitas apoyo para vender tus dispositivos en el Reino Unido?<\/p>\n<\/div><div style=\"text-align:center;\"><a class=\"fusion-button button-flat fusion-button-default-size button-custom fusion-button-default button-1 fusion-button-default-span fusion-button-default-type\" style=\"--button_accent_color:#ffffff;--button_accent_hover_color:var(--awb-custom12);--button_border_hover_color:var(--awb-color1);--button-border-radius-top-left:10px;--button-border-radius-top-right:10px;--button-border-radius-bottom-right:10px;--button-border-radius-bottom-left:10px;--button_gradient_top_color:var(--awb-custom12);--button_gradient_bottom_color:var(--awb-custom12);--button_gradient_top_color_hover:var(--awb-color1);--button_gradient_bottom_color_hover:var(--awb-color1);--button_text_transform:var(--awb-typography4-text-transform);--button_font_size:var(--awb-typography4-font-size);--button_line_height:var(--awb-typography4-line-height);--button_typography-letter-spacing:var(--awb-typography4-letter-spacing);--button_typography-font-family:&quot;Montserrat&quot;;--button_typography-font-style:normal;--button_typography-font-weight:700;\" target=\"_self\" href=\"https:\/\/www.thema-med.com\/es\/contactanos\/\"><span class=\"fusion-button-text awb-button__text awb-button__text--default\">CONT\u00c1CTANOS<\/span><\/a><\/div><\/div><\/div><\/div><\/div>","protected":false},"excerpt":{"rendered":"","protected":false},"author":1,"featured_media":0,"parent":7095,"menu_order":2,"comment_status":"closed","ping_status":"closed","template":"","meta":{"_acf_changed":false,"_monsterinsights_skip_tracking":false,"_monsterinsights_sitenote_active":false,"_monsterinsights_sitenote_note":"","_monsterinsights_sitenote_category":0,"footnotes":""},"class_list":["post-15290","page","type-page","status-publish","hentry"],"acf":[],"yoast_head":"<!-- This site is optimized with the Yoast SEO plugin v26.0 - https:\/\/yoast.com\/wordpress\/plugins\/seo\/ -->\n<title>SERVICIO DE UK RESPONSIBLE PERSON (UK RP) - Thema - Medical Regulatory Consultancy<\/title>\n<meta name=\"robots\" content=\"index, follow, max-snippet:-1, max-image-preview:large, max-video-preview:-1\" \/>\n<link rel=\"canonical\" href=\"https:\/\/www.thema-med.com\/es\/servicios\/representante-local\/servicio-de-uk-responsible-person-uk-rp\/\" \/>\n<meta property=\"og:locale\" content=\"es_ES\" \/>\n<meta property=\"og:type\" content=\"article\" \/>\n<meta property=\"og:title\" content=\"SERVICIO DE UK RESPONSIBLE PERSON (UK RP) - Thema - Medical Regulatory Consultancy\" \/>\n<meta property=\"og:url\" content=\"https:\/\/www.thema-med.com\/es\/servicios\/representante-local\/servicio-de-uk-responsible-person-uk-rp\/\" \/>\n<meta property=\"og:site_name\" content=\"Thema - Medical Regulatory Consultancy\" \/>\n<meta property=\"article:modified_time\" content=\"2023-06-23T10:18:27+00:00\" \/>\n<meta property=\"og:image\" content=\"https:\/\/www.thema-med.com\/wp-content\/uploads\/2022\/01\/ukrp-uk-responsible-person-1024x536.jpg\" \/>\n<meta name=\"twitter:card\" content=\"summary_large_image\" \/>\n<meta name=\"twitter:label1\" content=\"Tiempo de lectura\" \/>\n\t<meta name=\"twitter:data1\" content=\"1 minuto\" \/>\n<script type=\"application\/ld+json\" class=\"yoast-schema-graph\">{\"@context\":\"https:\/\/schema.org\",\"@graph\":[{\"@type\":\"WebPage\",\"@id\":\"https:\/\/www.thema-med.com\/es\/servicios\/representante-local\/servicio-de-uk-responsible-person-uk-rp\/\",\"url\":\"https:\/\/www.thema-med.com\/es\/servicios\/representante-local\/servicio-de-uk-responsible-person-uk-rp\/\",\"name\":\"SERVICIO DE UK RESPONSIBLE PERSON (UK RP) - Thema - Medical Regulatory Consultancy\",\"isPartOf\":{\"@id\":\"https:\/\/www.thema-med.com\/es\/#website\"},\"primaryImageOfPage\":{\"@id\":\"https:\/\/www.thema-med.com\/es\/servicios\/representante-local\/servicio-de-uk-responsible-person-uk-rp\/#primaryimage\"},\"image\":{\"@id\":\"https:\/\/www.thema-med.com\/es\/servicios\/representante-local\/servicio-de-uk-responsible-person-uk-rp\/#primaryimage\"},\"thumbnailUrl\":\"https:\/\/www.thema-med.com\/wp-content\/uploads\/2022\/01\/ukrp-uk-responsible-person-1024x536.jpg\",\"datePublished\":\"2019-07-22T15:46:04+00:00\",\"dateModified\":\"2023-06-23T10:18:27+00:00\",\"breadcrumb\":{\"@id\":\"https:\/\/www.thema-med.com\/es\/servicios\/representante-local\/servicio-de-uk-responsible-person-uk-rp\/#breadcrumb\"},\"inLanguage\":\"es\",\"potentialAction\":[{\"@type\":\"ReadAction\",\"target\":[\"https:\/\/www.thema-med.com\/es\/servicios\/representante-local\/servicio-de-uk-responsible-person-uk-rp\/\"]}]},{\"@type\":\"ImageObject\",\"inLanguage\":\"es\",\"@id\":\"https:\/\/www.thema-med.com\/es\/servicios\/representante-local\/servicio-de-uk-responsible-person-uk-rp\/#primaryimage\",\"url\":\"https:\/\/www.thema-med.com\/wp-content\/uploads\/2022\/01\/ukrp-uk-responsible-person-1024x536.jpg\",\"contentUrl\":\"https:\/\/www.thema-med.com\/wp-content\/uploads\/2022\/01\/ukrp-uk-responsible-person-1024x536.jpg\"},{\"@type\":\"BreadcrumbList\",\"@id\":\"https:\/\/www.thema-med.com\/es\/servicios\/representante-local\/servicio-de-uk-responsible-person-uk-rp\/#breadcrumb\",\"itemListElement\":[{\"@type\":\"ListItem\",\"position\":1,\"name\":\"Home\",\"item\":\"https:\/\/www.thema-med.com\/es\/\"},{\"@type\":\"ListItem\",\"position\":2,\"name\":\"Servicios\",\"item\":\"https:\/\/www.thema-med.com\/es\/servizi-consulenza-strategico-regolatoria-aziende-dispositivi-medici-strumenti-medicali-dispositivi-medico-diagnostici-in-vitro\/\"},{\"@type\":\"ListItem\",\"position\":3,\"name\":\"REPRESENTANTE LOCAL\",\"item\":\"https:\/\/www.thema-med.com\/es\/servizi-consulenza-strategico-regolatoria-aziende-dispositivi-medici-strumenti-medicali-dispositivi-medico-diagnostici-in-vitro\/local-representative-mercati-esteri\/\"},{\"@type\":\"ListItem\",\"position\":4,\"name\":\"SERVICIO DE UK RESPONSIBLE PERSON (UK RP)\"}]},{\"@type\":\"WebSite\",\"@id\":\"https:\/\/www.thema-med.com\/es\/#website\",\"url\":\"https:\/\/www.thema-med.com\/es\/\",\"name\":\"Thema - Medical Regulatory Consultancy\",\"description\":\"Quality and Regulatory Affairs for Medical Devices\",\"publisher\":{\"@id\":\"https:\/\/www.thema-med.com\/es\/#organization\"},\"potentialAction\":[{\"@type\":\"SearchAction\",\"target\":{\"@type\":\"EntryPoint\",\"urlTemplate\":\"https:\/\/www.thema-med.com\/es\/?s={search_term_string}\"},\"query-input\":{\"@type\":\"PropertyValueSpecification\",\"valueRequired\":true,\"valueName\":\"search_term_string\"}}],\"inLanguage\":\"es\"},{\"@type\":[\"Organization\",\"Place\"],\"@id\":\"https:\/\/www.thema-med.com\/es\/#organization\",\"name\":\"Thema\",\"alternateName\":\"Thema\",\"url\":\"https:\/\/www.thema-med.com\/es\/\",\"logo\":{\"@type\":\"ImageObject\",\"inLanguage\":\"es\",\"@id\":\"https:\/\/www.thema-med.com\/es\/#\/schema\/logo\/image\/\",\"url\":\"https:\/\/www.thema-med.com\/wp-content\/uploads\/2022\/11\/logo-Themasrl-COLOR-hires-2440.png\",\"contentUrl\":\"https:\/\/www.thema-med.com\/wp-content\/uploads\/2022\/11\/logo-Themasrl-COLOR-hires-2440.png\",\"width\":2440,\"height\":2851,\"caption\":\"Thema\"},\"image\":{\"@id\":\"https:\/\/www.thema-med.com\/es\/#\/schema\/logo\/image\/\"},\"sameAs\":[\"https:\/\/www.linkedin.com\/company\/thema-s-r-l-\/\"],\"mainEntityOfPage\":{\"@id\":\"https:\/\/www.thema-med.com\/es\/servicios\/representante-local\/servicio-de-uk-responsible-person-uk-rp\/\"}}]}<\/script>\n<!-- \/ Yoast SEO plugin. -->","yoast_head_json":{"title":"SERVICIO DE UK RESPONSIBLE PERSON (UK RP) - Thema - Medical Regulatory Consultancy","robots":{"index":"index","follow":"follow","max-snippet":"max-snippet:-1","max-image-preview":"max-image-preview:large","max-video-preview":"max-video-preview:-1"},"canonical":"https:\/\/www.thema-med.com\/es\/servicios\/representante-local\/servicio-de-uk-responsible-person-uk-rp\/","og_locale":"es_ES","og_type":"article","og_title":"SERVICIO DE UK RESPONSIBLE PERSON (UK RP) - Thema - Medical Regulatory Consultancy","og_url":"https:\/\/www.thema-med.com\/es\/servicios\/representante-local\/servicio-de-uk-responsible-person-uk-rp\/","og_site_name":"Thema - Medical Regulatory Consultancy","article_modified_time":"2023-06-23T10:18:27+00:00","og_image":[{"url":"https:\/\/www.thema-med.com\/wp-content\/uploads\/2022\/01\/ukrp-uk-responsible-person-1024x536.jpg","type":"","width":"","height":""}],"twitter_card":"summary_large_image","twitter_misc":{"Tiempo de lectura":"1 minuto"},"schema":{"@context":"https:\/\/schema.org","@graph":[{"@type":"WebPage","@id":"https:\/\/www.thema-med.com\/es\/servicios\/representante-local\/servicio-de-uk-responsible-person-uk-rp\/","url":"https:\/\/www.thema-med.com\/es\/servicios\/representante-local\/servicio-de-uk-responsible-person-uk-rp\/","name":"SERVICIO DE UK RESPONSIBLE PERSON (UK RP) - Thema - Medical Regulatory Consultancy","isPartOf":{"@id":"https:\/\/www.thema-med.com\/es\/#website"},"primaryImageOfPage":{"@id":"https:\/\/www.thema-med.com\/es\/servicios\/representante-local\/servicio-de-uk-responsible-person-uk-rp\/#primaryimage"},"image":{"@id":"https:\/\/www.thema-med.com\/es\/servicios\/representante-local\/servicio-de-uk-responsible-person-uk-rp\/#primaryimage"},"thumbnailUrl":"https:\/\/www.thema-med.com\/wp-content\/uploads\/2022\/01\/ukrp-uk-responsible-person-1024x536.jpg","datePublished":"2019-07-22T15:46:04+00:00","dateModified":"2023-06-23T10:18:27+00:00","breadcrumb":{"@id":"https:\/\/www.thema-med.com\/es\/servicios\/representante-local\/servicio-de-uk-responsible-person-uk-rp\/#breadcrumb"},"inLanguage":"es","potentialAction":[{"@type":"ReadAction","target":["https:\/\/www.thema-med.com\/es\/servicios\/representante-local\/servicio-de-uk-responsible-person-uk-rp\/"]}]},{"@type":"ImageObject","inLanguage":"es","@id":"https:\/\/www.thema-med.com\/es\/servicios\/representante-local\/servicio-de-uk-responsible-person-uk-rp\/#primaryimage","url":"https:\/\/www.thema-med.com\/wp-content\/uploads\/2022\/01\/ukrp-uk-responsible-person-1024x536.jpg","contentUrl":"https:\/\/www.thema-med.com\/wp-content\/uploads\/2022\/01\/ukrp-uk-responsible-person-1024x536.jpg"},{"@type":"BreadcrumbList","@id":"https:\/\/www.thema-med.com\/es\/servicios\/representante-local\/servicio-de-uk-responsible-person-uk-rp\/#breadcrumb","itemListElement":[{"@type":"ListItem","position":1,"name":"Home","item":"https:\/\/www.thema-med.com\/es\/"},{"@type":"ListItem","position":2,"name":"Servicios","item":"https:\/\/www.thema-med.com\/es\/servizi-consulenza-strategico-regolatoria-aziende-dispositivi-medici-strumenti-medicali-dispositivi-medico-diagnostici-in-vitro\/"},{"@type":"ListItem","position":3,"name":"REPRESENTANTE LOCAL","item":"https:\/\/www.thema-med.com\/es\/servizi-consulenza-strategico-regolatoria-aziende-dispositivi-medici-strumenti-medicali-dispositivi-medico-diagnostici-in-vitro\/local-representative-mercati-esteri\/"},{"@type":"ListItem","position":4,"name":"SERVICIO DE UK RESPONSIBLE PERSON (UK RP)"}]},{"@type":"WebSite","@id":"https:\/\/www.thema-med.com\/es\/#website","url":"https:\/\/www.thema-med.com\/es\/","name":"Thema - Medical Regulatory Consultancy","description":"Quality and Regulatory Affairs for Medical Devices","publisher":{"@id":"https:\/\/www.thema-med.com\/es\/#organization"},"potentialAction":[{"@type":"SearchAction","target":{"@type":"EntryPoint","urlTemplate":"https:\/\/www.thema-med.com\/es\/?s={search_term_string}"},"query-input":{"@type":"PropertyValueSpecification","valueRequired":true,"valueName":"search_term_string"}}],"inLanguage":"es"},{"@type":["Organization","Place"],"@id":"https:\/\/www.thema-med.com\/es\/#organization","name":"Thema","alternateName":"Thema","url":"https:\/\/www.thema-med.com\/es\/","logo":{"@type":"ImageObject","inLanguage":"es","@id":"https:\/\/www.thema-med.com\/es\/#\/schema\/logo\/image\/","url":"https:\/\/www.thema-med.com\/wp-content\/uploads\/2022\/11\/logo-Themasrl-COLOR-hires-2440.png","contentUrl":"https:\/\/www.thema-med.com\/wp-content\/uploads\/2022\/11\/logo-Themasrl-COLOR-hires-2440.png","width":2440,"height":2851,"caption":"Thema"},"image":{"@id":"https:\/\/www.thema-med.com\/es\/#\/schema\/logo\/image\/"},"sameAs":["https:\/\/www.linkedin.com\/company\/thema-s-r-l-\/"],"mainEntityOfPage":{"@id":"https:\/\/www.thema-med.com\/es\/servicios\/representante-local\/servicio-de-uk-responsible-person-uk-rp\/"}}]}},"_links":{"self":[{"href":"https:\/\/www.thema-med.com\/es\/wp-json\/wp\/v2\/pages\/15290","targetHints":{"allow":["GET"]}}],"collection":[{"href":"https:\/\/www.thema-med.com\/es\/wp-json\/wp\/v2\/pages"}],"about":[{"href":"https:\/\/www.thema-med.com\/es\/wp-json\/wp\/v2\/types\/page"}],"author":[{"embeddable":true,"href":"https:\/\/www.thema-med.com\/es\/wp-json\/wp\/v2\/users\/1"}],"replies":[{"embeddable":true,"href":"https:\/\/www.thema-med.com\/es\/wp-json\/wp\/v2\/comments?post=15290"}],"version-history":[{"count":3,"href":"https:\/\/www.thema-med.com\/es\/wp-json\/wp\/v2\/pages\/15290\/revisions"}],"predecessor-version":[{"id":28349,"href":"https:\/\/www.thema-med.com\/es\/wp-json\/wp\/v2\/pages\/15290\/revisions\/28349"}],"up":[{"embeddable":true,"href":"https:\/\/www.thema-med.com\/es\/wp-json\/wp\/v2\/pages\/7095"}],"wp:attachment":[{"href":"https:\/\/www.thema-med.com\/es\/wp-json\/wp\/v2\/media?parent=15290"}],"curies":[{"name":"wp","href":"https:\/\/api.w.org\/{rel}","templated":true}]}}