{"id":10,"date":"2016-05-19T11:11:17","date_gmt":"2016-05-19T09:11:17","guid":{"rendered":"http:\/\/www.thema-med.com\/?page_id=10"},"modified":"2022-07-26T18:11:59","modified_gmt":"2022-07-26T16:11:59","slug":"blog","status":"publish","type":"page","link":"https:\/\/www.thema-med.com\/es\/blog\/","title":{"rendered":"Blog"},"content":{"rendered":"<div class=\"fusion-fullwidth fullwidth-box fusion-builder-row-1 fusion-flex-container nonhundred-percent-fullwidth non-hundred-percent-height-scrolling\" style=\"--awb-background-position:left top;--awb-border-sizes-top:0px;--awb-border-sizes-bottom:0px;--awb-border-sizes-left:0px;--awb-border-sizes-right:0px;--awb-border-radius-top-left:0px;--awb-border-radius-top-right:0px;--awb-border-radius-bottom-right:0px;--awb-border-radius-bottom-left:0px;--awb-padding-top:0px;--awb-padding-bottom:0px;--awb-margin-bottom:20px;--awb-margin-bottom-medium:60px;--awb-margin-bottom-small:40px;--awb-flex-wrap:wrap;\" ><div class=\"fusion-builder-row fusion-row fusion-flex-align-items-flex-start fusion-flex-justify-content-center fusion-flex-content-wrap\" style=\"max-width:1144px;margin-left: calc(-4% \/ 2 );margin-right: calc(-4% \/ 2 );\"><div class=\"fusion-layout-column fusion_builder_column fusion-builder-column-0 fusion_builder_column_1_1 1_1 fusion-flex-column\" style=\"--awb-bg-size:cover;--awb-width-large:100%;--awb-margin-top-large:15px;--awb-spacing-right-large:1.92%;--awb-margin-bottom-large:15px;--awb-spacing-left-large:1.92%;--awb-width-medium:100%;--awb-order-medium:0;--awb-spacing-right-medium:1.92%;--awb-spacing-left-medium:1.92%;--awb-width-small:100%;--awb-order-small:0;--awb-spacing-right-small:1.92%;--awb-spacing-left-small:1.92%;\"><div class=\"fusion-column-wrapper fusion-column-has-shadow fusion-flex-justify-content-flex-start fusion-content-layout-column\"><div class=\"fusion-blog-shortcode fusion-blog-shortcode-1 fusion-blog-archive fusion-blog-layout-medium fusion-blog-pagination\"><div class=\"fusion-posts-container fusion-posts-container-pagination\" data-pages=\"10\"><article id=\"blog-1-post-34934\" class=\"fusion-post-medium post-34934 post type-post status-publish format-standard has-post-thumbnail hentry category-blog-es tag-eifu-es tag-iso-15223-es tag-iso-20417-es tag-mdr\">\n\t<style type=\"text\/css\">\n\t\t\n\t\t\n\t\t\n\t\t\n\t\t\t<\/style>\n\n\n\t\t\t<div class=\"fusion-flexslider flexslider fusion-flexslider-loading fusion-post-slideshow\" style=\"\">\n\t\t<ul class=\"slides\">\n\t\t\t\n\t\t\t\t\t\t\t\t\t\t\t\t\t\t<li><div  class=\"fusion-image-wrapper fusion-image-size-fixed\" aria-haspopup=\"true\">\n\t\t\t\t\t\t\t<a href=\"https:\/\/www.thema-med.com\/es\/2025\/12\/02\/la-nueva-qmsr-de-la-fda-alineada-con-iso-13485-que-cambia\/\" aria-label=\"La Nueva QMSR de la FDA Alineada con ISO 13485: \u00bfQu\u00e9 Cambia?\">\n\t\t\t\t\t\t\t<img decoding=\"async\" width=\"320\" height=\"202\" src=\"https:\/\/www.thema-med.com\/wp-content\/uploads\/2025\/12\/fda-qmsr-iso-13485-armonizacion.png-320x202.jpg\" class=\"attachment-blog-medium size-blog-medium wp-post-image\" alt=\"\" srcset=\"https:\/\/www.thema-med.com\/wp-content\/uploads\/2025\/12\/fda-qmsr-iso-13485-armonizacion.png-320x202.jpg 320w, https:\/\/www.thema-med.com\/wp-content\/uploads\/2025\/12\/fda-qmsr-iso-13485-armonizacion.png-700x441.jpg 700w\" sizes=\"(max-width: 320px) 100vw, 320px\" \/>\t\t\t<\/a>\n\t\t\t\t\t\t\t<\/div>\n<\/li>\n\t\t\t\n\t\t\t\n\t\t\t\t\t\t\t\t\t\t\t\t\t\t\t\t\t\t\t\t\t\t\t\t\t\t\t\t\t\t\t\t\t\t\t\t\t\t\t\t\t\t\t\t\t\t\t\t\t\t\t\t\t\t\t\t\t\t\t\t\t\t\t\t\t\t\t\t<\/ul>\n\t<\/div>\n\t<div class=\"fusion-post-content post-content\"><h2 class=\"blog-shortcode-post-title entry-title\"><a href=\"https:\/\/www.thema-med.com\/es\/2025\/12\/02\/la-nueva-qmsr-de-la-fda-alineada-con-iso-13485-que-cambia\/\">La Nueva QMSR de la FDA Alineada con ISO 13485: \u00bfQu\u00e9 Cambia?<\/a><\/h2><div class=\"fusion-post-content-container\"><p>La nueva Regulaci\u00f3n del Sistema de Gesti\u00f3n de Calidad (Quality Management System Regulation - QMSR) entra en vigor el 2 [...]<\/p><\/div><\/div><div class=\"fusion-clearfix\"><\/div><div class=\"fusion-meta-info\"><div class=\"fusion-alignleft\"><span class=\"vcard\" style=\"display: none;\"><span class=\"fn\"><a href=\"https:\/\/www.thema-med.com\/es\/author\/ufficiomarketing\/\" title=\"Entradas de ufficiomarketing\" rel=\"author\">ufficiomarketing<\/a><\/span><\/span><span class=\"updated\" style=\"display:none;\">2025-12-02T10:31:48+01:00<\/span><span>02\/12\/2025<\/span><span class=\"fusion-inline-sep\">|<\/span><a href=\"https:\/\/www.thema-med.com\/es\/category\/blog-es\/\" rel=\"category tag\">BLOG<\/a><span class=\"fusion-inline-sep\">|<\/span><\/div><\/div><\/article>\n<article id=\"blog-1-post-34557\" class=\"fusion-post-medium post-34557 post type-post status-publish format-standard has-post-thumbnail hentry category-blog-es tag-cumplimiento-de-etiquetado-mdr tag-documentacion-digital-de-productos-sanitarios tag-documentacion-electronica tag-eifu-es tag-eifu-electronico tag-embalaje-de-productos-sanitarios tag-etiquetado-es tag-etiquetado-electronico tag-etiquetas-de-productos-sanitarios tag-impresiones-de-productos-sanitarios tag-impresiones-de-productos-sanitarios-digitales tag-instrucciones-de-uso-ifu-de-productos-sanitarios tag-iso-15223-es tag-iso-20417-es tag-mdr-es-2 tag-reglamento-ue-2021-2226 tag-requisitos-mdr tag-simbolos-iso-15223-armonizados tag-udi-de-productos-sanitarios tag-usabilidad-de-productos-sanitarios\">\n\t<style type=\"text\/css\">\n\t\t\n\t\t\n\t\t\n\t\t\n\t\t\t<\/style>\n\n\n\t\t\t<div class=\"fusion-flexslider flexslider fusion-flexslider-loading fusion-post-slideshow\" style=\"\">\n\t\t<ul class=\"slides\">\n\t\t\t\n\t\t\t\t\t\t\t\t\t\t\t\t\t\t<li><div  class=\"fusion-image-wrapper fusion-image-size-fixed\" aria-haspopup=\"true\">\n\t\t\t\t\t\t\t<a href=\"https:\/\/www.thema-med.com\/es\/2025\/08\/06\/guia-para-las-impresiones-de-productos-sanitarios-etiquetas-ifu-y-requisitos-mdr\/\" aria-label=\"Gu\u00eda para las impresiones de productos sanitarios: etiquetas, IFU y requisitos MDR\">\n\t\t\t\t\t\t\t<img decoding=\"async\" width=\"320\" height=\"202\" src=\"https:\/\/www.thema-med.com\/wp-content\/uploads\/2025\/08\/IT-1-320x202.png\" class=\"attachment-blog-medium size-blog-medium wp-post-image\" alt=\"guida\" srcset=\"https:\/\/www.thema-med.com\/wp-content\/uploads\/2025\/08\/IT-1-320x202.png 320w, https:\/\/www.thema-med.com\/wp-content\/uploads\/2025\/08\/IT-1-700x441.png 700w\" sizes=\"(max-width: 320px) 100vw, 320px\" \/>\t\t\t<\/a>\n\t\t\t\t\t\t\t<\/div>\n<\/li>\n\t\t\t\n\t\t\t\n\t\t\t\t\t\t\t\t\t\t\t\t\t\t\t\t\t\t\t\t\t\t\t\t\t\t\t\t\t\t\t\t\t\t\t\t\t\t\t\t\t\t\t\t\t\t\t\t\t\t\t\t\t\t\t\t\t\t\t\t\t\t\t\t\t\t\t\t<\/ul>\n\t<\/div>\n\t<div class=\"fusion-post-content post-content\"><h2 class=\"blog-shortcode-post-title entry-title\"><a href=\"https:\/\/www.thema-med.com\/es\/2025\/08\/06\/guia-para-las-impresiones-de-productos-sanitarios-etiquetas-ifu-y-requisitos-mdr\/\">Gu\u00eda para las impresiones de productos sanitarios: etiquetas, IFU y requisitos MDR<\/a><\/h2><div class=\"fusion-post-content-container\"><p>Seg\u00fan los Reglamentos MDR (UE) 2017\/745, IVDR (UE) 2017\/746 e ISO 20417, el material impreso comprende toda la informaci\u00f3n, proporcionada [...]<\/p><\/div><\/div><div class=\"fusion-clearfix\"><\/div><div class=\"fusion-meta-info\"><div class=\"fusion-alignleft\"><span class=\"vcard\" style=\"display: none;\"><span class=\"fn\"><a href=\"https:\/\/www.thema-med.com\/es\/author\/ufficiomarketing\/\" title=\"Entradas de ufficiomarketing\" rel=\"author\">ufficiomarketing<\/a><\/span><\/span><span class=\"updated\" style=\"display:none;\">2025-08-20T10:54:22+02:00<\/span><span>06\/08\/2025<\/span><span class=\"fusion-inline-sep\">|<\/span><a href=\"https:\/\/www.thema-med.com\/es\/category\/blog-es\/\" rel=\"category tag\">BLOG<\/a><span class=\"fusion-inline-sep\">|<\/span><\/div><\/div><\/article>\n<article id=\"blog-1-post-34157\" class=\"fusion-post-medium post-34157 post type-post status-publish format-standard has-post-thumbnail hentry category-blog-es tag-archivo-xml-xsd tag-fsca-fsn-reino-unido tag-ley-de-dispositivos-medicos-de-2024-gb tag-mhra-es-2 tag-normas-pms-para-dispositivos-medicos-reino-unido tag-persona-responsable-en-el-reino-unido tag-pms-productos-sanitarios tag-pms-productos-sanitarios-reino-unido tag-productos-sanitarios-tras-el-brexit tag-reglamento-sobre-productos-sanitarios-gran-bretana tag-regulations-es tag-the-medical-devices-post-market-surveillance-requirements-amendment-great-britain-es tag-ukrp-es tag-vigilancia-de-productos-sanitarios-reino-unido tag-vigilancia-poscomercializacion tag-vigilancia-poscomercializacion-de-productos-sanitarios-en-gran-bretana tag-vigilancia-poscomercializacion-gb tag-vigilancia-posterior-a-la-comercializacion-en-el-reino-unido\">\n\t<style type=\"text\/css\">\n\t\t\n\t\t\n\t\t\n\t\t\n\t\t\t<\/style>\n\n\n\t\t\t<div class=\"fusion-flexslider flexslider fusion-flexslider-loading fusion-post-slideshow\" style=\"\">\n\t\t<ul class=\"slides\">\n\t\t\t\n\t\t\t\t\t\t\t\t\t\t\t\t\t\t<li><div  class=\"fusion-image-wrapper fusion-image-size-fixed\" aria-haspopup=\"true\">\n\t\t\t\t\t\t\t<a href=\"https:\/\/www.thema-med.com\/es\/2025\/06\/10\/vigilancia-poscomercializacion-de-productos-sanitarios-en-el-reino-unido-que-esta-cambiando\/\" aria-label=\"Vigilancia poscomercializaci\u00f3n de productos sanitarios en el Reino Unido: \u00bfqu\u00e9 est\u00e1 cambiando?\">\n\t\t\t\t\t\t\t<img decoding=\"async\" width=\"320\" height=\"202\" src=\"https:\/\/www.thema-med.com\/wp-content\/uploads\/2025\/06\/vigilancia-post-comercializacion-dispositivos-medicos-reino-unido-ukrp-mhra-2025-320x202.png\" class=\"attachment-blog-medium size-blog-medium wp-post-image\" alt=\"Vigilancia poscomercializaci\u00f3n de productos sanitarios en Gran Breta\u00f1a\" srcset=\"https:\/\/www.thema-med.com\/wp-content\/uploads\/2025\/06\/vigilancia-post-comercializacion-dispositivos-medicos-reino-unido-ukrp-mhra-2025-320x202.png 320w, https:\/\/www.thema-med.com\/wp-content\/uploads\/2025\/06\/vigilancia-post-comercializacion-dispositivos-medicos-reino-unido-ukrp-mhra-2025-700x441.png 700w\" sizes=\"(max-width: 320px) 100vw, 320px\" \/>\t\t\t<\/a>\n\t\t\t\t\t\t\t<\/div>\n<\/li>\n\t\t\t\n\t\t\t\n\t\t\t\t\t\t\t\t\t\t\t\t\t\t\t\t\t\t\t\t\t\t\t\t\t\t\t\t\t\t\t\t\t\t\t\t\t\t\t\t\t\t\t\t\t\t\t\t\t\t\t\t\t\t\t\t\t\t\t\t\t\t\t\t\t\t\t\t<\/ul>\n\t<\/div>\n\t<div class=\"fusion-post-content post-content\"><h2 class=\"blog-shortcode-post-title entry-title\"><a href=\"https:\/\/www.thema-med.com\/es\/2025\/06\/10\/vigilancia-poscomercializacion-de-productos-sanitarios-en-el-reino-unido-que-esta-cambiando\/\">Vigilancia poscomercializaci\u00f3n de productos sanitarios en el Reino Unido: \u00bfqu\u00e9 est\u00e1 cambiando?<\/a><\/h2><div class=\"fusion-post-content-container\"><p>La vigilancia poscomercializaci\u00f3n (PMS) de productos sanitarios en Gran Breta\u00f1a desempe\u00f1a un papel fundamental para garantizar la seguridad y el [...]<\/p><\/div><\/div><div class=\"fusion-clearfix\"><\/div><div class=\"fusion-meta-info\"><div class=\"fusion-alignleft\"><span class=\"vcard\" style=\"display: none;\"><span class=\"fn\"><a href=\"https:\/\/www.thema-med.com\/es\/author\/ufficiomarketing\/\" title=\"Entradas de ufficiomarketing\" rel=\"author\">ufficiomarketing<\/a><\/span><\/span><span class=\"updated\" style=\"display:none;\">2025-06-16T17:05:12+02:00<\/span><span>10\/06\/2025<\/span><span class=\"fusion-inline-sep\">|<\/span><a href=\"https:\/\/www.thema-med.com\/es\/category\/blog-es\/\" rel=\"category tag\">BLOG<\/a><span class=\"fusion-inline-sep\">|<\/span><\/div><\/div><\/article>\n<article id=\"blog-1-post-33935\" class=\"fusion-post-medium post-33935 post type-post status-publish format-standard has-post-thumbnail hentry category-blog-es tag-certificacion-ivdr tag-ivd-heredados tag-ivd-no-heredados tag-reglamento-ivdr tag-organismo-notificado-es tag-transicion-ivdr\">\n\t<style type=\"text\/css\">\n\t\t\n\t\t\n\t\t\n\t\t\n\t\t\t<\/style>\n\n\n\t\t\t<div class=\"fusion-flexslider flexslider fusion-flexslider-loading fusion-post-slideshow\" style=\"\">\n\t\t<ul class=\"slides\">\n\t\t\t\n\t\t\t\t\t\t\t\t\t\t\t\t\t\t<li><div  class=\"fusion-image-wrapper fusion-image-size-fixed\" aria-haspopup=\"true\">\n\t\t\t\t\t\t\t<a href=\"https:\/\/www.thema-med.com\/es\/2025\/04\/23\/plazos-ivdr-heredados-no-heredados\/\" aria-label=\"Plazos del IVDR: todas las fechas clave para los IVD heredados y no heredados\">\n\t\t\t\t\t\t\t<img decoding=\"async\" width=\"320\" height=\"202\" src=\"https:\/\/www.thema-med.com\/wp-content\/uploads\/2025\/04\/in-vitro-diagnostics-IVD-Legacy-fechas-limite-cronogramas-320x202.png\" class=\"attachment-blog-medium size-blog-medium wp-post-image\" alt=\"\" srcset=\"https:\/\/www.thema-med.com\/wp-content\/uploads\/2025\/04\/in-vitro-diagnostics-IVD-Legacy-fechas-limite-cronogramas-320x202.png 320w, https:\/\/www.thema-med.com\/wp-content\/uploads\/2025\/04\/in-vitro-diagnostics-IVD-Legacy-fechas-limite-cronogramas-700x441.png 700w\" sizes=\"(max-width: 320px) 100vw, 320px\" \/>\t\t\t<\/a>\n\t\t\t\t\t\t\t<\/div>\n<\/li>\n\t\t\t\n\t\t\t\n\t\t\t\t\t\t\t\t\t\t\t\t\t\t\t\t\t\t\t\t\t\t\t\t\t\t\t\t\t\t\t\t\t\t\t\t\t\t\t\t\t\t\t\t\t\t\t\t\t\t\t\t\t\t\t\t\t\t\t\t\t\t\t\t\t\t\t\t<\/ul>\n\t<\/div>\n\t<div class=\"fusion-post-content post-content\"><h2 class=\"blog-shortcode-post-title entry-title\"><a href=\"https:\/\/www.thema-med.com\/es\/2025\/04\/23\/plazos-ivdr-heredados-no-heredados\/\">Plazos del IVDR: todas las fechas clave para los IVD heredados y no heredados<\/a><\/h2><div class=\"fusion-post-content-container\"><p> El sector de los productos sanitarios para diagn\u00f3stico in vitro (IVD) atraviesa una desafiante fase de transici\u00f3n, marcada por [...]<\/p><\/div><\/div><div class=\"fusion-clearfix\"><\/div><div class=\"fusion-meta-info\"><div class=\"fusion-alignleft\"><span class=\"vcard\" style=\"display: none;\"><span class=\"fn\"><a href=\"https:\/\/www.thema-med.com\/es\/author\/ufficiomarketing\/\" title=\"Entradas de ufficiomarketing\" rel=\"author\">ufficiomarketing<\/a><\/span><\/span><span class=\"updated\" style=\"display:none;\">2025-06-16T17:07:50+02:00<\/span><span>23\/04\/2025<\/span><span class=\"fusion-inline-sep\">|<\/span><a href=\"https:\/\/www.thema-med.com\/es\/category\/blog-es\/\" rel=\"category tag\">BLOG<\/a><span class=\"fusion-inline-sep\">|<\/span><\/div><\/div><\/article>\n<article id=\"blog-1-post-33708\" class=\"fusion-post-medium post-33708 post type-post status-publish format-standard has-post-thumbnail hentry category-blog-es\">\n\t<style type=\"text\/css\">\n\t\t\n\t\t\n\t\t\n\t\t\n\t\t\t<\/style>\n\n\n\t\t\t<div class=\"fusion-flexslider flexslider fusion-flexslider-loading fusion-post-slideshow\" style=\"\">\n\t\t<ul class=\"slides\">\n\t\t\t\n\t\t\t\t\t\t\t\t\t\t\t\t\t\t<li><div  class=\"fusion-image-wrapper fusion-image-size-fixed\" aria-haspopup=\"true\">\n\t\t\t\t\t\t\t<a href=\"https:\/\/www.thema-med.com\/es\/2025\/03\/19\/eudamed-plazos-y-obligaciones-para-los-operadores-economicos\/\" aria-label=\"EUDAMED: plazos y obligaciones para los Operadores Econ\u00f3micos\">\n\t\t\t\t\t\t\t<img decoding=\"async\" width=\"320\" height=\"202\" src=\"https:\/\/www.thema-med.com\/wp-content\/uploads\/2025\/03\/3-1-320x202.jpg\" class=\"attachment-blog-medium size-blog-medium wp-post-image\" alt=\"\" srcset=\"https:\/\/www.thema-med.com\/wp-content\/uploads\/2025\/03\/3-1-320x202.jpg 320w, https:\/\/www.thema-med.com\/wp-content\/uploads\/2025\/03\/3-1-700x441.jpg 700w\" sizes=\"(max-width: 320px) 100vw, 320px\" \/>\t\t\t<\/a>\n\t\t\t\t\t\t\t<\/div>\n<\/li>\n\t\t\t\n\t\t\t\n\t\t\t\t\t\t\t\t\t\t\t\t\t\t\t\t\t\t\t\t\t\t\t\t\t\t\t\t\t\t\t\t\t\t\t\t\t\t\t\t\t\t\t\t\t\t\t\t\t\t\t\t\t\t\t\t\t\t\t\t\t\t\t\t\t\t\t\t<\/ul>\n\t<\/div>\n\t<div class=\"fusion-post-content post-content\"><h2 class=\"blog-shortcode-post-title entry-title\"><a href=\"https:\/\/www.thema-med.com\/es\/2025\/03\/19\/eudamed-plazos-y-obligaciones-para-los-operadores-economicos\/\">EUDAMED: plazos y obligaciones para los Operadores Econ\u00f3micos<\/a><\/h2><div class=\"fusion-post-content-container\"><p>EUDAMED es la base de datos desarrollada por la Comisi\u00f3n Europea para centralizar y hacer f\u00e1cilmente accesible la informaci\u00f3n sobre [...]<\/p><\/div><\/div><div class=\"fusion-clearfix\"><\/div><div class=\"fusion-meta-info\"><div class=\"fusion-alignleft\"><span class=\"vcard\" style=\"display: none;\"><span class=\"fn\"><a href=\"https:\/\/www.thema-med.com\/es\/author\/ufficiomarketing\/\" title=\"Entradas de ufficiomarketing\" rel=\"author\">ufficiomarketing<\/a><\/span><\/span><span class=\"updated\" style=\"display:none;\">2025-12-23T15:58:02+01:00<\/span><span>19\/03\/2025<\/span><span class=\"fusion-inline-sep\">|<\/span><a href=\"https:\/\/www.thema-med.com\/es\/category\/blog-es\/\" rel=\"category tag\">BLOG<\/a><span class=\"fusion-inline-sep\">|<\/span><\/div><\/div><\/article>\n<article id=\"blog-1-post-33439\" class=\"fusion-post-medium post-33439 post type-post status-publish format-standard has-post-thumbnail hentry category-blog-es\">\n\t<style type=\"text\/css\">\n\t\t\n\t\t\n\t\t\n\t\t\n\t\t\t<\/style>\n\n\n\t\t\t<div class=\"fusion-flexslider flexslider fusion-flexslider-loading fusion-post-slideshow\" style=\"\">\n\t\t<ul class=\"slides\">\n\t\t\t\n\t\t\t\t\t\t\t\t\t\t\t\t\t\t<li><div  class=\"fusion-image-wrapper fusion-image-size-fixed\" aria-haspopup=\"true\">\n\t\t\t\t\t\t\t<a href=\"https:\/\/www.thema-med.com\/es\/2024\/12\/18\/rapporti-di-pms-e-psur-documenti-chiave-nella-sorveglianza-post-market\/\" aria-label=\"Informes PMS y PSUR: documentos clave en la vigilancia poscomercializaci\u00f3n\">\n\t\t\t\t\t\t\t<img decoding=\"async\" width=\"320\" height=\"202\" src=\"https:\/\/www.thema-med.com\/wp-content\/uploads\/2024\/12\/Tech-Dicembre-320x202.jpg\" class=\"attachment-blog-medium size-blog-medium wp-post-image\" alt=\"\" srcset=\"https:\/\/www.thema-med.com\/wp-content\/uploads\/2024\/12\/Tech-Dicembre-320x202.jpg 320w, https:\/\/www.thema-med.com\/wp-content\/uploads\/2024\/12\/Tech-Dicembre-700x441.jpg 700w\" sizes=\"(max-width: 320px) 100vw, 320px\" \/>\t\t\t<\/a>\n\t\t\t\t\t\t\t<\/div>\n<\/li>\n\t\t\t\n\t\t\t\n\t\t\t\t\t\t\t\t\t\t\t\t\t\t\t\t\t\t\t\t\t\t\t\t\t\t\t\t\t\t\t\t\t\t\t\t\t\t\t\t\t\t\t\t\t\t\t\t\t\t\t\t\t\t\t\t\t\t\t\t\t\t\t\t\t\t\t\t<\/ul>\n\t<\/div>\n\t<div class=\"fusion-post-content post-content\"><h2 class=\"blog-shortcode-post-title entry-title\"><a href=\"https:\/\/www.thema-med.com\/es\/2024\/12\/18\/rapporti-di-pms-e-psur-documenti-chiave-nella-sorveglianza-post-market\/\">Informes PMS y PSUR: documentos clave en la vigilancia poscomercializaci\u00f3n<\/a><\/h2><div class=\"fusion-post-content-container\"><p>Los informes de vigilancia poscomercializaci\u00f3n (PMS Reports) y los informes peri\u00f3dicos actualizados en materia de seguridad (PSUR) desempe\u00f1an un papel [...]<\/p><\/div><\/div><div class=\"fusion-clearfix\"><\/div><div class=\"fusion-meta-info\"><div class=\"fusion-alignleft\"><span class=\"vcard\" style=\"display: none;\"><span class=\"fn\"><a href=\"https:\/\/www.thema-med.com\/es\/author\/ufficiomarketing\/\" title=\"Entradas de ufficiomarketing\" rel=\"author\">ufficiomarketing<\/a><\/span><\/span><span class=\"updated\" style=\"display:none;\">2025-08-18T15:33:39+02:00<\/span><span>18\/12\/2024<\/span><span class=\"fusion-inline-sep\">|<\/span><a href=\"https:\/\/www.thema-med.com\/es\/category\/blog-es\/\" rel=\"category tag\">BLOG<\/a><span class=\"fusion-inline-sep\">|<\/span><\/div><\/div><\/article>\n<\/div><div class=\"pagination clearfix\"><span class=\"current\">1<\/span><a href=\"https:\/\/www.thema-med.com\/es\/wp-json\/wp\/v2\/pages\/10\/page\/2\/\" class=\"inactive\">2<\/a><a class=\"pagination-next\" rel=\"next\" href=\"https:\/\/www.thema-med.com\/es\/wp-json\/wp\/v2\/pages\/10\/page\/2\/\"><span class=\"page-text\">Siguiente<\/span><span class=\"page-next\"><\/span><\/a><\/div><div class=\"fusion-clearfix\"><\/div><\/div><\/div><\/div><\/div><\/div>\n","protected":false},"excerpt":{"rendered":"","protected":false},"author":1,"featured_media":0,"parent":0,"menu_order":0,"comment_status":"closed","ping_status":"closed","template":"","meta":{"_acf_changed":false,"_monsterinsights_skip_tracking":false,"_monsterinsights_sitenote_active":false,"_monsterinsights_sitenote_note":"","_monsterinsights_sitenote_category":0,"footnotes":""},"class_list":["post-10","page","type-page","status-publish","hentry"],"acf":[],"yoast_head":"<!-- This site is optimized with the Yoast SEO plugin v26.0 - https:\/\/yoast.com\/wordpress\/plugins\/seo\/ -->\n<title>Blog - Thema - Medical Regulatory Consultancy<\/title>\n<meta name=\"robots\" content=\"index, follow, max-snippet:-1, max-image-preview:large, max-video-preview:-1\" \/>\n<link rel=\"canonical\" href=\"https:\/\/www.thema-med.com\/es\/blog\/\" \/>\n<meta property=\"og:locale\" content=\"es_ES\" \/>\n<meta property=\"og:type\" content=\"article\" \/>\n<meta property=\"og:title\" content=\"Blog - Thema - Medical Regulatory Consultancy\" \/>\n<meta property=\"og:url\" content=\"https:\/\/www.thema-med.com\/es\/blog\/\" \/>\n<meta property=\"og:site_name\" content=\"Thema - Medical Regulatory Consultancy\" \/>\n<meta property=\"article:modified_time\" content=\"2022-07-26T16:11:59+00:00\" \/>\n<meta name=\"twitter:card\" content=\"summary_large_image\" \/>\n<script type=\"application\/ld+json\" class=\"yoast-schema-graph\">{\"@context\":\"https:\/\/schema.org\",\"@graph\":[{\"@type\":\"WebPage\",\"@id\":\"https:\/\/www.thema-med.com\/es\/blog\/\",\"url\":\"https:\/\/www.thema-med.com\/es\/blog\/\",\"name\":\"Blog - Thema - Medical Regulatory Consultancy\",\"isPartOf\":{\"@id\":\"https:\/\/www.thema-med.com\/es\/#website\"},\"datePublished\":\"2016-05-19T09:11:17+00:00\",\"dateModified\":\"2022-07-26T16:11:59+00:00\",\"breadcrumb\":{\"@id\":\"https:\/\/www.thema-med.com\/es\/blog\/#breadcrumb\"},\"inLanguage\":\"es\",\"potentialAction\":[{\"@type\":\"ReadAction\",\"target\":[\"https:\/\/www.thema-med.com\/es\/blog\/\"]}]},{\"@type\":\"BreadcrumbList\",\"@id\":\"https:\/\/www.thema-med.com\/es\/blog\/#breadcrumb\",\"itemListElement\":[{\"@type\":\"ListItem\",\"position\":1,\"name\":\"Home\",\"item\":\"https:\/\/www.thema-med.com\/es\/\"},{\"@type\":\"ListItem\",\"position\":2,\"name\":\"Blog\"}]},{\"@type\":\"WebSite\",\"@id\":\"https:\/\/www.thema-med.com\/es\/#website\",\"url\":\"https:\/\/www.thema-med.com\/es\/\",\"name\":\"Thema - Medical Regulatory Consultancy\",\"description\":\"Quality and Regulatory Affairs for Medical Devices\",\"publisher\":{\"@id\":\"https:\/\/www.thema-med.com\/es\/#organization\"},\"potentialAction\":[{\"@type\":\"SearchAction\",\"target\":{\"@type\":\"EntryPoint\",\"urlTemplate\":\"https:\/\/www.thema-med.com\/es\/?s={search_term_string}\"},\"query-input\":{\"@type\":\"PropertyValueSpecification\",\"valueRequired\":true,\"valueName\":\"search_term_string\"}}],\"inLanguage\":\"es\"},{\"@type\":[\"Organization\",\"Place\"],\"@id\":\"https:\/\/www.thema-med.com\/es\/#organization\",\"name\":\"Thema\",\"alternateName\":\"Thema\",\"url\":\"https:\/\/www.thema-med.com\/es\/\",\"logo\":{\"@type\":\"ImageObject\",\"inLanguage\":\"es\",\"@id\":\"https:\/\/www.thema-med.com\/es\/#\/schema\/logo\/image\/\",\"url\":\"https:\/\/www.thema-med.com\/wp-content\/uploads\/2022\/11\/logo-Themasrl-COLOR-hires-2440.png\",\"contentUrl\":\"https:\/\/www.thema-med.com\/wp-content\/uploads\/2022\/11\/logo-Themasrl-COLOR-hires-2440.png\",\"width\":2440,\"height\":2851,\"caption\":\"Thema\"},\"image\":{\"@id\":\"https:\/\/www.thema-med.com\/es\/#\/schema\/logo\/image\/\"},\"sameAs\":[\"https:\/\/www.linkedin.com\/company\/thema-s-r-l-\/\"],\"mainEntityOfPage\":{\"@id\":\"https:\/\/www.thema-med.com\/es\/blog\/\"}}]}<\/script>\n<!-- \/ Yoast SEO plugin. -->","yoast_head_json":{"title":"Blog - Thema - Medical Regulatory Consultancy","robots":{"index":"index","follow":"follow","max-snippet":"max-snippet:-1","max-image-preview":"max-image-preview:large","max-video-preview":"max-video-preview:-1"},"canonical":"https:\/\/www.thema-med.com\/es\/blog\/","og_locale":"es_ES","og_type":"article","og_title":"Blog - Thema - Medical Regulatory Consultancy","og_url":"https:\/\/www.thema-med.com\/es\/blog\/","og_site_name":"Thema - Medical Regulatory Consultancy","article_modified_time":"2022-07-26T16:11:59+00:00","twitter_card":"summary_large_image","schema":{"@context":"https:\/\/schema.org","@graph":[{"@type":"WebPage","@id":"https:\/\/www.thema-med.com\/es\/blog\/","url":"https:\/\/www.thema-med.com\/es\/blog\/","name":"Blog - Thema - Medical Regulatory Consultancy","isPartOf":{"@id":"https:\/\/www.thema-med.com\/es\/#website"},"datePublished":"2016-05-19T09:11:17+00:00","dateModified":"2022-07-26T16:11:59+00:00","breadcrumb":{"@id":"https:\/\/www.thema-med.com\/es\/blog\/#breadcrumb"},"inLanguage":"es","potentialAction":[{"@type":"ReadAction","target":["https:\/\/www.thema-med.com\/es\/blog\/"]}]},{"@type":"BreadcrumbList","@id":"https:\/\/www.thema-med.com\/es\/blog\/#breadcrumb","itemListElement":[{"@type":"ListItem","position":1,"name":"Home","item":"https:\/\/www.thema-med.com\/es\/"},{"@type":"ListItem","position":2,"name":"Blog"}]},{"@type":"WebSite","@id":"https:\/\/www.thema-med.com\/es\/#website","url":"https:\/\/www.thema-med.com\/es\/","name":"Thema - Medical Regulatory Consultancy","description":"Quality and Regulatory Affairs for Medical Devices","publisher":{"@id":"https:\/\/www.thema-med.com\/es\/#organization"},"potentialAction":[{"@type":"SearchAction","target":{"@type":"EntryPoint","urlTemplate":"https:\/\/www.thema-med.com\/es\/?s={search_term_string}"},"query-input":{"@type":"PropertyValueSpecification","valueRequired":true,"valueName":"search_term_string"}}],"inLanguage":"es"},{"@type":["Organization","Place"],"@id":"https:\/\/www.thema-med.com\/es\/#organization","name":"Thema","alternateName":"Thema","url":"https:\/\/www.thema-med.com\/es\/","logo":{"@type":"ImageObject","inLanguage":"es","@id":"https:\/\/www.thema-med.com\/es\/#\/schema\/logo\/image\/","url":"https:\/\/www.thema-med.com\/wp-content\/uploads\/2022\/11\/logo-Themasrl-COLOR-hires-2440.png","contentUrl":"https:\/\/www.thema-med.com\/wp-content\/uploads\/2022\/11\/logo-Themasrl-COLOR-hires-2440.png","width":2440,"height":2851,"caption":"Thema"},"image":{"@id":"https:\/\/www.thema-med.com\/es\/#\/schema\/logo\/image\/"},"sameAs":["https:\/\/www.linkedin.com\/company\/thema-s-r-l-\/"],"mainEntityOfPage":{"@id":"https:\/\/www.thema-med.com\/es\/blog\/"}}]}},"_links":{"self":[{"href":"https:\/\/www.thema-med.com\/es\/wp-json\/wp\/v2\/pages\/10","targetHints":{"allow":["GET"]}}],"collection":[{"href":"https:\/\/www.thema-med.com\/es\/wp-json\/wp\/v2\/pages"}],"about":[{"href":"https:\/\/www.thema-med.com\/es\/wp-json\/wp\/v2\/types\/page"}],"author":[{"embeddable":true,"href":"https:\/\/www.thema-med.com\/es\/wp-json\/wp\/v2\/users\/1"}],"replies":[{"embeddable":true,"href":"https:\/\/www.thema-med.com\/es\/wp-json\/wp\/v2\/comments?post=10"}],"version-history":[{"count":1,"href":"https:\/\/www.thema-med.com\/es\/wp-json\/wp\/v2\/pages\/10\/revisions"}],"predecessor-version":[{"id":22106,"href":"https:\/\/www.thema-med.com\/es\/wp-json\/wp\/v2\/pages\/10\/revisions\/22106"}],"wp:attachment":[{"href":"https:\/\/www.thema-med.com\/es\/wp-json\/wp\/v2\/media?parent=10"}],"curies":[{"name":"wp","href":"https:\/\/api.w.org\/{rel}","templated":true}]}}